{"id":110,"date":"2019-10-21T11:22:55","date_gmt":"2019-10-21T11:22:55","guid":{"rendered":"https:\/\/www.edite-de-paris.fr\/?page_id=110"},"modified":"2026-01-19T14:23:10","modified_gmt":"2026-01-19T13:23:10","slug":"comite-de-suivi","status":"publish","type":"page","link":"https:\/\/edite-de-paris.fr\/index.php\/comite-de-suivi\/","title":{"rendered":"Comit\u00e9 de suivi"},"content":{"rendered":"\n<p>En conformit\u00e9 avec l&rsquo;article 13 de l&rsquo; <strong><a href=\"https:\/\/www.legifrance.gouv.fr\/loda\/id\/JORFTEXT000032587086\/\">arr\u00eat\u00e9 du 25 mai 2016<\/a> modifi\u00e9 par l&rsquo;<a href=\"https:\/\/www.legifrance.gouv.fr\/loda\/id\/JORFTEXT000032587086\/\">arr\u00eat\u00e9 du 26 ao\u00fbt 2022<\/a>, fixant le cadre national de la formation et les modalit\u00e9s conduisant \u00e0 la d\u00e9livrance du dipl\u00f4me national de doctorat<\/strong> chaque doctorant(e) doit avoir un comit\u00e9 de suivi.<\/p>\n\n\n\n<p>Le comit\u00e9 de suivi est une structure qui permet de faire le point tout au long de la th\u00e8se avec le (la) doctorant(e), de discuter des avanc\u00e9es, des formations suivies et d\u2019exposer d\u2019\u00e9ventuelles difficult\u00e9s rencontr\u00e9es.<br><br>Toutes demandes relatives au comit\u00e9 de suivi de th\u00e8se doivent parvenir \u00e0 l&rsquo;adresse :&nbsp;<a href=\"mailto:csi@edite-de-paris.fr\">csi@edite-de-paris.fr<\/a><\/p>\n\n\n\n<h3 class=\"wp-block-heading\" id=\"Membres\"><strong>Composition du comit\u00e9 et validation par l&rsquo;ED<\/strong><\/h3>\n\n\n\n<p>La composition de ce comit\u00e9 est d\u00e9finie par le (la) directeur(trice) de th\u00e8se dans les 6 mois qui suivent l\u2019inscription, il est propos\u00e9 \u00e0 la direction de l\u2019\u00e9cole doctorale par mail \u00e0 l&rsquo;adresse :&nbsp;<a href=\"mailto:csi@edite-de-paris.fr\">csi@edite-de-paris.fr<\/a> qui le valide. Cette demande doit comporter les <strong>noms<\/strong> des membres du comit\u00e9 de suivi ainsi que leur <strong>\u00e9cole doctorale<\/strong>, leur <strong>laboratoire d&rsquo;appartenance<\/strong> et leur <strong>\u00e9quipe de recherche<\/strong>.<\/p>\n\n\n\n<p>Le CSI est constitu\u00e9 d\u2019au moins 2 personnalit\u00e9s scientifiques dont l\u2019une au moins est titulaire d&rsquo;une habilitation \u00e0 diriger des recherches. Un des membres est un sp\u00e9cialiste du domaine sans toutefois participer directement aux projets de recherche de la th\u00e8se. Ces personnalit\u00e9s scientifiques sont choisies conjointement par le doctorant ou la doctorante et l\u2019\u00e9quipe de direction de th\u00e8se. <\/p>\n\n\n\n<p> Le comit\u00e9 de suivi doit comporter :<\/p>\n\n\n\n<ul class=\"wp-block-list\">\n<li> un membre appartenant \u00e0 l\u2019\u00e9cole doctorale EDITE mais ext\u00e9rieur \u00e0 l\u2019\u00e9quipe de recherche<\/li>\n\n\n\n<li>et un membre ext\u00e9rieur \u00e0 l&rsquo;EDITE. <\/li>\n<\/ul>\n\n\n\n<p>Les membres d&rsquo;un comit\u00e9 de suivi de th\u00e8se <strong>ne peuvent pas \u00eatre d\u00e9sign\u00e9s rapporteurs<\/strong> de cette th\u00e8se au moment de la soutenance. Id\u00e9alement, la composition du CSI est stable durant toute la dur\u00e9e de la th\u00e8se, mais en cas de force majeure, elle pourra \u00eatre modifi\u00e9e (l\u2019EDITE \u00e9tant avertie du changement).<\/p>\n\n\n\n<h3 class=\"wp-block-heading\">Fonction du CSI<\/h3>\n\n\n\n<p>Le comit\u00e9 doit se r\u00e9unir au moins une fois par an avec le (la) doctorant(e), davantage si n\u00e9cessaire (la visio est possible). Le comit\u00e9 fait le point sur tous les aspects de la th\u00e8se, en particulier :&nbsp;<\/p>\n\n\n\n<ul class=\"wp-block-list\">\n<li>l&rsquo;environnement et les conditions mat\u00e9rielles : bureau, acc\u00e8s aux ressources mat\u00e9rielles, notamment aux moyens informatiques, \u00e0 la documentation &#8230;&nbsp;<\/li>\n\n\n\n<li>vie scientifique : participation \u00e0 des s\u00e9minaires et colloques, politique de publication, avancement de la th\u00e8se &#8230;&nbsp;<\/li>\n\n\n\n<li>encadrement : relations avec l&rsquo;encadrant, disponibilit\u00e9 &#8230;&nbsp;<\/li>\n\n\n\n<li>financements : prise en charge de d\u00e9placements, de s\u00e9jours \u00e0 l&rsquo;ext\u00e9rieur &#8230;&nbsp;<\/li>\n\n\n\n<li>formations suivies (qui peuvent comprendre des activit\u00e9s collectives li\u00e9es \u00e0 la th\u00e8se, des \u00e9coles d&rsquo;\u00e9t\u00e9 &#8230;)&nbsp;<\/li>\n\n\n\n<li>pr\u00e9paration de l&rsquo;avenir professionnel&nbsp;<\/li>\n<\/ul>\n\n\n\n<p>Le r\u00f4le du comit\u00e9 de suivi inclut une vigilance \u00e0 rep\u00e9rer toute forme de conflit, de discrimination, de harc\u00e8lement moral ou sexuel ou d\u2019agissement sexiste. La direction de l&rsquo;EDITE est mobilis\u00e9e pour lutter contre tout ces agissements et ind\u00e9pendamment du CSI, le doctorant ou la doctorante ne doit pas h\u00e9siter \u00e0 contacter la direction de l&rsquo;EDITE <strong>\u00e0 tout moment<\/strong> pour faire remonter des probl\u00e8mes.<\/p>\n\n\n\n<p>Apr\u00e8s chaque r\u00e9union, les membres du CSI remplissent ensemble un document avec les informations stipul\u00e9es ci-dessus dont un mod\u00e8le est fourni ci-dessous (il peut \u00eatre assez court si la th\u00e8se se d\u00e9roule bien et remplac\u00e9 par un document libre en pdf si le comit\u00e9 pr\u00e9f\u00e8re). Ensuite l\u2019un des deux membres le transmettra \u00e0 l\u2019\u00e9cole doctorale par mail \u00e0 l&rsquo;adresse :&nbsp;<a href=\"mailto:csi@edite-de-paris.fr\">csi@edite-de-paris.fr<\/a>. La r\u00e9ception et l\u2019analyse du rapport de CSI par la Direction de l\u2019EDITE conditionne l\u2019autorisation de r\u00e9inscription du doctorant ou de la doctorante \u00e0 partir de la 2e ann\u00e9e.<\/p>\n\n\n\n<h3 class=\"wp-block-heading\">R\u00e9unions du comit\u00e9 de suivi<\/h3>\n\n\n\n<p>Le (la) doctorant(e) r\u00e9dige <strong>un rapport d\u2019avancement<\/strong> (entre 5 et 10 pages) \u00e0 l\u2019intention des membres du comit\u00e9 de suivi. Le Plan Individuel de Formation (PIF) doit \u00eatre inclus dans ce rapport. Sa r\u00e9alisation sera \u00e9valu\u00e9e par le comit\u00e9. Ce rapport est envoy\u00e9 \u00e0 l\u2019\u00e9cole doctorale par mail \u00e0 l&rsquo;adresse :&nbsp;<a href=\"mailto:csi@edite-de-paris.fr\">csi@edite-de-paris.fr<\/a> par le (la) doctorant(e) et aux membres du comit\u00e9 de suivi. Il doit \u00eatre disponible une semaine au moins avant la r\u00e9union du comit\u00e9 de suivi. <\/p>\n\n\n\n<p>Les entretiens sont organis\u00e9s sous la forme de trois \u00e9tapes distinctes : pr\u00e9sentation de l&rsquo;avancement des travaux et discussions, entretien avec le (la) doctorant(e) sans la direction de th\u00e8se, entretien avec la direction de th\u00e8se sans le (la) doctorant(e).<\/p>\n\n\n\n<p>Au cours de l&rsquo;entretien avec le (la) doctorant(e), le comit\u00e9 \u00e9value les conditions de sa formation et les avanc\u00e9es de sa recherche. <\/p>\n\n\n\n<h4 class=\"wp-block-heading\" id=\"T12\">R\u00e9union pour la r\u00e9inscription en deuxi\u00e8me ann\u00e9e : <\/h4>\n\n\n\n<p>Cette premi\u00e8re r\u00e9union aura lieu imp\u00e9rativement en pr\u00e9sence de l&rsquo;encadrement. <\/p>\n\n\n\n<p>Lors de la r\u00e9union du comit\u00e9 de suivi, le (la) doctorant(e) expose son \u00e9tat d\u2019avancement et indique les perspectives et le planning pr\u00e9vu pour les 2 ann\u00e9es qui suivent. Cette pr\u00e9sentation doit durer approximativement 20 minutes. \u00c0 la suite de cette pr\u00e9sentation, une discussion s\u2019engage avec le comit\u00e9 de suivi et l\u2019encadrement. <\/p>\n\n\n\n<p>\u00c0 l\u2019issue de cette premi\u00e8re r\u00e9union, le comit\u00e9 de suivi produit un rapport (mod\u00e8le de rapport ci-dessous) indiquant son avis sur l\u2019avancement des travaux de th\u00e8se, sur l\u2019ad\u00e9quation entre le sujet de th\u00e8se le (la) doctorant(e) et l\u2019encadrement et son ressenti sur le d\u00e9roul\u00e9 de la th\u00e8se et notamment sa tenue dans la dur\u00e9e de 36 mois. Ce rapport de comit\u00e9 de suivi doit \u00eatre <strong>sign\u00e9<\/strong> par les membres du comit\u00e9. <\/p>\n\n\n\n<p>L\u2019un des deux membres transmettra ce rapport \u00e0 l\u2019\u00e9cole doctorale par mail \u00e0 l&rsquo;adresse :&nbsp;<a href=\"mailto:csi@edite-de-paris.fr\">csi@edite-de-paris.fr<\/a>. Si aucun probl\u00e8me n&rsquo;est d\u00e9tect\u00e9, l\u2019EDITE validera ce compte-rendu et l&rsquo;enverra au (\u00e0 la) doctorant(e), qui devra ensuite d\u00e9poser la version valid\u00e9e sur la plateforme ADUM pour finaliser sa demande de r\u00e9inscription.<\/p>\n\n\n\n<p><strong>Note<\/strong> : m\u00eame dans le cas o\u00f9 le d\u00e9but effectif de la th\u00e8se date de moins de 6 mois avant la r\u00e9inscription en deuxi\u00e8me ann\u00e9e, le (la) doctorant(e) devra effectuer un comit\u00e9 de suivi pour cette r\u00e9inscription mais il sera plus l\u00e9ger. Dans ce cas, le (la) doctorant(e) devra contacter l\u2019\u00e9cole doctorale par mail \u00e0 l&rsquo;adresse :&nbsp;<a href=\"mailto:csi@edite-de-paris.fr\">csi@edite-de-paris.fr<\/a> pour discuter les modalit\u00e9s de ce comit\u00e9 de suivi l\u00e9ger. <\/p>\n\n\n\n<div class=\"wp-block-file\"><a id=\"wp-block-file--media-cfd55eb6-7832-4f9d-a477-d40a89d64670\" href=\"https:\/\/edite-de-paris.fr\/wp-content\/uploads\/2026\/01\/CSI_EDITE_2e_annee.docx\">CSI_EDITE_2e_annee<\/a><a href=\"https:\/\/edite-de-paris.fr\/wp-content\/uploads\/2026\/01\/CSI_EDITE_2e_annee.docx\" class=\"wp-block-file__button wp-element-button\" download aria-describedby=\"wp-block-file--media-cfd55eb6-7832-4f9d-a477-d40a89d64670\">T\u00e9l\u00e9charger<\/a><\/div>\n\n\n\n<div class=\"wp-block-file\"><a id=\"wp-block-file--media-c132d2c0-b9af-4357-b784-7194edc0b750\" href=\"https:\/\/edite-de-paris.fr\/wp-content\/uploads\/2026\/01\/Attestation_EDITE_2e_annee.docx\">Attestation_EDITE_2e_annee<\/a><a href=\"https:\/\/edite-de-paris.fr\/wp-content\/uploads\/2026\/01\/Attestation_EDITE_2e_annee.docx\" class=\"wp-block-file__button wp-element-button\" download aria-describedby=\"wp-block-file--media-c132d2c0-b9af-4357-b784-7194edc0b750\">T\u00e9l\u00e9charger<\/a><\/div>\n\n\n\n<p><\/p>\n\n\n\n<h4 class=\"wp-block-heading\" id=\"T24\">R\u00e9union pour la r\u00e9inscription en troisi\u00e8me ann\u00e9e (ou plus) : <\/h4>\n\n\n\n<p>Cette r\u00e9union peut avoir lieu en l&rsquo;absence de l&rsquo;encadrement et le rapport d\u2019avancement n&rsquo;est pas n\u00e9cessaire.<\/p>\n\n\n\n<p>Lors de cette r\u00e9union du comit\u00e9 de suivi, le (la) doctorant(e) expose son \u00e9tat d\u2019avancement et indique les perspectives et le planning pr\u00e9vu pour l&rsquo;ann\u00e9e restante. Cette pr\u00e9sentation doit durer approximativement 20 minutes. <\/p>\n\n\n\n<p>\u00c0 l\u2019issue de cette nouvelle r\u00e9union, si le bon d\u00e9roulement de la th\u00e8se est assur\u00e9, les membres du jury envoient une attestation en ce sens \u00e0 l\u2019\u00e9cole doctorale par mail \u00e0 l&rsquo;adresse :&nbsp;<a href=\"mailto:csi@edite-de-paris.fr\">csi@edite-de-paris.fr<\/a> (voir mod\u00e8le ci-dessous). Cette attestation doit comporter un paragraphe synth\u00e9tique pr\u00e9sentant les principaux points abord\u00e9s lors de l\u2019entretien. Ce paragraphe vise \u00e0 offrir une vision globale de l\u2019avancement de la th\u00e8se, du d\u00e9roulement du projet doctoral et des perspectives pour la poursuite en troisi\u00e8me ann\u00e9e. Cette attestation doit \u00eatre <strong>sign\u00e9e<\/strong> par les membres du comit\u00e9. <br><br>En cas de difficult\u00e9s, le comit\u00e9 de suivi produit un rapport (mod\u00e8le de rapport ci-dessous) indiquant son avis sur l\u2019avancement des travaux de th\u00e8se, sur l\u2019ad\u00e9quation entre le sujet de th\u00e8se le (la) doctorant(e) et l\u2019encadrement et son ressenti sur le d\u00e9roul\u00e9 de la th\u00e8se et notamment sa tenue dans la dur\u00e9e de 36 mois. Ce rapport de comit\u00e9 de suivi doit \u00eatre <strong>sign\u00e9<\/strong> par les membres du comit\u00e9.<\/p>\n\n\n\n<p>Si aucun probl\u00e8me n&rsquo;est d\u00e9tect\u00e9, l\u2019EDITE validera ce compte-rendu ou cette attestation et l&rsquo;enverra au (\u00e0 la) doctorant(e), qui devra ensuite d\u00e9poser la version valid\u00e9e sur la plateforme ADUM pour finaliser sa demande de r\u00e9inscription.<\/p>\n\n\n\n<div class=\"wp-block-file\"><a id=\"wp-block-file--media-98e44c59-ebfe-4ddf-8148-37074539b306\" href=\"https:\/\/edite-de-paris.fr\/wp-content\/uploads\/2026\/01\/CSI_EDITE_3e_annee.docx\">CSI_EDITE_3e_annee<\/a><a href=\"https:\/\/edite-de-paris.fr\/wp-content\/uploads\/2026\/01\/CSI_EDITE_3e_annee.docx\" class=\"wp-block-file__button wp-element-button\" download aria-describedby=\"wp-block-file--media-98e44c59-ebfe-4ddf-8148-37074539b306\">T\u00e9l\u00e9charger<\/a><\/div>\n\n\n\n<div class=\"wp-block-file\"><a id=\"wp-block-file--media-476c7580-0bcc-46db-951e-0d8e4be2e945\" href=\"https:\/\/edite-de-paris.fr\/wp-content\/uploads\/2026\/01\/Attestation_EDITE_3e_annee.docx\">Attestation_EDITE_3e_annee<\/a><a href=\"https:\/\/edite-de-paris.fr\/wp-content\/uploads\/2026\/01\/Attestation_EDITE_3e_annee.docx\" class=\"wp-block-file__button wp-element-button\" download aria-describedby=\"wp-block-file--media-476c7580-0bcc-46db-951e-0d8e4be2e945\">T\u00e9l\u00e9charger<\/a><\/div>\n\n\n\n<p><\/p>\n\n\n\n<p><strong>Note :<\/strong> La proc\u00e9dure est identique pour une r\u00e9inscription en quatri\u00e8me ann\u00e9e (en utilisant les m\u00eames mod\u00e8les de document pour l&rsquo;attestation de bon d\u00e9roulement ou le rapport, mais en modifiant \u00ab\u00a03e ann\u00e9e\u00a0\u00bb par \u00ab\u00a04e ann\u00e9e\u00a0\u00bb).<\/p>\n\n\n\n<div class=\"wp-block-file\"><a id=\"wp-block-file--media-1eca5630-dea3-4048-8224-9edda39ec849\" href=\"https:\/\/edite-de-paris.fr\/wp-content\/uploads\/2026\/01\/Questionnaire_Doct_EDITE.docx\">Questionnaire_Doct_EDITE<\/a><a href=\"https:\/\/edite-de-paris.fr\/wp-content\/uploads\/2026\/01\/Questionnaire_Doct_EDITE.docx\" class=\"wp-block-file__button wp-element-button\" download aria-describedby=\"wp-block-file--media-1eca5630-dea3-4048-8224-9edda39ec849\">T\u00e9l\u00e9charger<\/a><\/div>\n\n\n\n<div class=\"wp-block-file\"><a id=\"wp-block-file--media-27293fdb-8ff0-4c6c-9ef3-38193b7150d0\" href=\"https:\/\/edite-de-paris.fr\/wp-content\/uploads\/2026\/01\/Questionnaire_DT_EDITE.docx\">Questionnaire_DT_EDITE<\/a><a href=\"https:\/\/edite-de-paris.fr\/wp-content\/uploads\/2026\/01\/Questionnaire_DT_EDITE.docx\" class=\"wp-block-file__button wp-element-button\" download aria-describedby=\"wp-block-file--media-27293fdb-8ff0-4c6c-9ef3-38193b7150d0\">T\u00e9l\u00e9charger<\/a><\/div>\n\n\n\n<h4 class=\"wp-block-heading\"><br><br>R\u00e9union exceptionnelle du comit\u00e9 de suivi de th\u00e8se :<br><\/h4>\n\n\n\n<p>A tout moment de l\u2019ann\u00e9e, le comit\u00e9 de suivi peut \u00eatre r\u00e9uni si le besoin s\u2019en fait sentir :<\/p>\n\n\n\n<ul class=\"wp-block-list\">\n<li>\u00e0 l\u2019initiative du doctorant ou de la doctorante ;<\/li>\n\n\n\n<li>\u00e0 l\u2019initiative du directeur ou de la directrice de la th\u00e8se.<\/li>\n<\/ul>\n\n\n\n<p>La forme de la r\u00e9union est alors libre, la personne qui la sollicite en d\u00e9cide (pas d\u2019obligation de respecter les 3 temps). La r\u00e9daction d\u2019un rapport reste obligatoire ainsi que sa transmission \u00e0 l\u2019EDITE.<\/p>\n","protected":false},"excerpt":{"rendered":"<p>En conformit\u00e9 avec l&rsquo;article 13 de l&rsquo; arr\u00eat\u00e9 du 25 mai 2016 modifi\u00e9 par l&rsquo;arr\u00eat\u00e9 du 26 ao\u00fbt 2022, fixant le cadre national de la formation et les modalit\u00e9s conduisant \u00e0 la d\u00e9livrance du dipl\u00f4me national de doctorat chaque doctorant(e) doit avoir un comit\u00e9 de suivi. Le comit\u00e9 de suivi est une structure qui permet [&hellip;]<\/p>\n","protected":false},"author":1,"featured_media":0,"parent":0,"menu_order":0,"comment_status":"closed","ping_status":"closed","template":"","meta":{"footnotes":""},"class_list":["post-110","page","type-page","status-publish","hentry"],"_links":{"self":[{"href":"https:\/\/edite-de-paris.fr\/index.php\/wp-json\/wp\/v2\/pages\/110","targetHints":{"allow":["GET"]}}],"collection":[{"href":"https:\/\/edite-de-paris.fr\/index.php\/wp-json\/wp\/v2\/pages"}],"about":[{"href":"https:\/\/edite-de-paris.fr\/index.php\/wp-json\/wp\/v2\/types\/page"}],"author":[{"embeddable":true,"href":"https:\/\/edite-de-paris.fr\/index.php\/wp-json\/wp\/v2\/users\/1"}],"replies":[{"embeddable":true,"href":"https:\/\/edite-de-paris.fr\/index.php\/wp-json\/wp\/v2\/comments?post=110"}],"version-history":[{"count":4,"href":"https:\/\/edite-de-paris.fr\/index.php\/wp-json\/wp\/v2\/pages\/110\/revisions"}],"predecessor-version":[{"id":4099,"href":"https:\/\/edite-de-paris.fr\/index.php\/wp-json\/wp\/v2\/pages\/110\/revisions\/4099"}],"wp:attachment":[{"href":"https:\/\/edite-de-paris.fr\/index.php\/wp-json\/wp\/v2\/media?parent=110"}],"curies":[{"name":"wp","href":"https:\/\/api.w.org\/{rel}","templated":true}]}}