{"id":149,"date":"2019-10-31T11:58:24","date_gmt":"2019-10-31T11:58:24","guid":{"rendered":"https:\/\/www.edite-de-paris.fr\/?page_id=149"},"modified":"2019-10-31T11:58:24","modified_gmt":"2019-10-31T11:58:24","slug":"conseil-de-ledite","status":"publish","type":"page","link":"https:\/\/edite-de-paris.fr\/index.php\/conseil-de-ledite\/","title":{"rendered":"Conseil de l&rsquo;EDITE"},"content":{"rendered":"\n<p>Le conseil de l\u2019EDITE est une cons\u00e9quence de l\u2019article 9  de l&rsquo; Arr\u00eat\u00e9 du&nbsp;25 mai 2016&nbsp;fixant le cadre national de la formation et les modalit\u00e9s conduisant \u00e0 la d\u00e9livrance du dipl\u00f4me national de doctorat&nbsp;&nbsp;:<\/p>\n\n\n\n<p>Le conseil de l&rsquo;\u00e9cole doctorale adopte le programme d&rsquo;actions de l&rsquo;\u00e9cole doctorale. Il g\u00e8re, par ses d\u00e9lib\u00e9rations, les affaires qui rel\u00e8vent de l&rsquo;\u00e9cole doctorale.<br>Le conseil comprend de douze \u00e0 vingt-six membres. Soixante pour cent de ses membres sont des repr\u00e9sentants des \u00e9tablissements, des unit\u00e9s ou \u00e9quipes de recherche concern\u00e9es, dont au moins deux repr\u00e9sentants des personnels ing\u00e9nieurs, administratifs ou techniciens.<br>Il est compl\u00e9t\u00e9, \u00e0 hauteur de 20 % du total des membres du conseil, arrondi s&rsquo;il y a lieu \u00e0 l&rsquo;unit\u00e9 inf\u00e9rieure, par des doctorants \u00e9lus parmi et par les doctorants inscrits \u00e0 l&rsquo;\u00e9cole doctorale ; et pour le reste, sur proposition des membres \u00e9lus du conseil de l&rsquo;\u00e9cole doctorale, par des membres ext\u00e9rieurs \u00e0 l&rsquo;\u00e9cole doctorale choisis parmi les personnalit\u00e9s qualifi\u00e9es, dans les domaines scientifiques et dans les secteurs socio-\u00e9conomiques concern\u00e9s.<br>Sa composition doit permettre une repr\u00e9sentation \u00e9quilibr\u00e9e des femmes et des hommes. Les r\u00e8gles relatives \u00e0 l&rsquo;\u00e9lection et \u00e0 la nomination des membres du conseil sont d\u00e9finies suivant des modalit\u00e9s adopt\u00e9es par le conseil d&rsquo;administration de l&rsquo;\u00e9tablissement ou des \u00e9tablissements concern\u00e9s par l&rsquo;accr\u00e9ditation<\/p>\n\n\n\n<p>Le conseil de l\u2019EDITE est form\u00e9 de 18 membres qui sont&nbsp;:<\/p>\n\n\n\n<ul class=\"wp-block-list\">\n<li>11 repr\u00e9sentants des \u00e9tablissements, unit\u00e9s ou \u00e9quipes de recherche\u00a0:\n<ul class=\"wp-block-list\">\n<li>Christophe Cambier IRD UMMISCO<\/li>\n\n\n\n<li>St\u00e9phane Doncieux ISIR<\/li>\n\n\n\n<li>Thierry G\u00e9raud LRE <\/li>\n\n\n\n<li>Jean-Louis Giavitto STMS<\/li>\n\n\n\n<li>Fabrice Kordon LIP6<\/li>\n\n\n\n<li>Alden Ksentini EURECOM<\/li>\n\n\n\n<li>Vanda Luengo LIP6<\/li>\n\n\n\n<li>Themis Palpanas LIPADE<\/li>\n\n\n\n<li>Julien Sarrazin GEEPS<\/li>\n\n\n\n<li>Jean-Pierre Tillich Inria de Paris<\/li>\n\n\n\n<li>Lionel Trojman LISITE ISEP<\/li>\n<\/ul>\n<\/li>\n\n\n\n<li>1 repr\u00e9sentante des personnels IATOS&nbsp;:\n<ul class=\"wp-block-list\">\n<li>Samiha TABA \/ K\u00e9lian Maison SU <\/li>\n<\/ul>\n<\/li>\n\n\n\n<li>3 personnalit\u00e9s ext\u00e9rieures socio-\u00e9conomique&nbsp;:\n<ul class=\"wp-block-list\">\n<li>Mamadou Mboup ANR<\/li>\n\n\n\n<li>Jennyfer Leconte Digital <\/li>\n\n\n\n<li>Pascal Giat  ANRT <\/li>\n<\/ul>\n<\/li>\n\n\n\n<li>3 repr\u00e9sentants des doctorants :\n<ul class=\"wp-block-list\">\n<li>Nikita Lagrange LPC Curie<\/li>\n\n\n\n<li>Vincenzo Marciano EURECOM<\/li>\n\n\n\n<li>Ahmed Alharbi LIP6<\/li>\n<\/ul>\n<\/li>\n<\/ul>\n\n\n\n<p><\/p>\n","protected":false},"excerpt":{"rendered":"<p>Le conseil de l\u2019EDITE est une cons\u00e9quence de l\u2019article 9 de l&rsquo; Arr\u00eat\u00e9 du&nbsp;25 mai 2016&nbsp;fixant le cadre national de la formation et les modalit\u00e9s conduisant \u00e0 la d\u00e9livrance du dipl\u00f4me national de doctorat&nbsp;&nbsp;: Le conseil de l&rsquo;\u00e9cole doctorale adopte le programme d&rsquo;actions de l&rsquo;\u00e9cole doctorale. Il g\u00e8re, par ses d\u00e9lib\u00e9rations, les affaires qui rel\u00e8vent [&hellip;]<\/p>\n","protected":false},"author":1,"featured_media":0,"parent":0,"menu_order":0,"comment_status":"closed","ping_status":"closed","template":"","meta":{"footnotes":""},"class_list":["post-149","page","type-page","status-publish","hentry"],"_links":{"self":[{"href":"https:\/\/edite-de-paris.fr\/index.php\/wp-json\/wp\/v2\/pages\/149","targetHints":{"allow":["GET"]}}],"collection":[{"href":"https:\/\/edite-de-paris.fr\/index.php\/wp-json\/wp\/v2\/pages"}],"about":[{"href":"https:\/\/edite-de-paris.fr\/index.php\/wp-json\/wp\/v2\/types\/page"}],"author":[{"embeddable":true,"href":"https:\/\/edite-de-paris.fr\/index.php\/wp-json\/wp\/v2\/users\/1"}],"replies":[{"embeddable":true,"href":"https:\/\/edite-de-paris.fr\/index.php\/wp-json\/wp\/v2\/comments?post=149"}],"version-history":[{"count":0,"href":"https:\/\/edite-de-paris.fr\/index.php\/wp-json\/wp\/v2\/pages\/149\/revisions"}],"wp:attachment":[{"href":"https:\/\/edite-de-paris.fr\/index.php\/wp-json\/wp\/v2\/media?parent=149"}],"curies":[{"name":"wp","href":"https:\/\/api.w.org\/{rel}","templated":true}]}}