{"id":1552,"date":"2021-05-19T16:39:02","date_gmt":"2021-05-19T16:39:02","guid":{"rendered":"https:\/\/www.edite-de-paris.fr\/?page_id=1552"},"modified":"2026-03-03T18:23:14","modified_gmt":"2026-03-03T17:23:14","slug":"inscription-dun-permanent-dun-des-laboratoires-de-led","status":"publish","type":"page","link":"https:\/\/edite-de-paris.fr\/index.php\/inscription-dun-permanent-dun-des-laboratoires-de-led\/","title":{"rendered":"Inscription d&rsquo;un permanent d&rsquo;un des laboratoires de l&rsquo;ED"},"content":{"rendered":"\n<p>Pour ajouter un.e encadrant.e (HDR ou non), la direction du laboratoire doit envoyer un email \u00e0 la direction de l&rsquo;EDITE (direction@edite-de-paris.fr) en pr\u00e9cisant les informations suivantes :<\/p>\n\n\n\n<p>&#8211; N\u00b0 ADUM si le chercheur est d\u00e9j\u00e0 enregistr\u00e9 sur ADUM<br>Sinon, fournir :<\/p>\n\n\n\n<p>-Nom :<br>-Pr\u00e9nom :<br>-Adresse e-mail :<br>-HDR : oui ou non<br><\/p>\n\n\n\n<p>Une fois l&rsquo;encadrant.e ajout\u00e9.e, il ou elle recevra un email l&rsquo;invitant \u00e0 v\u00e9rifier les informations de son profil et \u00e0 les compl\u00e9ter si n\u00e9cessaire.<\/p>\n\n\n\n<p><\/p>\n\n\n\n<h4 class=\"wp-block-heading\"><\/h4>\n","protected":false},"excerpt":{"rendered":"<p>Pour ajouter un.e encadrant.e (HDR ou non), la direction du laboratoire doit envoyer un email \u00e0 la direction de l&rsquo;EDITE (direction@edite-de-paris.fr) en pr\u00e9cisant les informations suivantes : &#8211; N\u00b0 ADUM si le chercheur est d\u00e9j\u00e0 enregistr\u00e9 sur ADUMSinon, fournir : -Nom :-Pr\u00e9nom :-Adresse e-mail :-HDR : oui ou non Une fois l&rsquo;encadrant.e ajout\u00e9.e, il ou [&hellip;]<\/p>\n","protected":false},"author":1,"featured_media":0,"parent":0,"menu_order":0,"comment_status":"closed","ping_status":"closed","template":"","meta":{"footnotes":""},"class_list":["post-1552","page","type-page","status-publish","hentry"],"_links":{"self":[{"href":"https:\/\/edite-de-paris.fr\/index.php\/wp-json\/wp\/v2\/pages\/1552","targetHints":{"allow":["GET"]}}],"collection":[{"href":"https:\/\/edite-de-paris.fr\/index.php\/wp-json\/wp\/v2\/pages"}],"about":[{"href":"https:\/\/edite-de-paris.fr\/index.php\/wp-json\/wp\/v2\/types\/page"}],"author":[{"embeddable":true,"href":"https:\/\/edite-de-paris.fr\/index.php\/wp-json\/wp\/v2\/users\/1"}],"replies":[{"embeddable":true,"href":"https:\/\/edite-de-paris.fr\/index.php\/wp-json\/wp\/v2\/comments?post=1552"}],"version-history":[{"count":1,"href":"https:\/\/edite-de-paris.fr\/index.php\/wp-json\/wp\/v2\/pages\/1552\/revisions"}],"predecessor-version":[{"id":4363,"href":"https:\/\/edite-de-paris.fr\/index.php\/wp-json\/wp\/v2\/pages\/1552\/revisions\/4363"}],"wp:attachment":[{"href":"https:\/\/edite-de-paris.fr\/index.php\/wp-json\/wp\/v2\/media?parent=1552"}],"curies":[{"name":"wp","href":"https:\/\/api.w.org\/{rel}","templated":true}]}}