{"id":170,"date":"2019-10-31T13:07:20","date_gmt":"2019-10-31T13:07:20","guid":{"rendered":"https:\/\/www.edite-de-paris.fr\/?page_id=170"},"modified":"2026-03-24T19:40:01","modified_gmt":"2026-03-24T18:40:01","slug":"procedures-dinscription-upmc","status":"publish","type":"page","link":"https:\/\/edite-de-paris.fr\/index.php\/procedures-dinscription-upmc\/","title":{"rendered":"Proc\u00e9dures d&rsquo;inscription SU"},"content":{"rendered":"\n<p><strong>Dates d&rsquo;ouverture\/cl\u00f4ture des inscription<\/strong>s :<\/p>\n\n\n\n<p>Fermeture des inscriptions et r\u00e9inscriptions le 17 avril. Les doctorantes et doctorants n\u2019ayant pas entam\u00e9 ou finalis\u00e9 la saisie de leur demande d\u2019inscription \u00e0 cette date ne pourront pas s\u2019inscrire en 2025-2026.<\/p>\n\n\n\n<ol class=\"wp-block-list\">\n<li>l\u2019<a href=\"https:\/\/edite-de-paris.fr\/?page_id=172\">inscription en 1re ann\u00e9e<\/a><\/li>\n\n\n\n<li>les&nbsp;<a href=\"https:\/\/edite-de-paris.fr\/?page_id=384\">r\u00e9-inscriptions en 2\u00e8me et 3\u00e8me ann\u00e9e<\/a>\n<ul class=\"wp-block-list\">\n<li>Attention pour toute r\u00e9inscription, un comit\u00e9 de suivi doit avoir \u00e9t\u00e9 pr\u00e9alablement r\u00e9alis\u00e9 et envoy\u00e9 \u00e0 l&rsquo;EDITE (<a href=\"mailto:csi@edite-de-paris.fr\">csi@edite-de-paris.fr<\/a>), voir la page d\u00e9di\u00e9e <a href=\"https:\/\/edite-de-paris.fr\/index.php\/comite-de-suivi\/\">ici<\/a><\/li>\n<\/ul>\n<\/li>\n\n\n\n<li>les&nbsp;<a href=\"https:\/\/edite-de-paris.fr\/?page_id=259\">r\u00e9-inscriptions en 4\u00e8me ann\u00e9e<\/a><\/li>\n\n\n\n<li>Les&nbsp;<a href=\"https:\/\/www.sorbonne-universite.fr\/recherche-et-innovation\/le-doctorat\/demarches-administratives\/inscriptions-reinscriptions-en\">th\u00e8ses en co-tutelle<\/a><\/li>\n<\/ol>\n\n\n\n<ul class=\"wp-block-list\">\n<li>Le dossier d&rsquo;inscription en 1\u00e8re ann\u00e9e des th\u00e8ses en co-tutelles est identique \u00e0 celui demand\u00e9 pour les th\u00e8ses \u00ab\u00a0classiques\u00a0\u00bb <\/li>\n\n\n\n<li>les th\u00e8ses en co-tutelles sont g\u00e9r\u00e9es par la DIADM \u2013 Coll\u00e8ge doctoral :<\/li>\n<\/ul>\n\n\n\n<figure class=\"wp-block-table\"><table><tbody><tr><td><strong>Patricia Zizzo<\/strong><br>Coordinatrice des th\u00e8ses en cotutelle Sciences \u2013 Ing\u00e9nierie \u2013 Sant\u00e9 (SIS)<br>Sorbonne Universit\u00e9<br>DIADM \u2013 Coll\u00e8ge doctoral<br>(D\u00e9partement Inscriptions Accompagnement Dipl\u00f4mes)<br>Les Cordeliers &#8211; Escalier G &#8211; 2\u00e8me \u00e9tage<br>15, rue de l\u2019\u00c9cole de m\u00e9decine &#8211; 75006 Paris<br>01 44 27 47 44<br><a href=\"mailto:patricia.zizzo@sorbonne-universite.fr\" target=\"_blank\" rel=\"noreferrer noopener\">patricia.zizzo@sorbonne-universite.fr<\/a><br>Accueil du public uniquement sur rendez-vous<br>Absente les vendredis apr\u00e8s-midi<\/td><\/tr><\/tbody><\/table><\/figure>\n\n\n\n<p><\/p>\n","protected":false},"excerpt":{"rendered":"<p>Dates d&rsquo;ouverture\/cl\u00f4ture des inscriptions : Fermeture des inscriptions et r\u00e9inscriptions le 17 avril. Les doctorantes et doctorants n\u2019ayant pas entam\u00e9 ou finalis\u00e9 la saisie de leur demande d\u2019inscription \u00e0 cette date ne pourront pas s\u2019inscrire en 2025-2026. Patricia ZizzoCoordinatrice des th\u00e8ses en cotutelle Sciences \u2013 Ing\u00e9nierie \u2013 Sant\u00e9 (SIS)Sorbonne Universit\u00e9DIADM \u2013 Coll\u00e8ge doctoral(D\u00e9partement Inscriptions Accompagnement [&hellip;]<\/p>\n","protected":false},"author":1,"featured_media":0,"parent":0,"menu_order":0,"comment_status":"closed","ping_status":"closed","template":"","meta":{"footnotes":""},"class_list":["post-170","page","type-page","status-publish","hentry"],"_links":{"self":[{"href":"https:\/\/edite-de-paris.fr\/index.php\/wp-json\/wp\/v2\/pages\/170","targetHints":{"allow":["GET"]}}],"collection":[{"href":"https:\/\/edite-de-paris.fr\/index.php\/wp-json\/wp\/v2\/pages"}],"about":[{"href":"https:\/\/edite-de-paris.fr\/index.php\/wp-json\/wp\/v2\/types\/page"}],"author":[{"embeddable":true,"href":"https:\/\/edite-de-paris.fr\/index.php\/wp-json\/wp\/v2\/users\/1"}],"replies":[{"embeddable":true,"href":"https:\/\/edite-de-paris.fr\/index.php\/wp-json\/wp\/v2\/comments?post=170"}],"version-history":[{"count":4,"href":"https:\/\/edite-de-paris.fr\/index.php\/wp-json\/wp\/v2\/pages\/170\/revisions"}],"predecessor-version":[{"id":4369,"href":"https:\/\/edite-de-paris.fr\/index.php\/wp-json\/wp\/v2\/pages\/170\/revisions\/4369"}],"wp:attachment":[{"href":"https:\/\/edite-de-paris.fr\/index.php\/wp-json\/wp\/v2\/media?parent=170"}],"curies":[{"name":"wp","href":"https:\/\/api.w.org\/{rel}","templated":true}]}}