{"id":172,"date":"2020-09-14T13:13:00","date_gmt":"2020-09-14T13:13:00","guid":{"rendered":"https:\/\/www.edite-de-paris.fr\/?page_id=172"},"modified":"2026-01-21T11:36:06","modified_gmt":"2026-01-21T10:36:06","slug":"sorbonne-universite-inscription-premiere-annee","status":"publish","type":"page","link":"https:\/\/edite-de-paris.fr\/index.php\/sorbonne-universite-inscription-premiere-annee\/","title":{"rendered":"Inscription en premi\u00e8re ann\u00e9e des doctorants de Sorbonne Universit\u00e9"},"content":{"rendered":"\n<h3 class=\"wp-block-heading\"><strong>Dates d&rsquo;ouverture\/cl\u00f4ture des inscription<\/strong>s :<\/h3>\n\n\n\n<p class=\"has-text-align-left\">Les inscriptions en premi\u00e8re ann\u00e9e de th\u00e8se se font au fil de l\u2019eau.<\/p>\n\n\n\n<h3 class=\"wp-block-heading\">Sp\u00e9cialit\u00e9s de notre \u00e9cole doctorale :<\/h3>\n\n\n\n<div class=\"wp-block-columns is-layout-flex wp-container-core-columns-is-layout-9d6595d7 wp-block-columns-is-layout-flex\">\n<div class=\"wp-block-column is-layout-flow wp-block-column-is-layout-flow\" style=\"flex-basis:100%\">\n<ul class=\"wp-block-list\">\n<li>Sciences et technologies de l&rsquo;information et de la communication <\/li>\n\n\n\n<li>Sciences de l&rsquo;ing\u00e9nieur<\/li>\n<\/ul>\n<\/div>\n<\/div>\n\n\n\n<h3 class=\"wp-block-heading\">Contacts: <\/h3>\n\n\n\n<figure class=\"wp-block-table is-style-stripes\"><table class=\"has-background\" style=\"background-color:#e7f5fe\"><tbody><tr><td>Contact p\u00e9dagogique (\u00e9cole doctorale) :&nbsp;&nbsp;<\/td><td><a href=\"mailto:accueil1@edite-de-paris.fr\">accueil1@edite-de-paris.fr<\/a> ou <a href=\"mailto:accueil2@edite-de-paris.fr\">accueil2@edite-de-paris.fr<\/a><\/td><\/tr><tr><td>Contact administratif :<\/td><td><a href=\"mailto:scolarite.doctorat@sorbonne-universite.fr\">scolarite.doctorat@sorbonne-universite.fr<\/a><\/td><\/tr><tr><td>Assistance ADUM :&nbsp;<\/td><td><a href=\"mailto:webmaster@adum.fr\">webmaster@adum.fr<\/a><\/td><\/tr><tr><td>Assistance CVEC :&nbsp;<\/td><td><a href=\"https:\/\/www.messervices.etudiant.gouv.fr\/envole\/message\/new\">Formulaire d\u2019assistance<\/a><\/td><\/tr><\/tbody><\/table><\/figure>\n\n\n\n<p>Pour rappel, l&rsquo;\u00e9cole doctorale n&rsquo;a comp\u00e9tence \u00e0 r\u00e9pondre que sur les <strong>questions\/probl\u00e9matiques p\u00e9dagogiques<\/strong>.                      <\/p>\n\n\n\n<p class=\"has-white-color has-text-color\">vvvvvvvvvvv<\/p>\n\n\n\n<h3 class=\"wp-block-heading\">1. Inscription administrative sur ADUM<\/h3>\n\n\n\n<p>Votre inscription administrative s\u2019effectue en deux temps&nbsp;:&nbsp;<\/p>\n\n\n\n<ul class=\"wp-block-list\">\n<li>Etude de votre dossier et validation&nbsp;<strong>p\u00e9dagogique<\/strong>&nbsp;par<em>&nbsp;<\/em><strong>l\u2019\u00e9cole doctorale<\/strong> sur ADUM <\/li>\n\n\n\n<li>Etude de votre dossier et validation&nbsp;<strong>administrative<\/strong>&nbsp;par le&nbsp;<strong>Bureau d\u2019Accueil des doctorants (BAD<\/strong>) sur ADUM, apr\u00e8s validation de l\u2019\u00e9cole doctorale.&nbsp; <\/li>\n<\/ul>\n\n\n\n<p class=\"has-text-align-center\"><em><strong>Votre certificat de scolarit\u00e9 est \u00e9mis&nbsp;<u>par le BAD<\/u> UNIQUEMENT et apr\u00e8s finalisation de toutes les \u00e9tapes de votre inscription administrative et validation par le BAD.&nbsp;<\/strong><\/em><\/p>\n\n\n\n<p><\/p>\n\n\n\n<figure class=\"wp-block-table is-style-stripes\"><table class=\"has-background has-fixed-layout\" style=\"background-color:#e7f5fe\"><tbody><tr><td><strong>A SAVOIR SUR LES SIGNATURES REQUISES&nbsp;:<\/strong><\/td><\/tr><tr><td>Tout document g\u00e9n\u00e9r\u00e9 par ADUM n\u00e9cessitant d\u2019une ou plusieurs signatures doit \u00eatre&nbsp;<strong>IMPERATIVEMENT<\/strong> <strong><strong>sign\u00e9 gr\u00e2ce \u00e0 un logiciel directement sur le fichier pdf<\/strong><\/strong>. Les documents imprim\u00e9s, sign\u00e9s et scann\u00e9s ne seront pas recevables.&nbsp;<\/td><\/tr><\/tbody><\/table><\/figure>\n\n\n\n<h5 class=\"wp-block-heading\"><strong>Se cr\u00e9er un compte sur ADUM<\/strong> depuis le lien&nbsp;suivant : <a href=\"https:\/\/www.adum.fr\/phd\/profil\/initcpt.pl\" data-type=\"URL\" data-id=\"https:\/\/www.adum.fr\/phd\/profil\/initcpt.pl\">https:\/\/www.adum.fr\/phd\/profil\/initcpt.pl<\/a><\/h5>\n\n\n\n<p>Compl\u00e9ter l&rsquo;ensemble des champs et les rubriques r\u00e9serv\u00e9s \u00e0 l&rsquo;inscription, et notamment, ceux d\u00e9di\u00e9s \u00e0 la convention individuelle de formation et sauvegarder. <\/p>\n\n\n\n<h5 class=\"wp-block-heading\"><strong>D\u00e9poser les pi\u00e8ces justificatives sur ADUM (espaces d\u00e9di\u00e9s) : <\/strong><\/h5>\n\n\n\n<p><strong><em>Pour la validation p\u00e9dagogique de votre dossier par l&rsquo;\u00e9cole doctorale,&nbsp;<\/em><\/strong>sous forme d\u2019un fichier pdf unique :<\/p>\n\n\n\n<ol class=\"wp-block-list\">\n<li><strong>CV<\/strong>&nbsp;<\/li>\n\n\n\n<li><strong>Lettre de recommandation<\/strong> de votre directeur de th\u00e8se&nbsp;<\/li>\n\n\n\n<li>D\u00e9claration du <strong>PRD<\/strong> sur ADUM (\u00e0 demander \u00e0 votre directeur.e de th\u00e8se, vous ne devez candidater sur e-candidat).<\/li>\n\n\n\n<li>Copie du <strong>dipl\u00f4me<\/strong> ou attestation de dipl\u00f4me d&rsquo;acc\u00e8s au&nbsp;doctorat ; pour les titres \u00e9trangers, pr\u00e9senter une traduction officielle \u00e9manant d&rsquo;une autorit\u00e9 fran\u00e7aise ou d&rsquo;un&nbsp;traducteur asserment\u00e9&nbsp;&nbsp;<\/li>\n\n\n\n<li>Copie du <strong>contrat de travail<\/strong> ou attestation d&#8217;embauche&nbsp;de la DRH de l&#8217;employeur ou&nbsp;attestation de bourse&nbsp;du gouvernement fran\u00e7ais ou d\u2019un gouvernement \u00e9tranger indiquant les dates de d\u00e9but et de fin du contrat ainsi que le montant mensuel net per\u00e7u. A savoir : \u00e0 compter du 1er janvier 2026, la r\u00e9mun\u00e9ration minimum requise est de l&rsquo;ordre de <strong>2300 euros brut mensuel <\/strong>(sauf doctorant boursier-voir point 6 ci-dessous).<\/li>\n<\/ol>\n\n\n\n<p><\/p>\n\n\n\n<p><strong><em>Pour la validation administrative de votre dossier par l&rsquo;\u00e9tablissement, &nbsp;<\/em><\/strong>sous forme d\u2019un fichier pdf unique :<\/p>\n\n\n\n<ol class=\"wp-block-list\">\n<li>Copie d\u2019une <strong>pi\u00e8ce d&rsquo;identit\u00e9<\/strong> officielle&nbsp;(carte nationale d&rsquo;identit\u00e9, passeport)&nbsp;<\/li>\n\n\n\n<li>photo d&rsquo;identit\u00e9 <\/li>\n\n\n\n<li>Copie du <strong>dipl\u00f4me<\/strong> ou <strong>attestation de dipl\u00f4me d&rsquo;acc\u00e8s au&nbsp;doctorat en anglais ou en fran\u00e7ais<\/strong>; <em>en cas d&rsquo;attestation, le document <\/em>doit certifier de 120 ECTS. <em>Pour les dipl\u00f4mes\/attestations dans une autre langue que le fran\u00e7ais ou l&rsquo;anglais,  pr\u00e9senter le suppl\u00e9ment au dipl\u00f4me en langue anglaise ou une traduction officielle \u00e9manant d&rsquo;un&nbsp;traducteur asserment\u00e9&nbsp;<strong>et<\/strong> une autorisation d\u00e9rogatoire de dipl\u00f4me (formulaire t\u00e9l\u00e9chargeable depuis votre compte ADUM)&nbsp; <\/em><\/li>\n\n\n\n<li>Copie du <strong>contrat de travail<\/strong> ou attestation d&#8217;embauche&nbsp;de la DRH de l&#8217;employeur ou&nbsp;attestation de bourse&nbsp;du gouvernement fran\u00e7ais ou d\u2019un gouvernement \u00e9tranger indiquant les dates de d\u00e9but et de fin du contrat ainsi que le montant mensuel net per\u00e7u.<\/li>\n\n\n\n<li>Pour les candidats boursiers dont le montant net mensuel est inf\u00e9rieur \u00e0 1541 euros net uniquement, <strong>le formulaire de demande d&rsquo;aide sp\u00e9cifique du doctorant boursier (ASDB) <\/strong>sign\u00e9 (formulaire t\u00e9l\u00e9chargeable depuis votre compte ADUM)<\/li>\n\n\n\n<li>Pour les doctorants en cotutelle internationale uniquement, <strong>le<\/strong> <strong>formulaire de demande de mise en place de convention de cotutelle sign\u00e9<\/strong><\/li>\n\n\n\n<li>Pour les doctorants en cotutelle internationale uniquement, <strong>le<\/strong> <strong>formulaire de demande de mise en place de convention de cotutelle sign\u00e9<\/strong><\/li>\n\n\n\n<li>Pour les doctorants en co-direction internationale uniquement, <strong>le<\/strong> <strong>formulaire de demande de mise en place d&rsquo;une convention de codirection internationale <\/strong>(formulaire t\u00e9l\u00e9chargeable depuis votre compte ADUM)<\/li>\n<\/ol>\n\n\n\n<p class=\"has-white-color has-text-color\">&#8230;&#8230;..<\/p>\n\n\n\n<p>Puis<strong>, s\u00e9par\u00e9ment<\/strong>, dans l\u2019espace ADUM d\u00e9di\u00e9&nbsp;:<\/p>\n\n\n\n<ol class=\"wp-block-list\">\n<li>&nbsp;<strong>Convention individuelle de formation&nbsp;sign\u00e9e<\/strong>(*): pdf g\u00e9n\u00e9r\u00e9 automatiquement apr\u00e8s saisie. Une fois la convention valid\u00e9e par votre directeur de th\u00e8se, vous devrez t\u00e9l\u00e9charger le document pdf, le signer(*), le faire signer(*) par votre directeur de th\u00e8se et d\u00e9poser le pdf dans ADUM et sauvegarder. <\/li>\n\n\n\n<li><strong>Charte du Doctorat<\/strong> : Une nouvelle version de la charte du doctorat de Sorbonne Universit\u00e9 a \u00e9t\u00e9 valid\u00e9e par la Commission recherche du 6 avril 2023 afin d\u2019int\u00e9grer les dispositions de l\u2019arr\u00eat\u00e9 modificatif du 26 ao\u00fbt 2022.&nbsp; Conform\u00e9ment \u00e0 l\u2019arr\u00eat\u00e9 , elle requiert les signatures de tous les doctorants, de leurs directions de th\u00e8se ainsi que leur direction d&rsquo;unit\u00e9 de recherche. Les signatures seront recueillies de fa\u00e7on d\u00e9mat\u00e9rialis\u00e9e sur les espaces ADUM en cochant une case. <a href=\"https:\/\/edite-de-paris.fr\/wp-content\/uploads\/2026\/01\/ADUM_Memo_Doctorants_Signature_Dematerialisee_Charte_doctorat_SU.pdf\" data-type=\"link\" data-id=\"https:\/\/www.edite-de-paris.fr\/wp-content\/uploads\/2025\/06\/PIF_Nom_Prenom_ADUMnumero.docx\">ADUM_Memo_Doctorants_Signature_D\u00e9mat\u00e9rialis\u00e9e_Charte_doctorat_SU<\/a><\/li>\n\n\n\n<li><strong>Attestation de paiement <a href=\"https:\/\/cvec.etudiant.gouv.fr\/\">CVEC<\/a><\/strong> : apr\u00e8s validation de votre inscription par l&rsquo;\u00e9cole doctorale. un mail automatique vous invitera \u00e0 d\u00e9poser votre attestation CVEC sur ADUM.<\/li>\n<\/ol>\n\n\n\n<p class=\"has-white-color has-text-color\">&#8230;.<\/p>\n\n\n\n<ul class=\"wp-block-list\">\n<li>A SAVOIR, selon les renseignements fournis et votre situation, des pi\u00e8ces compl\u00e9mentaires peuvent vous \u00eatre demand\u00e9es&nbsp; et seront \u00e0 d\u00e9poser en pdf unique sur ADUM (formulaires disponibles sur ADUM) :\n<ul class=\"wp-block-list\">\n<li>Pour les candidats non titulaires d&rsquo;un dipl\u00f4me de master fran\u00e7ais ou europ\u00e9en ou d&rsquo;un autre dipl\u00f4me conf\u00e9rant le grade national de master, l\u2019autorisation d\u2019inscription d\u00e9rogatoire en doctorat&nbsp;sign\u00e9e(*). Contacter l&rsquo;\u00e9cole doctorale afin que cette attestation vous soit adress\u00e9e par mail.&nbsp;<\/li>\n\n\n\n<li>Pour les candidats dipl\u00f4m\u00e9s de l\u2019enseignement sup\u00e9rieur fran\u00e7ais, la&nbsp;copie de la derni\u00e8re carte d\u2019\u00e9tudiant&nbsp;<\/li>\n\n\n\n<li>Pour les candidats de nationalit\u00e9 fran\u00e7aise, l&rsquo;attestation&nbsp;de recensement relative \u00e0 la journ\u00e9e d\u00e9fense et citoyennet\u00e9 (JDC ou JAPD)&nbsp;<\/li>\n\n\n\n<li>Pour les candidats venant d&rsquo;un autre \u00e9tablissement fran\u00e7ais, la&nbsp;demande de transfert&nbsp;ou&nbsp;demande de changement d&rsquo;\u00e9tablissement&nbsp;sign\u00e9e(*)&nbsp;par l&rsquo;universit\u00e9 d&rsquo;origine. Consulter&nbsp;http:\/\/www.sorbonne- universite.fr\/offre-de-formation\/candidater-et-sinscrire\/procedure-de-transfert<\/li>\n\n\n\n<li>Pour les candidats recrut\u00e9s en cotutelle internationale, le formulaire de&nbsp;demande de mise en place d&rsquo;une convention de cotutelle internationale&nbsp;sign\u00e9e(*)&nbsp;<\/li>\n\n\n\n<li>Pour les candidats boursiers du gouvernement fran\u00e7ais ou d&rsquo;un gouvernement \u00e9tranger dont le montant <strong>brut<\/strong> mensuel est inf\u00e9rieur \u00e0 1975 euros, le formulaire de&nbsp;demande d&rsquo;aide sp\u00e9cifique au doctorant boursier (ASDB)&nbsp;sign\u00e9e(*)&nbsp;<\/li>\n<\/ul>\n<\/li>\n<\/ul>\n\n\n\n<h4 class=\"wp-block-heading\">Finalisation de votre inscription sur ADUM <\/h4>\n\n\n\n<p>Apr\u00e8s avoir renseign\u00e9 tous les champs et d\u00e9poser l&rsquo;ensemble des pi\u00e8ces requises, Cliquer sur <strong><em>\u00abTransmission des donn\u00e9es\u00bb<\/em><\/strong> dans la rubrique <strong><em>\u00abJe finalise la proc\u00e9dure\u00bb<\/em><\/strong>. Seuls les dossiers comportant l\u2019int\u00e9gralit\u00e9 des pi\u00e8ces requises dans les espaces d\u00e9di\u00e9s sur ADUM seront valid\u00e9s.<\/p>\n\n\n\n<p><a href=\"https:\/\/edite-de-paris.fr\/wp-content\/uploads\/2026\/01\/SU_Checklist_Inscription_ADUM.pdf\" data-type=\"link\" data-id=\"https:\/\/www.edite-de-paris.fr\/wp-content\/uploads\/2025\/06\/PIF_Nom_Prenom_ADUMnumero.docx\">SU_Checklist_Inscription administrative par l&rsquo;\u00e9tablissement<\/a><\/p>\n\n\n\n<h3 class=\"wp-block-heading\">2. Circuit de validation de votre inscription administrative<\/h3>\n\n\n\n<p>L&rsquo;ensemble du processus de validation d\u00e9taill\u00e9 ci-dessous s&rsquo;effectue via ADUM.&nbsp;Aucun dossier papier n&rsquo;est accept\u00e9.&nbsp;Aucune communication de documents par mail n&rsquo;est accept\u00e9.<\/p>\n\n\n\n<p><a href=\"https:\/\/edite-de-paris.fr\/wp-content\/uploads\/2026\/01\/SU_Procedure_Inscription_1er_anne.pdf\" data-type=\"link\" data-id=\"https:\/\/www.edite-de-paris.fr\/wp-content\/uploads\/2025\/06\/PIF_Nom_Prenom_ADUMnumero.docx\">SU_Procedure_Inscription_1er_anne<\/a><\/p>\n\n\n\n<h4 class=\"wp-block-heading\"><strong>Liens utiles : <\/strong><\/h4>\n\n\n\n<p><a href=\"https:\/\/www.sorbonne-universite.fr\/recherche-et-innovation\/le-doctorat\/demarches-administratives\">https:\/\/www.sorbonne-universite.fr\/recherche-et-innovation\/le-doctorat\/demarches-administratives<\/a><\/p>\n\n\n\n<p><\/p>\n","protected":false},"excerpt":{"rendered":"<p>Dates d&rsquo;ouverture\/cl\u00f4ture des inscriptions : Les inscriptions en premi\u00e8re ann\u00e9e de th\u00e8se se font au fil de l\u2019eau. Sp\u00e9cialit\u00e9s de notre \u00e9cole doctorale : Contacts: Contact p\u00e9dagogique (\u00e9cole doctorale) :&nbsp;&nbsp; accueil1@edite-de-paris.fr ou accueil2@edite-de-paris.fr Contact administratif : scolarite.doctorat@sorbonne-universite.fr Assistance ADUM :&nbsp; webmaster@adum.fr Assistance CVEC :&nbsp; Formulaire d\u2019assistance Pour rappel, l&rsquo;\u00e9cole doctorale n&rsquo;a comp\u00e9tence \u00e0 r\u00e9pondre que [&hellip;]<\/p>\n","protected":false},"author":1,"featured_media":0,"parent":0,"menu_order":0,"comment_status":"closed","ping_status":"closed","template":"","meta":{"footnotes":""},"class_list":["post-172","page","type-page","status-publish","hentry"],"_links":{"self":[{"href":"https:\/\/edite-de-paris.fr\/index.php\/wp-json\/wp\/v2\/pages\/172","targetHints":{"allow":["GET"]}}],"collection":[{"href":"https:\/\/edite-de-paris.fr\/index.php\/wp-json\/wp\/v2\/pages"}],"about":[{"href":"https:\/\/edite-de-paris.fr\/index.php\/wp-json\/wp\/v2\/types\/page"}],"author":[{"embeddable":true,"href":"https:\/\/edite-de-paris.fr\/index.php\/wp-json\/wp\/v2\/users\/1"}],"replies":[{"embeddable":true,"href":"https:\/\/edite-de-paris.fr\/index.php\/wp-json\/wp\/v2\/comments?post=172"}],"version-history":[{"count":24,"href":"https:\/\/edite-de-paris.fr\/index.php\/wp-json\/wp\/v2\/pages\/172\/revisions"}],"predecessor-version":[{"id":4215,"href":"https:\/\/edite-de-paris.fr\/index.php\/wp-json\/wp\/v2\/pages\/172\/revisions\/4215"}],"wp:attachment":[{"href":"https:\/\/edite-de-paris.fr\/index.php\/wp-json\/wp\/v2\/media?parent=172"}],"curies":[{"name":"wp","href":"https:\/\/api.w.org\/{rel}","templated":true}]}}