{"id":19,"date":"2019-10-21T09:11:09","date_gmt":"2019-10-21T09:11:09","guid":{"rendered":"https:\/\/www.edite-de-paris.fr\/?page_id=19"},"modified":"2026-01-27T17:36:48","modified_gmt":"2026-01-27T16:36:48","slug":"edite-de-paris","status":"publish","type":"page","link":"https:\/\/edite-de-paris.fr\/","title":{"rendered":"\u00c9cole Doctorale Informatique, T\u00e9l\u00e9communications et \u00c9lectronique"},"content":{"rendered":"\n<p><\/p>\n\n\n\n<p>L\u2019EDITE de Paris (ED130) est une \u00e9cole doctorale dont la th\u00e9matique est large , englobant l\u2019informatique, les t\u00e9l\u00e9communications et l\u2019\u00e9lectronique.<\/p>\n\n\n\n<p>De ce fait, l&rsquo;EDITE est de grande envergure : elle compte plus de 450 doctorants inscrits dans plus de 20 laboratoires r\u00e9partis dans huit \u00e9tablissements diff\u00e9rents, principalement en r\u00e9gion parisienne. L&rsquo;EDITE couvre une large partie des STIC (Sciences et Technologies de l&rsquo;Information et de la Communication) et se situe \u00e9galement \u00e0 l&rsquo;interface de diverses disciplines o\u00f9 l&rsquo;\u00e9lectronique et\/ou l&rsquo;informatique sont appliqu\u00e9es. On peut citer, en particulier, la physique, la robotique, la musique, la m\u00e9decine et la biologie.<\/p>\n\n\n\n<p>Les mots-cl\u00e9s suivants r\u00e9sument les principales th\u00e9matiques :<\/p>\n\n\n\n<ul class=\"wp-block-list\">\n<li>R\u00e9seau, t\u00e9l\u00e9communications.<\/li>\n\n\n\n<li>Imagerie, signal.<\/li>\n\n\n\n<li>Intelligence artificielle, recherche op\u00e9rationnelle, bases des donn\u00e9es.<\/li>\n\n\n\n<li>Syst\u00e8mes informatiques, syst\u00e8mes distribu\u00e9s, syst\u00e8mes repartis, syst\u00e8mes temps r\u00e9el.<\/li>\n\n\n\n<li>Logiciels.<\/li>\n\n\n\n<li>\u00c9lectronique, syst\u00e8mes sur puce, syst\u00e8mes embarqu\u00e9s.<\/li>\n\n\n\n<li>Usages sociaux des STIC.<\/li>\n<\/ul>\n\n\n\n<p><\/p>\n","protected":false},"excerpt":{"rendered":"<p>L\u2019EDITE de Paris (ED130) est une \u00e9cole doctorale dont la th\u00e9matique est large , englobant l\u2019informatique, les t\u00e9l\u00e9communications et l\u2019\u00e9lectronique. De ce fait, l&rsquo;EDITE est de grande envergure : elle compte plus de 450 doctorants inscrits dans plus de 20 laboratoires r\u00e9partis dans huit \u00e9tablissements diff\u00e9rents, principalement en r\u00e9gion parisienne. L&rsquo;EDITE couvre une large partie [&hellip;]<\/p>\n","protected":false},"author":1,"featured_media":0,"parent":0,"menu_order":0,"comment_status":"closed","ping_status":"closed","template":"","meta":{"footnotes":""},"class_list":["post-19","page","type-page","status-publish","hentry"],"_links":{"self":[{"href":"https:\/\/edite-de-paris.fr\/index.php\/wp-json\/wp\/v2\/pages\/19","targetHints":{"allow":["GET"]}}],"collection":[{"href":"https:\/\/edite-de-paris.fr\/index.php\/wp-json\/wp\/v2\/pages"}],"about":[{"href":"https:\/\/edite-de-paris.fr\/index.php\/wp-json\/wp\/v2\/types\/page"}],"author":[{"embeddable":true,"href":"https:\/\/edite-de-paris.fr\/index.php\/wp-json\/wp\/v2\/users\/1"}],"replies":[{"embeddable":true,"href":"https:\/\/edite-de-paris.fr\/index.php\/wp-json\/wp\/v2\/comments?post=19"}],"version-history":[{"count":4,"href":"https:\/\/edite-de-paris.fr\/index.php\/wp-json\/wp\/v2\/pages\/19\/revisions"}],"predecessor-version":[{"id":4300,"href":"https:\/\/edite-de-paris.fr\/index.php\/wp-json\/wp\/v2\/pages\/19\/revisions\/4300"}],"wp:attachment":[{"href":"https:\/\/edite-de-paris.fr\/index.php\/wp-json\/wp\/v2\/media?parent=19"}],"curies":[{"name":"wp","href":"https:\/\/api.w.org\/{rel}","templated":true}]}}