{"id":2580,"date":"2022-07-08T10:19:52","date_gmt":"2022-07-08T10:19:52","guid":{"rendered":"https:\/\/www.edite-de-paris.fr\/?page_id=2580"},"modified":"2026-01-27T17:34:23","modified_gmt":"2026-01-27T16:34:23","slug":"soutenance-doctorants-inscrits-a-luniversite-paris-cite","status":"publish","type":"page","link":"https:\/\/edite-de-paris.fr\/index.php\/soutenance-doctorants-inscrits-a-luniversite-paris-cite\/","title":{"rendered":"Soutenance &#8211; doctorants inscrits \u00e0 l&rsquo;Universit\u00e9 Paris Cit\u00e9"},"content":{"rendered":"\n<p class=\"has-text-align-left\">La proc\u00e9dure de d\u00e9claration de soutenance d\u00e9taill\u00e9e ci-dessous concerne <strong>uniquement<\/strong> les doctorants inscrits administrativement aupr\u00e8s de l&rsquo;<strong>Universit\u00e9 Paris Cit\u00e9<\/strong>. La proc\u00e9dure de soutenance de th\u00e8se de doctorat&nbsp;<strong>doit \u00eatre initi\u00e9e&nbsp;3 mois avant la date pr\u00e9vue pour la soutenance<\/strong>.<\/p>\n\n\n\n<p>Merci de v\u00e9rifier r\u00e9guli\u00e8rement <strong>votre boite mail et vos spams<\/strong> pendant l&rsquo;ensemble de la proc\u00e9dure.<\/p>\n\n\n\n<p class=\"has-vivid-red-color has-text-color has-medium-font-size\"> <strong>ATTENTION : <\/strong>&nbsp;la proc\u00e9dure de demande de soutenance a chang\u00e9.&nbsp;<strong>La demande de soutenance est d\u00e9sormais uniquement sur<\/strong> <strong>DEMAT <\/strong><\/p>\n\n\n\n<h3 class=\"wp-block-heading has-text-align-left\"><\/h3>\n\n\n\n<h2 class=\"wp-block-heading\">1. En amont \u00e0 la demande<\/h2>\n\n\n\n<p>&nbsp;Le directeur ou directrice de th\u00e8se<strong> propose une liste des membres<\/strong>&nbsp;du jury dont les rapporteurs au regard de la r\u00e9glementation ci-dessous&nbsp;:&nbsp;<\/p>\n\n\n\n<h3 class=\"wp-block-heading\"><strong><em>CHOISIR LE JURY<\/em><\/strong>&nbsp;<\/h3>\n\n\n\n<ul class=\"wp-block-list\">\n<li>Le nombre des membres du jury est compris entre 4 et 8.<\/li>\n\n\n\n<li>Il est compos\u00e9 au moins pour moiti\u00e9 de personnalit\u00e9s fran\u00e7aises ou \u00e9trang\u00e8res, ext\u00e9rieures \u00e0 l\u2019\u00e9cole doctorale et \u00e0 l\u2019\u00e9tablissement d\u2019inscription du candidat et choisies en raison de leur comp\u00e9tence scientifique, sous r\u00e9serve des dispositions relatives \u00e0 la cotutelle internationale de th\u00e8se.<\/li>\n\n\n\n<li>le jury ne peut pas \u00eatre compos\u00e9 de plus de 3 membres appartenant au m\u00eame laboratoire<\/li>\n\n\n\n<li>La moiti\u00e9 du jury au moins doit \u00eatre compos\u00e9e de professeurs ou&nbsp;<em>personnels assimil\u00e9s<\/em>, ou d\u2019enseignants de rang \u00e9quivalent qui ne d\u00e9pendent pas du minist\u00e8re charg\u00e9 de l\u2019enseignement sup\u00e9rieur. Attention, les maitre.sse.s de conf\u00e9rences HDR ne sont pas des assimil\u00e9.e.s.<\/li>\n\n\n\n<li>Sa composition doit permettre une repr\u00e9sentation \u00e9quilibr\u00e9e des femmes et des hommes. Un jury compos\u00e9 de 4 ou 5 membres doit inclure au moins une femme et un homme. Un jury de 6 \u00e0 8 membres doit inclure au moins deux femmes et deux hommes.<\/li>\n\n\n\n<li>Le directeur ou directrice de th\u00e8se fixe la date de soutenance avec les membres du jury.<\/li>\n\n\n\n<li>Les encadrant.e.s non HDR ne font pas parti du jury, ils.elles sont d\u00e9clar\u00e9.e.s en tant qu&rsquo;invit\u00e9.e.s<\/li>\n\n\n\n<li>Le directeur de th\u00e8se est membre du jury, mais ne prend pas part \u00e0 la d\u00e9cision.<\/li>\n\n\n\n<li>Le\/la doctorant.e ne doit avoir aucune publication commune avec,&nbsp;au plus, un membre&nbsp;du jury, en dehors des encadrant.e.s<\/li>\n<\/ul>\n\n\n\n<p><strong>Tous les cas de figures ne pouvant pas \u00eatre encadr\u00e9e par une r\u00e8gle, la d\u00e9cision finale d\u00e9coule de l\u2019expertise de la direction de l\u2019ED.<\/strong><\/p>\n\n\n\n<p class=\"has-white-color has-text-color\">vvvvvvvv<\/p>\n\n\n\n<h3 class=\"wp-block-heading\"><strong><em>CHOISIR LES RAPPORTEURS<\/em><\/strong><\/h3>\n\n\n\n<p><strong>Ils ou elles:<\/strong><\/p>\n\n\n\n<ul class=\"wp-block-list\">\n<li>doivent \u00eatre habilit\u00e9.e.s (ie, titulaires d&rsquo;une habilitation \u00e0 diriger des recherches ou d&rsquo;un titre \u00e9quivalent),<\/li>\n\n\n\n<li>doivent ext\u00e9rieurs \u00e0 l\u2019\u00e9cole doctorale et \u00e0 l\u2019\u00e9tablissement du doctorant.e,<\/li>\n\n\n\n<li>ne doivent pas avoir d&rsquo;implication dans le travail du doctorant.e,<\/li>\n\n\n\n<li>ne doivent avoir aucune publication commune avec les encadrant.e.s dans les 5 derni\u00e8res ann\u00e9es,<\/li>\n\n\n\n<li>ne peuvent pas \u00eatre rattach\u00e9s au m\u00eame laboratoire,<\/li>\n\n\n\n<li>ne peuvent pas avoir particip\u00e9 \u00e0 l\u2019un des comit\u00e9s de suivi de la doctorante ou du doctorant,<\/li>\n\n\n\n<li>peuvent appartenir \u00e0 des \u00e9tablissements d&rsquo;enseignement sup\u00e9rieur ou de recherche \u00e9trangers ou \u00e0 d&rsquo;autres organismes \u00e9trangers,<\/li>\n\n\n\n<li>pour les personnes en poste \u00e0 l&rsquo;\u00e9tranger ou dans l&rsquo;industrie:\n<ul class=\"wp-block-list\">\n<li>doivent \u00eatre titulaires de la th\u00e8se depuis au moins 5 ans. <\/li>\n\n\n\n<li>La validation est \u00e0 la discr\u00e9tion de la direction de l&rsquo;ED sur la qualit\u00e9 scientifique (fournir un CV)<\/li>\n<\/ul>\n<\/li>\n<\/ul>\n\n\n\n<p>Le directeur ou directrice de th\u00e8se&nbsp;<strong>fixe la date<\/strong>&nbsp;de soutenance avec les membres du jury.<\/p>\n\n\n\n<p>Ces \u00e9l\u00e9ments sont report\u00e9s sur la Demande d\u2019autorisation pour la composition du jury et le choix des rapporteurs.&nbsp;<\/p>\n\n\n\n<p class=\"has-white-color has-text-color\">vvvvvvv<\/p>\n\n\n\n<p>Note_composition_jury.pdf<\/p>\n\n\n\n<div class=\"wp-block-buttons is-layout-flex wp-block-buttons-is-layout-flex\">\n<div class=\"wp-block-button\"><a class=\"wp-block-button__link wp-element-button\" href=\"https:\/\/edite-de-paris.fr\/wp-content\/uploads\/2026\/01\/Note_composition_jury_2023.pdf\">T\u00e9l\u00e9charger<\/a><\/div>\n<\/div>\n\n\n\n<p><\/p>\n\n\n\n<h2 class=\"wp-block-heading\">2. Demande d&rsquo;autorisation pour la composition du jury et le choix des rapporteurs en vue de la soutenance<\/h2>\n\n\n\n<p>Les pi\u00e8ces suivantes doivent \u00eatre r\u00e9unies sur un seul fichier PDF: <\/p>\n\n\n\n<ul class=\"wp-block-list\">\n<li>Le justificatif de financement jusqu&rsquo;au jour de la soutenance.\n<ul class=\"wp-block-list\">\n<li>Des financements autre que le contrat doctoral peuvent prendre le relais pour les fins de th\u00e8se (ATER, industriels, &#8230;)<\/li>\n<\/ul>\n<\/li>\n\n\n\n<li>Le CV du doctorant.<\/li>\n\n\n\n<li>Le CV du\/des rapporteurs si ce\/ces dernier(s) sont \u00e9trangers.<\/li>\n\n\n\n<li>Un r\u00e9sum\u00e9 du manuscrit (r\u00e9sum\u00e9 d&rsquo;1 page si le manuscrit est r\u00e9dig\u00e9 en fran\u00e7ais  et de 10 \u00e0 15 pages si le manuscrit est en anglais). <\/li>\n\n\n\n<li>La liste de vos publications.<\/li>\n\n\n\n<li>Votre certificat de scolarit\u00e9 attestant de votre inscription administrative sur l&rsquo;ann\u00e9e universitaire en cours.<\/li>\n\n\n\n<li>La composition du jury.<\/li>\n<\/ul>\n\n\n\n<p class=\"has-white-color has-text-color\">..<\/p>\n\n\n\n<h4 class=\"wp-block-heading has-text-align-left has-vivid-red-color has-text-color\"><strong>La composition de votre jury doit \u00eatre d\u00e9clar\u00e9e sur l&rsquo;application DEMAT, au plus tard 12 semaines avant la soutenance. <\/strong><\/h4>\n\n\n\n<p class=\"has-white-color has-text-color\">..<\/p>\n\n\n\n<p>Les d\u00e9marches sont \u00e0 effectuer\/surveiller  dans l&rsquo;ordre suivant : <\/p>\n\n\n\n<figure class=\"wp-block-table is-style-stripes\"><table><tbody><tr><td class=\"has-text-align-left\" data-align=\"left\"><em><strong>DELAI<\/strong><\/em><\/td><td class=\"has-text-align-right\" data-align=\"right\"><\/td><td class=\"has-text-align-left\" data-align=\"left\">                             <em><strong>EFFECTUER \/ SURVEILLER&nbsp;<\/strong><\/em><\/td><\/tr><tr><td class=\"has-text-align-left\" data-align=\"left\"><strong>Dans les 12 semaines avant la soutenance <\/strong><\/td><td class=\"has-text-align-right\" data-align=\"right\"><\/td><td class=\"has-text-align-left\" data-align=\"left\">Le\/la doctorant.e doit envoyer un <strong>unique PDF<\/strong> comprenant les documents pr\u00e9cit\u00e9s.<\/td><\/tr><tr><td class=\"has-text-align-left\" data-align=\"left\"><strong><em>A r\u00e9ception de l\u2019accord de l\u2019\u00e9cole doctorale&nbsp;sur votre demande<\/em><\/strong><\/td><td class=\"has-text-align-right\" data-align=\"right\"><\/td><td class=\"has-text-align-left\" data-align=\"left\">Le\/la doctorant.e doit d\u00e9clarer la composition de son jury sur la plateforme&nbsp;<strong>DEMAT<\/strong>&nbsp;(connexion \u00e0 l&rsquo;application avec votre compte \u00e9tudiant Universit\u00e9 Paris Cit\u00e9). Il devra \u00eatre \u00e0 nouveau valid\u00e9 par votre Directeur.ice de th\u00e8se sur DEMAT et via le PDF g\u00e9n\u00e9r\u00e9 par DEMAT. &nbsp;<br><\/td><\/tr><tr><td class=\"has-text-align-left\" data-align=\"left\"><strong><em>Dans la semaine suivant l\u2019envoi par votre Directeur.ice de th\u00e8se de l\u2019autorisation pour la composition du jury g\u00e9n\u00e9r\u00e9e par DEMAT \u00e0 <\/em><\/strong><strong><em>l\u2019\u00e9cole doctorale<\/em><\/strong><strong><em>&nbsp;<\/em><\/strong><\/td><td class=\"has-text-align-right\" data-align=\"right\"><\/td><td class=\"has-text-align-left\" data-align=\"left\">Le\/la doctorant.e re\u00e7oit un mail de l\u2019\u00e9cole doctorale confirmant la validation\/refus de la demande d&rsquo;autorisation pour la composition de votre jury g\u00e9n\u00e9r\u00e9e par DEMAT, et, si valid\u00e9, son transfert au Bureau des soutenances de votre \u00e9tablissement. Le\/la doctorant.e peut alors adresser son manuscrit aux rapporteurs (voir 4. ci-dessous) <br><\/td><\/tr><\/tbody><\/table><\/figure>\n\n\n\n<h4 class=\"wp-block-heading has-vivid-red-color has-text-color\"><\/h4>\n\n\n\n<p class=\"has-white-color has-text-color\">..<\/p>\n\n\n\n<p>Merci de noter que les tutelles universitaires et\/ou les noms des \u00e9tablissements de chaque membre doivent figurer sur la demande d&rsquo;autorisation pour la composition du jury<\/p>\n\n\n\n<p class=\"has-text-align-left has-text-color\" style=\"color:#c0311b\">La Demande d&rsquo;autorisation pour la composition du jury g\u00e9n\u00e9r\u00e9e par DEMAT et valid\u00e9e par l&rsquo;EDITE doit \u00eatre transmise, par l&rsquo;\u00e9cole doctorale,  <strong>AU PLUS TARD<\/strong> <strong>8 SEMAINES  AVANT LA SOUTENANCE <\/strong>au Coll\u00e8ge Doctoral de l&rsquo;Universit\u00e9 Paris Cit\u00e9.  Toutes les d\u00e9marches pr\u00e9cit\u00e9es doivent donc avoir \u00e9t\u00e9 effectu\u00e9es en amont. <\/p>\n\n\n\n<p class=\"has-text-align-center has-vivid-red-color has-text-color\"><strong>ATTENTION : Calendrier sp\u00e9cifique pour les soutenances en septembre: il faut prendre en compte la fermeture estivale d\u2019UPCit\u00e9. <\/strong><\/p>\n\n\n\n<h2 class=\"wp-block-heading\">3.  Renseigner la date\/heure\/lieu de soutenance sur DEMAT<\/h2>\n\n\n\n<p>Lorsque la Demande d&rsquo;autorisation pour la composition du jury et le choix des rapporteurs g\u00e9n\u00e9r\u00e9e par DEMAT est valid\u00e9e par l&rsquo;\u00e9cole doctorale, Le\/la doctorant.e doit <strong>renseigner <\/strong> la date, heure et lieu de sa soutenance sur DEMAT.  Ces renseignements sont obligatoires et indispensables \u00e0 l&rsquo;\u00e9mission de l&rsquo;Autorisation de soutenance. <\/p>\n\n\n\n<h2 class=\"wp-block-heading\">4. D\u00e9poser la version \u00e9lectronique du manuscrit sur DEMAT <\/h2>\n\n\n\n<p class=\"has-black-color has-text-color\"><\/p>\n\n\n\n<p>Le\/la doctorant.e doit d\u00e9poser la version \u00e9lectronique de sa th\u00e8se sur DEMAT et renseigner les modalit\u00e9s de sa diffusion.<\/p>\n\n\n\n<p>Avant d\u00e9p\u00f4t, le manuscrit doit \u00eatre&nbsp;<strong>obligatoirement<\/strong>&nbsp;soumis au logiciel de comparaison des sources Compilatio (logiciel anti-plagiat). L\u2019attestation de soumission de la th\u00e8se au logiciel compilatio, sign\u00e9e par le directeur ou directrice de th\u00e8se, doit \u00eatre transmise \u00e0 l\u2019\u00e9quipe soutenances. Les modalit\u00e9s de soumission de la th\u00e8se sur Compilatio ont \u00e9t\u00e9 communiqu\u00e9es en amont au directeur ou directrice de th\u00e8se, par mail<\/p>\n\n\n\n<p>La th\u00e8se sera trait\u00e9e par la Biblioth\u00e8que pour archivage, signalement et diffusion apr\u00e8s la soutenance.<\/p>\n\n\n\n<p>Vous retrouverez l\u2019ensemble des outils, liens et informations utiles \u00e0 la r\u00e9daction, au d\u00e9p\u00f4t et \u00e0 la diffusion de la th\u00e8se sur&nbsp;<a rel=\"noreferrer noopener\" href=\"https:\/\/u-paris.libguides.com\/thesedoct\/Depotavantsoutenance\" target=\"_blank\">le portail de la Biblioth\u00e8que<\/a>.<\/p>\n\n\n\n<h2 class=\"wp-block-heading\">5. Envoyer le manuscrit aux rapporteurs <\/h2>\n\n\n\n<p>Lorsque la Demande d&rsquo;autorisation pour la composition du jury et le choix des rapporteurs g\u00e9n\u00e9r\u00e9e par DEMAT est valid\u00e9e par l&rsquo;\u00e9cole doctorale, <strong>le\/la doctorant.e envoie son manuscrit aux rapporteurs<\/strong>.<\/p>\n\n\n\n<p>Le Bureau des soutenances de l&rsquo;Universit\u00e9 Paris Cit\u00e9 communiquera aux rapporteurs l&rsquo;ensemble des informations et formulaires n\u00e9cessaires au retour de leurs rapports (rapport type, fiche d&rsquo;\u00e9valuation etcc).<\/p>\n\n\n\n<p><strong>Pour information<\/strong> : Le <strong>retour du rapport de th\u00e8se<\/strong> et du formulaire d&rsquo;\u00e9valuation sont attendus <strong>au plus tard 1 mois<\/strong> avant la soutenance.<\/p>\n\n\n\n<h2 class=\"wp-block-heading\">6. Autorisation de soutenance <\/h2>\n\n\n\n<p>Pour obtenir l&rsquo;autorisation de soutenir, les d\u00e9marches sont \u00e0 effectuer\/surveiller dans l&rsquo;ordre suivant : <\/p>\n\n\n\n<div class=\"wp-block-columns are-vertically-aligned-center is-layout-flex wp-container-core-columns-is-layout-9d6595d7 wp-block-columns-is-layout-flex\">\n<div class=\"wp-block-column is-vertically-aligned-center is-layout-flow wp-block-column-is-layout-flow\" style=\"flex-basis:100%\">\n<figure class=\"wp-block-table is-style-stripes\"><table><tbody><tr><td class=\"has-text-align-left\" data-align=\"left\"><em><strong>DELAI<\/strong>&nbsp;<\/em><br>                         <\/td><td><\/td><td class=\"has-text-align-left\" data-align=\"left\"><em><strong>EFFECTUER \/ SURVEILLER&nbsp;<\/strong><\/em><br><\/td><\/tr><tr><td class=\"has-text-align-left\" data-align=\"left\"><strong><em><strong><u>4 semaines, au plus tard, avant la soutenance<\/u><\/strong><\/em><\/strong><br><br><\/td><td>&nbsp;<\/td><td class=\"has-text-align-left\" data-align=\"left\">&nbsp;Le.la doctorant.e <strong>valide<\/strong> sur DEMAT le d\u00e9p\u00f4t du manuscrit et la date\/heure\/lieu de soutenance<br><\/td><\/tr><tr><td class=\"has-text-align-left\" data-align=\"left\"><em><strong>Dans la semaine suivant la r\u00e9ception des rapports                    &nbsp;<\/strong><\/em><br><\/td><td>&nbsp;<\/td><td class=\"has-text-align-left\" data-align=\"left\">R\u00e9ception d\u2019un mail confirmant le d\u00e9p\u00f4t des rapports, la validation du manuscrit et date\/heure\/lieu de soutenance sur DEMAT par la gestionnaire de l\u2019EDITE. Si autoris\u00e9e par la Direction de l\u2019EDITE, l\u2019autorisation de soutenance est directement communiqu\u00e9e au Bureau des soutenances de l\u2019Universit\u00e9 Paris Cit\u00e9.&nbsp;&nbsp;<\/td><\/tr><tr><td class=\"has-text-align-left\" data-align=\"left\"><br><em><strong><strong><em>1 semaine, au plus tard, avant la soutenance&nbsp;&nbsp;<\/em><\/strong>&nbsp;<\/strong><\/em><\/td><td>&nbsp;<\/td><td class=\"has-text-align-left\" data-align=\"left\"><br>Le Bureau des soutenances de l\u2019Universit\u00e9 Paris Cit\u00e9 communique&nbsp;:&nbsp;&nbsp;<br>&#8211; au directeur.rice de th\u00e8se, les documents de soutenance&nbsp;<br>&#8211; au\/\u00e0 la doctorant.e, la convocation et rapports des rapporteurs&nbsp;<br>&#8211; aux membres du jury,&nbsp;&nbsp;la convocation et rapports des rapporteurs&nbsp;<\/td><\/tr><\/tbody><\/table><\/figure>\n<\/div>\n<\/div>\n\n\n\n<p>Pour rappel, la soutenance est publique, sauf d\u00e9rogation accord\u00e9e \u00e0 titre exceptionnel par la Pr\u00e9sidente de l\u2019Universit\u00e9 Paris Cit\u00e9.<\/p>\n\n\n\n<p class=\"has-vivid-red-color has-text-color\">L&rsquo;Autorisation de soutenance doit \u00eatre transmise <strong>AU PLUS TARD 3 SEMAINES AVANT LA SOUTENANCE<\/strong>, par l&rsquo;Ecole doctorale, \u00e0 l&rsquo;\u00e9quipe soutenance du Coll\u00e8ge Doctoral. Toutes les d\u00e9marches pr\u00e9cit\u00e9es doivent donc avoir \u00e9t\u00e9 effectu\u00e9es en amont.<\/p>\n\n\n\n<h2 class=\"wp-block-heading\">7. Apr\u00e8s la soutenance <\/h2>\n\n\n\n<p>L\u2019admission (ou l\u2019ajournement) est prononc\u00e9e apr\u00e8s d\u00e9lib\u00e9ration du jury.<\/p>\n\n\n\n<p>Les documents de soutenance (<em>le Proc\u00e8s verbal, l\u2019Avis du jury sur la publication de la th\u00e8se soutenue et le rapport final de soutenance<\/em>) doivent parvenir \u00e0 l\u2019\u00e9quipe soutenances d\u00fbment compl\u00e9t\u00e9s et co-sign\u00e9s par tous les membres du jury dans un d\u00e9lai n\u2019exc\u00e9dant pas 1 mois apr\u00e8s la soutenance.<\/p>\n\n\n\n<p>Aucune attestation de r\u00e9ussite ne sera d\u00e9livr\u00e9e avant le d\u00e9p\u00f4t de la version finale de la th\u00e8se et la r\u00e9ception des documents de soutenance par l\u2019\u00e9quipe soutenances.<\/p>\n\n\n\n<p>Si souhait\u00e9 apr\u00e8s soutenance, le docteur a la possibilit\u00e9 de d\u00e9poser une version de la th\u00e8se avec des corrections mineures (orthographe, mise en page, etc) sous un d\u00e9lai de 1 mois.&nbsp;<\/p>\n\n\n\n<p>Si le jour de la soutenance le jury demande des corrections majeures, le docteur dispose d\u2019un d\u00e9lai de 3 mois pour d\u00e9poser la version corrig\u00e9e de la th\u00e8se accompagn\u00e9e de l\u2019attestation de conformit\u00e9 sign\u00e9e par le pr\u00e9sident du jury.<\/p>\n\n\n\n<p>A consulter \u00e9galement : <a href=\"https:\/\/u-paris.fr\/doctorat\/soutenir-sa-these\/\">https:\/\/u-paris.fr\/doctorat\/soutenir-sa-these\/<\/a><\/p>\n\n\n\n<p><\/p>\n\n\n\n<p><\/p>\n","protected":false},"excerpt":{"rendered":"<p>La proc\u00e9dure de d\u00e9claration de soutenance d\u00e9taill\u00e9e ci-dessous concerne uniquement les doctorants inscrits administrativement aupr\u00e8s de l&rsquo;Universit\u00e9 Paris Cit\u00e9. La proc\u00e9dure de soutenance de th\u00e8se de doctorat&nbsp;doit \u00eatre initi\u00e9e&nbsp;3 mois avant la date pr\u00e9vue pour la soutenance. Merci de v\u00e9rifier r\u00e9guli\u00e8rement votre boite mail et vos spams pendant l&rsquo;ensemble de la proc\u00e9dure. ATTENTION : &nbsp;la [&hellip;]<\/p>\n","protected":false},"author":1,"featured_media":0,"parent":0,"menu_order":0,"comment_status":"closed","ping_status":"closed","template":"","meta":{"footnotes":""},"class_list":["post-2580","page","type-page","status-publish","hentry"],"_links":{"self":[{"href":"https:\/\/edite-de-paris.fr\/index.php\/wp-json\/wp\/v2\/pages\/2580","targetHints":{"allow":["GET"]}}],"collection":[{"href":"https:\/\/edite-de-paris.fr\/index.php\/wp-json\/wp\/v2\/pages"}],"about":[{"href":"https:\/\/edite-de-paris.fr\/index.php\/wp-json\/wp\/v2\/types\/page"}],"author":[{"embeddable":true,"href":"https:\/\/edite-de-paris.fr\/index.php\/wp-json\/wp\/v2\/users\/1"}],"replies":[{"embeddable":true,"href":"https:\/\/edite-de-paris.fr\/index.php\/wp-json\/wp\/v2\/comments?post=2580"}],"version-history":[{"count":2,"href":"https:\/\/edite-de-paris.fr\/index.php\/wp-json\/wp\/v2\/pages\/2580\/revisions"}],"predecessor-version":[{"id":4299,"href":"https:\/\/edite-de-paris.fr\/index.php\/wp-json\/wp\/v2\/pages\/2580\/revisions\/4299"}],"wp:attachment":[{"href":"https:\/\/edite-de-paris.fr\/index.php\/wp-json\/wp\/v2\/media?parent=2580"}],"curies":[{"name":"wp","href":"https:\/\/api.w.org\/{rel}","templated":true}]}}