{"id":2613,"date":"2022-07-12T14:37:34","date_gmt":"2022-07-12T14:37:34","guid":{"rendered":"https:\/\/www.edite-de-paris.fr\/?page_id=2613"},"modified":"2026-01-21T11:56:59","modified_gmt":"2026-01-21T10:56:59","slug":"soutenance-declaree-sur-myedb-apres-le-1er-septembre-2022-doctorants-inscrits-a-sorbonne-universite","status":"publish","type":"page","link":"https:\/\/edite-de-paris.fr\/index.php\/soutenance-declaree-sur-myedb-apres-le-1er-septembre-2022-doctorants-inscrits-a-sorbonne-universite\/","title":{"rendered":"Soutenance \u2013 doctorants inscrits \u00e0  Sorbonne Universit\u00e9 &#8211; ADUM"},"content":{"rendered":"\n<h2 class=\"wp-block-heading\">1. En amont \u00e0 la demande<\/h2>\n\n\n\n<p>&nbsp;Le directeur ou directrice de th\u00e8se<strong> constitue une liste des membres<\/strong>&nbsp;du jury dont les rapporteurs au regard de la r\u00e9glementation ci-dessous&nbsp;:&nbsp;<\/p>\n\n\n\n<h3 class=\"wp-block-heading\"><strong><em>CHOIX DU JURY<\/em><\/strong>&nbsp;<\/h3>\n\n\n\n<ul class=\"wp-block-list\">\n<li>Le nombre des membres du jury est compris entre 4 et 8.<\/li>\n\n\n\n<li>Il est compos\u00e9 au moins pour moiti\u00e9 de personnalit\u00e9s fran\u00e7aises ou \u00e9trang\u00e8res, ext\u00e9rieures \u00e0 l\u2019\u00e9cole doctorale et \u00e0 l\u2019\u00e9tablissement d\u2019inscription du candidat et choisies en raison de leur comp\u00e9tence scientifique, sous r\u00e9serve des dispositions relatives \u00e0 la cotutelle internationale de th\u00e8se.<\/li>\n\n\n\n<li>le jury ne peut pas \u00eatre compos\u00e9 de plus de 3 membres appartenant au m\u00eame laboratoire<\/li>\n\n\n\n<li>La moiti\u00e9 du jury au moins doit \u00eatre compos\u00e9e de professeurs ou&nbsp;<em>personnels assimil\u00e9s<\/em>, ou d\u2019enseignants de rang \u00e9quivalent qui ne d\u00e9pendent pas du minist\u00e8re charg\u00e9 de l\u2019enseignement sup\u00e9rieur. Attention, les maitre.sse.s de conf\u00e9rences HDR ne sont pas des assimil\u00e9.e.s.<\/li>\n\n\n\n<li>Sa composition doit permettre une repr\u00e9sentation \u00e9quilibr\u00e9e des femmes et des hommes. Tout jury doit inclure au moins une femme et un homme.<\/li>\n\n\n\n<li>Le directeur ou directrice de th\u00e8se fixe la date de soutenance avec les membres du jury.<\/li>\n\n\n\n<li>Le directeur de th\u00e8se est membre du jury, mais ne prend pas part \u00e0 la d\u00e9cision.<\/li>\n\n\n\n<li>Le\/ladoctorant.e ne doit avoir aucune publication commune avec,&nbsp;au plus, un membre&nbsp;du jury, en dehors des encadrant.e.s<\/li>\n<\/ul>\n\n\n\n<p><strong>Tous les cas de figures ne pouvant pas \u00eatre encadr\u00e9e par une r\u00e8gle, la d\u00e9cision finale d\u00e9coule de l\u2019expertise de la direction de l\u2019ED.<\/strong><\/p>\n\n\n\n<h3 class=\"wp-block-heading\"><strong><em>CHOIX DES RAPPORTEURS&nbsp;<\/em><\/strong>&#8211; RAPPORTEUSES<\/h3>\n\n\n\n<p><strong>Ils ou elles:<\/strong><\/p>\n\n\n\n<ul class=\"wp-block-list\">\n<li>doivent \u00eatre habilit\u00e9.e.s (ie, titulaires d&rsquo;une habilitation \u00e0 diriger des recherches ou d&rsquo;un titre \u00e9quivalent),<\/li>\n\n\n\n<li>doivent \u00eatre ext\u00e9rieurs \u00e0 l\u2019\u00e9cole doctorale et \u00e0 l\u2019\u00e9tablissement du\/de la doctorant.e.<\/li>\n\n\n\n<li>ne doivent pas avoir d&rsquo;implication dans le travail du doctorant.e.<\/li>\n\n\n\n<li>ne doivent avoir aucune publication commune avec les encadrant.e.s dans les 5 derni\u00e8res ann\u00e9es.<\/li>\n\n\n\n<li>ne peuvent pas \u00eatre rattach\u00e9s au m\u00eame laboratoire<\/li>\n\n\n\n<li><strong>ne peuvent pas avoir particip\u00e9 \u00e0 l&rsquo;un des comit\u00e9s de suivi de la doctorante ou du doctorant<\/strong><\/li>\n\n\n\n<li>peuvent appartenir \u00e0 des \u00e9tablissements d&rsquo;enseignement sup\u00e9rieur ou de recherche \u00e9trangers ou \u00e0 d&rsquo;autres organismes \u00e9trangers.<\/li>\n\n\n\n<li>pour les personnes en poste \u00e0 l&rsquo;\u00e9tranger ou dans l&rsquo;industrie:\n<ul class=\"wp-block-list\">\n<li>doivent \u00eatre titulaires de la th\u00e8se depuis au moins 5 ans. <\/li>\n\n\n\n<li>La validation est \u00e0 la discr\u00e9tion de la direction de l&rsquo;ED sur la qualit\u00e9 scientifique (fournir un CV)<\/li>\n<\/ul>\n<\/li>\n<\/ul>\n\n\n\n<p><strong>Tous les cas de figures ne pouvant pas \u00eatre encadr\u00e9e par une r\u00e8gle, la d\u00e9cision finale d\u00e9coule de l\u2019expertise de la direction de l\u2019ED.<\/strong><\/p>\n\n\n\n<p>Le directeur ou directrice de th\u00e8se&nbsp;<strong>fixe la date<\/strong>&nbsp;de soutenance avec les membres du jury.<\/p>\n\n\n\n<p>Ces \u00e9l\u00e9ments sont report\u00e9s sur la demande d\u2019autorisation de pr\u00e9sentation en soutenance.&nbsp;<\/p>\n\n\n\n<h2 class=\"wp-block-heading\">2. Demande d&rsquo;autorisation de pr\u00e9sentation en soutenance<\/h2>\n\n\n\n<p class=\"has-vivid-red-color has-text-color\"><strong>La demande d&rsquo;autorisation de pr\u00e9sentation en soutenance doit \u00eatre effectu\u00e9e au plus tard 10 semaines avant la soutenance, sur ADUM, dans l&rsquo;ordre suivant :<\/strong><\/p>\n\n\n\n<h4 class=\"wp-block-heading\"><strong>2.1. R\u00e9unir les pi\u00e8ces suivantes sur un PDF unique :<\/strong><\/h4>\n\n\n\n<ul class=\"wp-block-list\">\n<li>Le justificatif de financement jusqu&rsquo;au jour de la soutenance. Des financements autre que le contrat doctoral peuvent prendre le relais pour les fins de th\u00e8se (ATER, industriels, &#8230;)<\/li>\n\n\n\n<li>Le CV du\/de la doctorant.e<\/li>\n\n\n\n<li>Le CV du\/des rapporteurs si ce\/ces dernier(s) sont \u00e9trangers<\/li>\n\n\n\n<li>Un r\u00e9sum\u00e9 du manuscrit (r\u00e9sum\u00e9 d&rsquo;1 page si le manuscrit est r\u00e9dig\u00e9 en fran\u00e7ais  et de 10 \u00e0 15 pages si le manuscrit est en anglais) <\/li>\n\n\n\n<li>Votre certificat de scolarit\u00e9 attestant de votre inscription administrative sur l&rsquo;ann\u00e9e universitaire en cour<\/li>\n<\/ul>\n\n\n\n<h4 class=\"wp-block-heading\"><strong>2.2. <strong>D\u00e9clarer la composition de votre jury sur <a href=\"https:\/\/www.adum.fr\" data-type=\"URL\" data-id=\"https:\/\/www.adum.fr\">ADUM<\/a><\/strong><\/strong><\/h4>\n\n\n\n<p class=\"has-text-align-left\">Ci-apr\u00e8s, la proc\u00e9dure d\u00e9taill\u00e9e : <\/p>\n\n\n\n<div class=\"wp-block-file\"><a id=\"wp-block-file--media-ddc6b4c1-bc60-4899-ba8b-dfd90f80e707\" href=\"https:\/\/edite-de-paris.fr\/wp-content\/uploads\/2022\/07\/ADUM_SU_procedure-demande-soutenance_FR-1.pdf\">ADUM_SU_procedure de demande de soutenance<\/a><a href=\"https:\/\/edite-de-paris.fr\/wp-content\/uploads\/2022\/07\/ADUM_SU_procedure-demande-soutenance_FR-1.pdf\" class=\"wp-block-file__button wp-element-button\" download aria-describedby=\"wp-block-file--media-ddc6b4c1-bc60-4899-ba8b-dfd90f80e707\">T\u00e9l\u00e9charger<\/a><\/div>\n\n\n\n<div class=\"wp-block-file\"><a id=\"wp-block-file--media-aed6793d-b454-4148-8c18-9076a7656046\" href=\"https:\/\/edite-de-paris.fr\/wp-content\/uploads\/2022\/07\/ADUM_SU_procedure-demande-soutenance-EN.pdf-DROPSU.pdf\">ADUM_SU_How to submit  the request of thesis defense-EN.pdf &#8211; DROPSU<\/a><a href=\"https:\/\/edite-de-paris.fr\/wp-content\/uploads\/2022\/07\/ADUM_SU_procedure-demande-soutenance-EN.pdf-DROPSU.pdf\" class=\"wp-block-file__button wp-element-button\" download aria-describedby=\"wp-block-file--media-aed6793d-b454-4148-8c18-9076a7656046\">T\u00e9l\u00e9charger<\/a><\/div>\n\n\n\n<p class=\"has-vivid-red-color has-text-color has-medium-font-size\"><strong>ATTENTION : <\/strong>veuillez ajouter \u00e0 votre unique PDF, que vous d\u00e9poserez dans la rubrique document \u00e0 joindre, toutes les pi\u00e8ces demand\u00e9es dans la section <strong>2.1<\/strong><\/p>\n\n\n\n<p>A noter que sur ADUM, <strong>le d\u00e9p\u00f4t de la premi\u00e8re version du manuscrit de th\u00e8se au format PDF est n\u00e9cessaire pour finaliser la proc\u00e9dure de demande d&rsquo;autorisation de pr\u00e9sentation en soutenance. Cette version sera transmise aux rapporteurs<\/strong>. <\/p>\n\n\n\n<p>Seuls les dossiers de demande de soutenance complets sur ADUM, seront valid\u00e9s par la Direction de l&rsquo;EDITE.<\/p>\n\n\n\n<p class=\"has-text-align-left has-vivid-red-color has-text-color\"><strong>DELAIS <\/strong> : La demande d&rsquo;autorisation de pr\u00e9sentation en soutenance doit \u00eatre valid\u00e9e par la Direction de l\u00a0\u00bbEcole Doctorale, sur ADUM, <strong>AU PLUS TARD 8 SEMAINES AVANT LA SOUTENANCE<\/strong>. Seule cette validation sur ADUM permet la prise en compte de votre demande de soutenance par le Coll\u00e8ge Doctoral. <\/p>\n\n\n\n<h2 class=\"wp-block-heading\">3. Envoi du manuscrit aux rapporteurs <\/h2>\n\n\n\n<p>L&rsquo;envoi de votre manuscrit, tel que d\u00e9pos\u00e9 sur ADUM, sera effectu\u00e9 <strong>par l&rsquo;\u00e9cole doctorale, via ADUM<\/strong>, apr\u00e8s validation de votre demande d&rsquo;autorisation de pr\u00e9sentation en soutenance par la Direction de l&rsquo;EDITE. <\/p>\n\n\n\n<p>Les rapporteurs recevront, par mail,  un lien pour consulter le manuscrit ainsi qu&rsquo;un lien pour d\u00e9poser leurs rapports sign\u00e9s sur ADUM. Ils disposeront \u00e9galement de toutes les informations relatives au retour des  rapports (modalit\u00e9s\/date de retour etcc). Pour rappel,  il est d&rsquo;usage d&rsquo;octroyer au rapporteur <strong>1 mois pour l&rsquo;\u00e9tude du manuscrit et le rendu de son rapport<\/strong>. Le retour du rapport sera donc automatiquement demand\u00e9 1 mois, jour pour jour, avant la date pr\u00e9visionnelle de soutenance. <\/p>\n\n\n\n<p>Le\/la doctorant.e ainsi que sa Direction de th\u00e8se seront inform\u00e9s par l&rsquo;\u00e9cole doctorale de l&rsquo;envoi du manuscrit et consignes annexes aux rapporteurs. <\/p>\n\n\n\n<h2 class=\"wp-block-heading\">4. Lettre de d\u00e9signation et engagement de confidentialit\u00e9 du jury<\/h2>\n\n\n\n<p>Une lettre de d\u00e9signation en qualit\u00e9 de membre de jury, accompagn\u00e9e de l&rsquo;engagement de confidentialit\u00e9, sera adress\u00e9e <strong>par l&rsquo;\u00e9cole doctorale, via ADUM<\/strong>, \u00e0 l&rsquo;ensemble des membres du jury.<\/p>\n\n\n\n<h2 class=\"wp-block-heading\">5. Dossier de soutenance<\/h2>\n\n\n\n<p>Le dossier de soutenance (d\u00e9p\u00f4t et diffusion de th\u00e8se) qui s&rsquo;effectuait auparavant 1 mois avant le soutenance sera constitu\u00e9, sur ADUM, au fil de la proc\u00e9dure de demande de soutenance.<\/p>\n\n\n\n<h2 class=\"wp-block-heading\">6. R\u00e9ception des rapports des rapporteurs <\/h2>\n\n\n\n<p>Lorsque les deux rapports auront \u00e9t\u00e9 d\u00e9pos\u00e9s sur ADUM par les rapporteurs, une notification automatique sera adress\u00e9e au Directeur ou la Directrice de th\u00e8se du\/de la doctorant.e pour validation des rapports. <strong>Il appartient au Directeur ou \u00e0 la Directrice de th\u00e8se, au vu des rapports et via ADUM, de proposer l&rsquo;autorisation de soutenance aupr\u00e8s de la Direction de l&rsquo;EDITE<\/strong>. <\/p>\n\n\n\n<h2 class=\"wp-block-heading\">7. Autorisation de soutenance \/ convocation<\/h2>\n\n\n\n<p>L&rsquo;autorisation de soutenance sera \u00e9tudi\u00e9e par la Direction de l&rsquo;EDITE, \u00e0 l&rsquo;appui des rapports des rapporteurs et uniquement apr\u00e8s proposition de la Direction de th\u00e8se via ADUM. <\/p>\n\n\n\n<p><em>En cas de modification des informations saisies (date, jour et lieu) merci d&rsquo;envoyer un mail au secr\u00e9tariat de l&rsquo;Edite.<\/em> <\/p>\n\n\n\n<p>L&rsquo;autorisation de soutenance valid\u00e9e sera directement adress\u00e9e par la Direction de l&rsquo;Ecole doctorale au Bureau d&rsquo;Accueil des doctorants via ADUM.<\/p>\n\n\n\n<p class=\"has-text-align-left has-vivid-red-color has-text-color\"><strong>DELAI <\/strong> : L&rsquo;autorisation de soutenance doit \u00eatre valid\u00e9e  <strong>AU PLUS TARD 3 SEMAINES AVANT LA SOUTENANCE <\/strong>par la Direction de l&rsquo;EDITE<\/p>\n\n\n\n<p class=\"has-text-align-center\">&#8212;&#8212;&#8212;&#8212;&#8212;&#8212;&#8212;&#8212;&#8212;&#8212;&#8212;&#8212;&#8212;&#8212;&#8212;&#8212;&#8212;&#8212;&#8212;&#8212;&#8212;&#8212;&#8212;&#8212;&#8212;&#8212;&#8212;&#8212;&#8212;&#8212;&#8212;&#8212;&#8212;&#8212;&#8212;&#8212;&#8212;&#8212;&#8211;<\/p>\n\n\n\n<p>A SAVOIR : sont g\u00e9n\u00e9r\u00e9s\/g\u00e9r\u00e9s par le Bureau d&rsquo;Accueil des Doctorants du Coll\u00e8ge Doctoral :<\/p>\n\n\n\n<ul class=\"wp-block-list\">\n<li>l&rsquo;autorisation de soutenance sign\u00e9e par la Direction de l&rsquo;EDITE, et la notification y aff\u00e9rent au\/\u00e0 la doctorant.e et \u00e0 sa Direction de th\u00e8se<\/li>\n\n\n\n<li>la convocation aux membres du jury accompagn\u00e9e des recommandations au jury, la procuration de signature et le formulaire d&rsquo;engagement de confidentialit\u00e9<\/li>\n\n\n\n<li>le rapport de soutenance <\/li>\n\n\n\n<li>le proc\u00e8s verbal de soutenance <\/li>\n\n\n\n<li>la notification au doctorant et \u00e0 sa Direction de th\u00e8se, par mail, de la mise \u00e0 disposition, dans son espace ADUM, des rapports des rapporteurs et des documents \u00e0 remettre au Pr\u00e9sident du Jury le jour de la soutenance<\/li>\n<\/ul>\n\n\n\n<h2 class=\"wp-block-heading\">8. Test technique pour les soutenances en visio-conf\u00e9rence partielles ou totales <\/h2>\n\n\n\n<p>Proc\u00e9der avec votre ou vos encadrants des tests visio pour vous assurer du bon d\u00e9roulement technique de la soutenance au jour J.<\/p>\n\n\n\n<h2 class=\"wp-block-heading\">9. Le jour de la soutenance <\/h2>\n\n\n\n<p>Le Pr\u00e9sident(e) du jury est tenu de  : <\/p>\n\n\n\n<ol class=\"wp-block-list\">\n<li>Veiller \u00e0 la r\u00e9ception du Proc\u00e8s-verbal de soutenance, du rapport technique de soutenance, de l\u2019autorisation de soutenance, des rapports des rapporteurs et des recommandations du jury<\/li>\n\n\n\n<li>Veiller \u00e0 collecter les \u00e9ventuelles procurations sign\u00e9es num\u00e9riquement par les membres concern\u00e9s. A noter, ces procurations devront \u00eatre transmises&nbsp;<strong>via une adresse mail professionnelle<\/strong>&nbsp;et&nbsp;<strong>avant la d\u00e9lib\u00e9ration du jury<\/strong>, pour \u00eatre valides (\u00e9changes \u00e0 conserver et mis \u00e0 la disposition de Sorbonne Universit\u00e9 sur demande)&nbsp;<\/li>\n\n\n\n<li>Garantir l\u2019authentification des membres du jury participant \u00e0 la visioconf\u00e9rence.&nbsp;<\/li>\n\n\n\n<li>Pour rappel, les directeurs et encadrants participent au jury mais ne prennent pas part \u00e0 la d\u00e9cision. Ils participent donc aux discussions au jury en l&rsquo;absence du candidat, puis le jury se retire en l&rsquo;absence des directeurs et encadrants pour prendre leur d\u00e9cision d&rsquo;admission ou d&rsquo;ajournement. <\/li>\n<\/ol>\n\n\n\n<p class=\"has-white-color has-text-color\">vvvvvvvv<\/p>\n\n\n\n<div class=\"wp-block-file\"><a id=\"wp-block-file--media-14bf5f36-36d8-4bcc-a170-c80b89e435e5\" href=\"https:\/\/edite-de-paris.fr\/wp-content\/uploads\/2021\/01\/Rapport-technique2.pdf\">Rapport technique<\/a><a href=\"https:\/\/edite-de-paris.fr\/wp-content\/uploads\/2021\/01\/Rapport-technique2.pdf\" class=\"wp-block-file__button wp-element-button\" download aria-describedby=\"wp-block-file--media-14bf5f36-36d8-4bcc-a170-c80b89e435e5\">T\u00e9l\u00e9charger<\/a><\/div>\n\n\n\n<div class=\"wp-block-file\"><a id=\"wp-block-file--media-11aba5f6-9cd6-4af0-8948-5f37fad6bf03\" href=\"https:\/\/edite-de-paris.fr\/wp-content\/uploads\/2021\/03\/recommandation_jury_V2021.pdf\">Recommandations du jury &#8211; 2021<\/a><a href=\"https:\/\/edite-de-paris.fr\/wp-content\/uploads\/2021\/03\/recommandation_jury_V2021.pdf\" class=\"wp-block-file__button wp-element-button\" download aria-describedby=\"wp-block-file--media-11aba5f6-9cd6-4af0-8948-5f37fad6bf03\">T\u00e9l\u00e9charger<\/a><\/div>\n\n\n\n<h2 class=\"wp-block-heading\">10. En aval de la soutenance<\/h2>\n\n\n\n<ul class=\"wp-block-list\">\n<li>Signer le Proc\u00e8s-Verbal (PV)&nbsp;<\/li>\n\n\n\n<li>Signer le rapport de soutenance. Il appartient au pr\u00e9sident du jury de s\u2019assurer que tous les membres valident le contenu du rapport. Les \u00e9changes de mail en ce sens doivent donc \u00eatre conserv\u00e9s et mis \u00e0 la disposition de Sorbonne Universit\u00e9 sur demande.&nbsp;<\/li>\n\n\n\n<li>La <strong>Direction de th\u00e8se d\u00e9pose, sur ADUM, au plus tard 7 jours apr\u00e8s la soutenance<\/strong>, une copie scann\u00e9e en format PDF des pi\u00e8ces suivantes :\n<ul class=\"wp-block-list\">\n<li>Le proc\u00e8s-verbal de soutenance sign\u00e9 en original par le pr\u00e9sident du jury<\/li>\n\n\n\n<li>Le rapport de soutenance en original contresign\u00e9 par l\u2019ensemble des membres du jury ou, le cas \u00e9ch\u00e9ant, du seul pr\u00e9sident du jury de th\u00e8se lorsque procuration lui a \u00e9t\u00e9 donn\u00e9e par les membres du jury&nbsp;<\/li>\n\n\n\n<li>l\u2019ensemble des procurations envoy\u00e9es via une adresse mail professionnelle le cas \u00e9ch\u00e9ant<\/li>\n\n\n\n<li>Le rapport technique le cas \u00e9ch\u00e9ant sign\u00e9 en original par le pr\u00e9sident du jury<\/li>\n<\/ul>\n<\/li>\n\n\n\n<li>La <strong>Direction de th\u00e8se remet l&rsquo;ensemble des originaux des pi\u00e8ces au Bureau d&rsquo;Accueil des Doctorants<\/strong> du Coll\u00e8ge Doctoral de Sorbonne Universit\u00e9, \u00e0 l&rsquo;adresse suivante : 15 rue de l\u2019Ecole de M\u00e9decine, 75006 PARIS.<\/li>\n<\/ul>\n\n\n\n<p class=\"has-white-color has-text-color\">vvvvvvvvvvvv<\/p>\n\n\n\n<p><em>Seule la transmission des documents originaux conditionne la possibilit\u00e9 de d\u00e9livrer une attestation de r\u00e9ussite au dipl\u00f4me<\/em>. <\/p>\n\n\n\n<p>Le manuscrit d\u00e9finitif doit \u00eatre d\u00e9pos\u00e9, au plus tard, trois mois apr\u00e8s la soutenance, sur ADUM. <\/p>\n","protected":false},"excerpt":{"rendered":"<p>1. En amont \u00e0 la demande &nbsp;Le directeur ou directrice de th\u00e8se constitue une liste des membres&nbsp;du jury dont les rapporteurs au regard de la r\u00e9glementation ci-dessous&nbsp;:&nbsp; CHOIX DU JURY&nbsp; Tous les cas de figures ne pouvant pas \u00eatre encadr\u00e9e par une r\u00e8gle, la d\u00e9cision finale d\u00e9coule de l\u2019expertise de la direction de l\u2019ED. CHOIX [&hellip;]<\/p>\n","protected":false},"author":1,"featured_media":0,"parent":0,"menu_order":0,"comment_status":"closed","ping_status":"closed","template":"","meta":{"footnotes":""},"class_list":["post-2613","page","type-page","status-publish","hentry"],"_links":{"self":[{"href":"https:\/\/edite-de-paris.fr\/index.php\/wp-json\/wp\/v2\/pages\/2613","targetHints":{"allow":["GET"]}}],"collection":[{"href":"https:\/\/edite-de-paris.fr\/index.php\/wp-json\/wp\/v2\/pages"}],"about":[{"href":"https:\/\/edite-de-paris.fr\/index.php\/wp-json\/wp\/v2\/types\/page"}],"author":[{"embeddable":true,"href":"https:\/\/edite-de-paris.fr\/index.php\/wp-json\/wp\/v2\/users\/1"}],"replies":[{"embeddable":true,"href":"https:\/\/edite-de-paris.fr\/index.php\/wp-json\/wp\/v2\/comments?post=2613"}],"version-history":[{"count":2,"href":"https:\/\/edite-de-paris.fr\/index.php\/wp-json\/wp\/v2\/pages\/2613\/revisions"}],"predecessor-version":[{"id":4230,"href":"https:\/\/edite-de-paris.fr\/index.php\/wp-json\/wp\/v2\/pages\/2613\/revisions\/4230"}],"wp:attachment":[{"href":"https:\/\/edite-de-paris.fr\/index.php\/wp-json\/wp\/v2\/media?parent=2613"}],"curies":[{"name":"wp","href":"https:\/\/api.w.org\/{rel}","templated":true}]}}