{"id":30,"date":"2019-10-21T10:53:11","date_gmt":"2019-10-21T10:53:11","guid":{"rendered":"https:\/\/www.edite-de-paris.fr\/?page_id=30"},"modified":"2026-01-17T11:37:07","modified_gmt":"2026-01-17T10:37:07","slug":"deroulement-de-la-these","status":"publish","type":"page","link":"https:\/\/edite-de-paris.fr\/index.php\/deroulement-de-la-these\/","title":{"rendered":"D\u00e9roulement de la th\u00e8se"},"content":{"rendered":"\n<p>Cet article d\u00e9crit le d\u00e9roulement standard d\u2019une th\u00e8se \u00e0 l\u2019EDITE.<\/p>\n\n\n\n<p>Dans ce qui suit, les diff\u00e9rentes \u00e9tapes sont conditionn\u00e9es par<\/p>\n\n\n\n<ul class=\"wp-block-list\">\n<li>soit par la date de d\u00e9but de th\u00e8se <strong>T0<\/strong>;<\/li>\n\n\n\n<li>soit par les ann\u00e9es universitaires (du 1er octobre N au 15 d\u00e9cembre N+1);<\/li>\n\n\n\n<li>soit par la date de soutenance <strong>S<\/strong>.<\/li>\n<\/ul>\n\n\n\n<ul class=\"wp-block-list\">\n<li><strong><span class=\"has-inline-color has-vivid-green-cyan-color\">T0<\/span><\/strong> <br>Inscription en premi\u00e8re ann\u00e9e de th\u00e8se (<a href=\"https:\/\/edite-de-paris.fr\/index.php\/inscriptions\/\">en savoir plus<\/a>)<\/li>\n<\/ul>\n\n\n\n<ul class=\"wp-block-list\">\n<li><span class=\"has-inline-color has-vivid-green-cyan-color\"><strong>T0+6<\/strong> mois (au plus tard)<br><\/span>Constitution d&rsquo;un comit\u00e9 de suivi (<a href=\"https:\/\/edite-de-paris.fr\/index.php\/comite-de-suivi\">en savoir plus<\/a>)<\/li>\n<\/ul>\n\n\n\n<ul class=\"wp-block-list\">\n<li><span class=\"has-inline-color has-vivid-green-cyan-color\">Avant le premier comit\u00e9 de suivi<br><\/span>Description d&rsquo;un Plan Individuel de Formations (<a href=\"https:\/\/edite-de-paris.fr\/index.php\/plan-individuel-de-formation\/\">en savoir plus<\/a>).<\/li>\n<\/ul>\n\n\n\n<ul class=\"wp-block-list\">\n<li><span class=\"has-inline-color has-vivid-green-cyan-color\"><strong>R\u00e9inscriptions en 2\u00e8me ann\u00e9e de doctorat<\/strong><\/span><br>Bien que les inscriptions aient en premi\u00e8re ann\u00e9e ait lieu tout au long de l\u2019ann\u00e9e, cette r\u00e9inscription est li\u00e9e \u00e0 l\u2019ann\u00e9e universitaire et non \u00e0 la date de d\u00e9but de th\u00e8se. Le rapport du premier comit\u00e9 de suivi est obligatoire pour cette inscription.<\/li>\n<\/ul>\n\n\n\n<ul class=\"wp-block-list\">\n<li><span class=\"has-inline-color has-vivid-green-cyan-color\"><strong>R\u00e9inscriptions en 3\u00e8me ann\u00e9e de doctorat<\/strong><\/span> <br>Un nouveau rapport du comit\u00e9 de suivi est n\u00e9cessaire pour s&rsquo;inscrire en 3e ann\u00e9e.<\/li>\n<\/ul>\n\n\n\n<ul class=\"wp-block-list\">\n<li><span class=\"has-inline-color has-vivid-green-cyan-color\"><strong>T0 \u00e0 T0+36<\/strong>&nbsp;mois<br><\/span>Vous devez avoir suivi des formations doctorales (<a href=\"https:\/\/edite-de-paris.fr\/index.php\/plan-individuel-de-formation\/\">en savoir plus<\/a>).<\/li>\n<\/ul>\n\n\n\n<ul class=\"wp-block-list\">\n<li><span class=\"has-inline-color has-vivid-green-cyan-color\"><strong>T0+36 mois : Soutenance<\/strong><\/span>\n<ul class=\"wp-block-list\">\n<li>Optimalement, la soutenance (S) doit \u00eatre avant \u00e0 T0+40.<\/li>\n\n\n\n<li>(S-2) 2 mois avant la soutenance : envoi du manuscrit aux rapporteurs.<\/li>\n\n\n\n<li>(S-1) 1 mois avant la soutenance : r\u00e9ception des rapports par l\u2019EDITE<\/li>\n<\/ul>\n<\/li>\n<\/ul>\n\n\n\n<p>Pendant toute la dur\u00e9e de la th\u00e8se, vous aurez aussi \u00e0 saisir dans&nbsp;<a href=\"http:\/\/hal.archives-ouvertes.fr\/\">HAL<\/a>&nbsp;les m\u00e9ta-donn\u00e9es concernant vos productions scientifiques (<a href=\"http:\/\/tel.archives-ouvertes.fr\/\">TEL<\/a>&nbsp;pour votre th\u00e8se). <\/p>\n\n\n\n<p>A consulter \u00e9galement, le <strong>Passeport pour la science ouverte.<\/strong> Ce guide \u00e9dit\u00e9 par la Minist\u00e8re de l&rsquo;Enseignement Sup\u00e9rieur, de la Recherche et de l&rsquo;Innovation s&rsquo;adresse \u00e0 tous les doctorants en France, dans toutes les disciplines.  Guide consultable en version num\u00e9rique : <a href=\"https:\/\/www.ouvrirlascience.fr\">https:\/\/www.ouvrirlascience.fr<\/a><\/p>\n\n\n\n<p><\/p>\n","protected":false},"excerpt":{"rendered":"<p>Cet article d\u00e9crit le d\u00e9roulement standard d\u2019une th\u00e8se \u00e0 l\u2019EDITE. Dans ce qui suit, les diff\u00e9rentes \u00e9tapes sont conditionn\u00e9es par Pendant toute la dur\u00e9e de la th\u00e8se, vous aurez aussi \u00e0 saisir dans&nbsp;HAL&nbsp;les m\u00e9ta-donn\u00e9es concernant vos productions scientifiques (TEL&nbsp;pour votre th\u00e8se). A consulter \u00e9galement, le Passeport pour la science ouverte. Ce guide \u00e9dit\u00e9 par la [&hellip;]<\/p>\n","protected":false},"author":1,"featured_media":0,"parent":0,"menu_order":0,"comment_status":"closed","ping_status":"closed","template":"","meta":{"footnotes":""},"class_list":["post-30","page","type-page","status-publish","hentry"],"_links":{"self":[{"href":"https:\/\/edite-de-paris.fr\/index.php\/wp-json\/wp\/v2\/pages\/30","targetHints":{"allow":["GET"]}}],"collection":[{"href":"https:\/\/edite-de-paris.fr\/index.php\/wp-json\/wp\/v2\/pages"}],"about":[{"href":"https:\/\/edite-de-paris.fr\/index.php\/wp-json\/wp\/v2\/types\/page"}],"author":[{"embeddable":true,"href":"https:\/\/edite-de-paris.fr\/index.php\/wp-json\/wp\/v2\/users\/1"}],"replies":[{"embeddable":true,"href":"https:\/\/edite-de-paris.fr\/index.php\/wp-json\/wp\/v2\/comments?post=30"}],"version-history":[{"count":3,"href":"https:\/\/edite-de-paris.fr\/index.php\/wp-json\/wp\/v2\/pages\/30\/revisions"}],"predecessor-version":[{"id":4033,"href":"https:\/\/edite-de-paris.fr\/index.php\/wp-json\/wp\/v2\/pages\/30\/revisions\/4033"}],"wp:attachment":[{"href":"https:\/\/edite-de-paris.fr\/index.php\/wp-json\/wp\/v2\/media?parent=30"}],"curies":[{"name":"wp","href":"https:\/\/api.w.org\/{rel}","templated":true}]}}