{"id":305,"date":"2020-02-19T12:29:39","date_gmt":"2020-02-19T12:29:39","guid":{"rendered":"https:\/\/www.edite-de-paris.fr\/?page_id=305"},"modified":"2026-01-16T19:32:48","modified_gmt":"2026-01-16T18:32:48","slug":"inscription-universite-de-paris","status":"publish","type":"page","link":"https:\/\/edite-de-paris.fr\/index.php\/inscription-universite-de-paris\/","title":{"rendered":"Inscription Universit\u00e9 Paris Cit\u00e9"},"content":{"rendered":"\n<p><a href=\"https:\/\/edite-de-paris.fr\/index.php\/premiere-inscription-universite-de-paris\/\">Premi\u00e8re inscription \u00e0 l&rsquo;Universit\u00e9 Paris Cit\u00e9<\/a><\/p>\n\n\n\n<p><a href=\"https:\/\/edite-de-paris.fr\/index.php\/reinscriptions-universite-de-paris\/\">R\u00e9inscriptions \u00e0 l&rsquo;Universit\u00e9\u00a0Paris Cit\u00e9<\/a><\/p>\n","protected":false},"excerpt":{"rendered":"<p>Premi\u00e8re inscription \u00e0 l&rsquo;Universit\u00e9 Paris Cit\u00e9 R\u00e9inscriptions \u00e0 l&rsquo;Universit\u00e9\u00a0Paris Cit\u00e9<\/p>\n","protected":false},"author":1,"featured_media":0,"parent":0,"menu_order":0,"comment_status":"closed","ping_status":"closed","template":"","meta":{"footnotes":""},"class_list":["post-305","page","type-page","status-publish","hentry"],"_links":{"self":[{"href":"https:\/\/edite-de-paris.fr\/index.php\/wp-json\/wp\/v2\/pages\/305","targetHints":{"allow":["GET"]}}],"collection":[{"href":"https:\/\/edite-de-paris.fr\/index.php\/wp-json\/wp\/v2\/pages"}],"about":[{"href":"https:\/\/edite-de-paris.fr\/index.php\/wp-json\/wp\/v2\/types\/page"}],"author":[{"embeddable":true,"href":"https:\/\/edite-de-paris.fr\/index.php\/wp-json\/wp\/v2\/users\/1"}],"replies":[{"embeddable":true,"href":"https:\/\/edite-de-paris.fr\/index.php\/wp-json\/wp\/v2\/comments?post=305"}],"version-history":[{"count":1,"href":"https:\/\/edite-de-paris.fr\/index.php\/wp-json\/wp\/v2\/pages\/305\/revisions"}],"predecessor-version":[{"id":4029,"href":"https:\/\/edite-de-paris.fr\/index.php\/wp-json\/wp\/v2\/pages\/305\/revisions\/4029"}],"wp:attachment":[{"href":"https:\/\/edite-de-paris.fr\/index.php\/wp-json\/wp\/v2\/media?parent=305"}],"curies":[{"name":"wp","href":"https:\/\/api.w.org\/{rel}","templated":true}]}}