{"id":323,"date":"2020-02-19T12:52:45","date_gmt":"2020-02-19T12:52:45","guid":{"rendered":"https:\/\/www.edite-de-paris.fr\/?page_id=323"},"modified":"2026-01-20T09:59:59","modified_gmt":"2026-01-20T08:59:59","slug":"hdr-depot-dun-prd","status":"publish","type":"page","link":"https:\/\/edite-de-paris.fr\/index.php\/hdr-depot-dun-prd\/","title":{"rendered":"D\u00e9p\u00f4t d&rsquo;un PRD"},"content":{"rendered":"\n<p>Seuls les HDR peuvent d\u00e9poser un PRD. Pour cela, rendez-vous sur ADUM, dans la rubrique \u00ab\u00a0Proposition de th\u00e8se\u00a0\u00bb.<\/p>\n\n\n\n<figure class=\"wp-block-image size-full is-resized\"><img loading=\"lazy\" decoding=\"async\" width=\"464\" height=\"112\" src=\"https:\/\/edite-de-paris.fr\/wp-content\/uploads\/2026\/01\/prd.png\" alt=\"\" class=\"wp-image-4109\" style=\"aspect-ratio:4.143236903831118;width:224px;height:auto\" srcset=\"https:\/\/edite-de-paris.fr\/wp-content\/uploads\/2026\/01\/prd.png 464w, https:\/\/edite-de-paris.fr\/wp-content\/uploads\/2026\/01\/prd-300x72.png 300w\" sizes=\"auto, (max-width: 464px) 100vw, 464px\" \/><\/figure>\n\n\n\n<p>Votre PRD sera ensuite valid\u00e9 par le directeur de votre laboratoire, puis par la direction de l&rsquo;EDITE.<\/p>\n\n\n\n<p>Une fois valid\u00e9, votre PRD sera archiv\u00e9 et vous ne le verrez plus sur ADUM (sauf si vous nous demandez de le d\u00e9sarchiver). Une notification vous sera envoy\u00e9e, accompagn\u00e9e d\u2019un document PDF que vous remettrez \u00e0 votre doctorant au moment de son inscription.<\/p>\n\n\n\n<p>Si vous cherchez un candidat et vous voulez publier votre PRD sur Internet, vous devez nous en faire la demande par email apr\u00e8s la r\u00e9ception de la notification. Le PRD sera visible sur le site de Campus France, sur celui de l\u2019Association Bernard Gregory, ainsi que sur la rubrique \u00ab\u00a0offres de th\u00e8se\u00a0\u00bb du site de l\u2019EDITE.<\/p>\n\n\n\n<p><\/p>\n","protected":false},"excerpt":{"rendered":"<p>Seuls les HDR peuvent d\u00e9poser un PRD. Pour cela, rendez-vous sur ADUM, dans la rubrique \u00ab\u00a0Proposition de th\u00e8se\u00a0\u00bb. Votre PRD sera ensuite valid\u00e9 par le directeur de votre laboratoire, puis par la direction de l&rsquo;EDITE. Une fois valid\u00e9, votre PRD sera archiv\u00e9 et vous ne le verrez plus sur ADUM (sauf si vous nous demandez [&hellip;]<\/p>\n","protected":false},"author":1,"featured_media":0,"parent":0,"menu_order":0,"comment_status":"closed","ping_status":"closed","template":"","meta":{"footnotes":""},"class_list":["post-323","page","type-page","status-publish","hentry"],"_links":{"self":[{"href":"https:\/\/edite-de-paris.fr\/index.php\/wp-json\/wp\/v2\/pages\/323","targetHints":{"allow":["GET"]}}],"collection":[{"href":"https:\/\/edite-de-paris.fr\/index.php\/wp-json\/wp\/v2\/pages"}],"about":[{"href":"https:\/\/edite-de-paris.fr\/index.php\/wp-json\/wp\/v2\/types\/page"}],"author":[{"embeddable":true,"href":"https:\/\/edite-de-paris.fr\/index.php\/wp-json\/wp\/v2\/users\/1"}],"replies":[{"embeddable":true,"href":"https:\/\/edite-de-paris.fr\/index.php\/wp-json\/wp\/v2\/comments?post=323"}],"version-history":[{"count":4,"href":"https:\/\/edite-de-paris.fr\/index.php\/wp-json\/wp\/v2\/pages\/323\/revisions"}],"predecessor-version":[{"id":4163,"href":"https:\/\/edite-de-paris.fr\/index.php\/wp-json\/wp\/v2\/pages\/323\/revisions\/4163"}],"wp:attachment":[{"href":"https:\/\/edite-de-paris.fr\/index.php\/wp-json\/wp\/v2\/media?parent=323"}],"curies":[{"name":"wp","href":"https:\/\/api.w.org\/{rel}","templated":true}]}}