{"id":340,"date":"2020-02-19T15:43:12","date_gmt":"2020-02-19T15:43:12","guid":{"rendered":"https:\/\/www.edite-de-paris.fr\/?page_id=340"},"modified":"2026-01-17T13:17:18","modified_gmt":"2026-01-17T12:17:18","slug":"reglement-interieur-de-ledite","status":"publish","type":"page","link":"https:\/\/edite-de-paris.fr\/index.php\/reglement-interieur-de-ledite\/","title":{"rendered":"R\u00e8glement int\u00e9rieur de l&rsquo;EDITE"},"content":{"rendered":"\n<p>Le r\u00e8glement int\u00e9rieur constitue l\u2019ensemble des r\u00e8gles de fonctionnement propres \u00e0 notre \u00e9cole doctorale. Il a pour objectif de pr\u00e9ciser le r\u00f4le, les attributions et le mode de fonctionnement de l\u2019ED 130.<\/p>\n\n\n\n<p>Cette version du r\u00e8glement int\u00e9rieur est susceptible de modifications et s&rsquo;applique jusqu&rsquo;\u00e0 la prochaine d\u00e9lib\u00e9ration du conseil de l&rsquo;EDITE.<\/p>\n\n\n\n<p><a href=\"https:\/\/edite-de-paris.fr\/wp-content\/uploads\/2026\/01\/Reglement-Interieur-ED-130.pdf\"><em>R\u00e8glement Int\u00e9rieur ED 130<\/em><\/a><\/p>\n\n\n\n<p>Les r\u00e8gles relatives au taux d\u2019encadrement en vigueur sont les suivantes :<\/p>\n\n\n\n<h4 class=\"wp-block-heading\"><a href=\"https:\/\/edite-de-paris.fr\/?page_id=403\">Taux d&rsquo;encadrement<\/a><\/h4>\n\n\n\n<p><\/p>\n","protected":false},"excerpt":{"rendered":"<p>Le r\u00e8glement int\u00e9rieur constitue l\u2019ensemble des r\u00e8gles de fonctionnement propres \u00e0 notre \u00e9cole doctorale. Il a pour objectif de pr\u00e9ciser le r\u00f4le, les attributions et le mode de fonctionnement de l\u2019ED 130. Cette version du r\u00e8glement int\u00e9rieur est susceptible de modifications et s&rsquo;applique jusqu&rsquo;\u00e0 la prochaine d\u00e9lib\u00e9ration du conseil de l&rsquo;EDITE. R\u00e8glement Int\u00e9rieur ED 130 [&hellip;]<\/p>\n","protected":false},"author":1,"featured_media":0,"parent":0,"menu_order":0,"comment_status":"closed","ping_status":"closed","template":"","meta":{"footnotes":""},"class_list":["post-340","page","type-page","status-publish","hentry"],"_links":{"self":[{"href":"https:\/\/edite-de-paris.fr\/index.php\/wp-json\/wp\/v2\/pages\/340","targetHints":{"allow":["GET"]}}],"collection":[{"href":"https:\/\/edite-de-paris.fr\/index.php\/wp-json\/wp\/v2\/pages"}],"about":[{"href":"https:\/\/edite-de-paris.fr\/index.php\/wp-json\/wp\/v2\/types\/page"}],"author":[{"embeddable":true,"href":"https:\/\/edite-de-paris.fr\/index.php\/wp-json\/wp\/v2\/users\/1"}],"replies":[{"embeddable":true,"href":"https:\/\/edite-de-paris.fr\/index.php\/wp-json\/wp\/v2\/comments?post=340"}],"version-history":[{"count":3,"href":"https:\/\/edite-de-paris.fr\/index.php\/wp-json\/wp\/v2\/pages\/340\/revisions"}],"predecessor-version":[{"id":4050,"href":"https:\/\/edite-de-paris.fr\/index.php\/wp-json\/wp\/v2\/pages\/340\/revisions\/4050"}],"wp:attachment":[{"href":"https:\/\/edite-de-paris.fr\/index.php\/wp-json\/wp\/v2\/media?parent=340"}],"curies":[{"name":"wp","href":"https:\/\/api.w.org\/{rel}","templated":true}]}}