{"id":403,"date":"2020-03-03T13:30:47","date_gmt":"2020-03-03T13:30:47","guid":{"rendered":"https:\/\/www.edite-de-paris.fr\/?page_id=403"},"modified":"2020-03-03T13:30:47","modified_gmt":"2020-03-03T13:30:47","slug":"taux-dencadrement","status":"publish","type":"page","link":"https:\/\/edite-de-paris.fr\/index.php\/taux-dencadrement\/","title":{"rendered":"Taux d&rsquo;encadrement"},"content":{"rendered":"\n<p>L\u2019objectif de SU est d\u2019un maximum de 300% d\u2019encadrement par HDR. Pour atteindre cet objectif, nous proposons de limiter, dans un premier temps de limiter \u00e0 400% le taux d\u2019encadrement ce qui correspond \u00e0 8 inscriptions simultan\u00e9es en th\u00e8se (en direction, co-direction et co-encadrement).<\/p>\n\n\n\n<p>Pour rappel il est compt\u00e9<\/p>\n\n\n\n<ul class=\"wp-block-list\"><li>100% pour un encadrement par un seul HDR<\/li><li>50% pour un encadrement CIFRE par un seul HDR<\/li><li>50% pour un co-encadrement avec un autre HDR<\/li><li>50% pour un co-encadrement avec un non-HDR<\/li><\/ul>\n\n\n\n<p>L\u2019\u00c9DITE applique ces r\u00e8gles sur l\u2019ensemble des contrats doctoraux qu\u2019elle g\u00e8re, ind\u00e9pendamment de la source du financement.<\/p>\n\n\n\n<figure class=\"wp-block-image\"><img decoding=\"async\" src=\"https:\/\/edite-de-paris.fr\/wp-content\/uploads\/2019\/11\/ligne-1.png\" alt=\"\" class=\"wp-image-184\"\/><\/figure>\n\n\n\n<h4 class=\"wp-block-heading\">Co-encadrement par un non-HDR<\/h4>\n\n\n\n<p>Un non-HDR peut co-encadrer jusqu\u2019\u00e0 3 doctorants, au del\u00e0 de cette limite il\/elle est invit\u00e9 \u00e0 soutenir son HDR pour pouvoir encadrer.<\/p>\n","protected":false},"excerpt":{"rendered":"<p>L\u2019objectif de SU est d\u2019un maximum de 300% d\u2019encadrement par HDR. Pour atteindre cet objectif, nous proposons de limiter, dans un premier temps de limiter \u00e0 400% le taux d\u2019encadrement ce qui correspond \u00e0 8 inscriptions simultan\u00e9es en th\u00e8se (en direction, co-direction et co-encadrement). Pour rappel il est compt\u00e9 100% pour un encadrement par un [&hellip;]<\/p>\n","protected":false},"author":1,"featured_media":0,"parent":0,"menu_order":0,"comment_status":"closed","ping_status":"closed","template":"","meta":{"footnotes":""},"class_list":["post-403","page","type-page","status-publish","hentry"],"_links":{"self":[{"href":"https:\/\/edite-de-paris.fr\/index.php\/wp-json\/wp\/v2\/pages\/403","targetHints":{"allow":["GET"]}}],"collection":[{"href":"https:\/\/edite-de-paris.fr\/index.php\/wp-json\/wp\/v2\/pages"}],"about":[{"href":"https:\/\/edite-de-paris.fr\/index.php\/wp-json\/wp\/v2\/types\/page"}],"author":[{"embeddable":true,"href":"https:\/\/edite-de-paris.fr\/index.php\/wp-json\/wp\/v2\/users\/1"}],"replies":[{"embeddable":true,"href":"https:\/\/edite-de-paris.fr\/index.php\/wp-json\/wp\/v2\/comments?post=403"}],"version-history":[{"count":0,"href":"https:\/\/edite-de-paris.fr\/index.php\/wp-json\/wp\/v2\/pages\/403\/revisions"}],"wp:attachment":[{"href":"https:\/\/edite-de-paris.fr\/index.php\/wp-json\/wp\/v2\/media?parent=403"}],"curies":[{"name":"wp","href":"https:\/\/api.w.org\/{rel}","templated":true}]}}