{"id":4232,"date":"2026-02-02T17:06:33","date_gmt":"2026-02-02T16:06:33","guid":{"rendered":"https:\/\/edite-de-paris.fr\/?page_id=4232"},"modified":"2026-02-16T10:11:31","modified_gmt":"2026-02-16T09:11:31","slug":"campagne-dattribution-des-contrats-doctoraux-2026","status":"publish","type":"page","link":"https:\/\/edite-de-paris.fr\/index.php\/campagne-dattribution-des-contrats-doctoraux-2026\/","title":{"rendered":"Campagne d\u2019attribution des contrats doctoraux 2026"},"content":{"rendered":"\n<p><em><strong>Avertissement : <\/strong>Les coll\u00e8gues HDR concern\u00e9s sont pri\u00e9s de lire attentivement, ci-dessous, les conditions d\u2019\u00e9ligibilit\u00e9<\/em><\/p>\n\n\n\n<p>La campagne pour l&rsquo;attribution des contrats doctoraux&nbsp;2026&nbsp;de l&rsquo;EDITE suivra le calendrier suivant&nbsp;:<\/p>\n\n\n\n<figure class=\"wp-block-table is-style-stripes\"><table><tbody><tr><td><strong>Calendrier de la campagne<\/strong><\/td><\/tr><tr><td>D\u00e9p\u00f4t des PRD par les membres HDR de l\u2019EDITE<\/td><td>Du 2 mars au 1er avril au soir (23h59)<\/td><\/tr><tr><td>Validation par les Directeurs d\u2019Unit\u00e9s (DU)<\/td><td>7 avril au soir (23h59)<\/td><\/tr><tr><td>Validation par la Direction de l\u2019EDITE<\/td><td>8 avril au soir (23h59)<\/td><\/tr><tr><td>S\u00e9lection des propositions par le comit\u00e9 de direction de l\u2019EDITE <br>et constitution des commissions &nbsp; <br><br>D\u00e9p\u00f4t des candidatures<\/td><td><br>9&nbsp; avril<br><br><br>Du 10 avril au 1er mai au soir (23h59)<\/td><\/tr><tr><td>Classement des candidatures par les proposants<\/td><td>Du 4 au 11 mai au soir (23h59)<\/td><\/tr><tr><td>S\u00e9lection par les commissions th\u00e9matiques<\/td><td>Du 12 mai au 21 mai<\/td><\/tr><tr><td>Auditions par les commissions th\u00e9matiques<\/td><td>Du 29 mai au 10 juin<\/td><\/tr><tr><td>Jury final<\/td><td>15 juin \u00e0 9h30<\/td><\/tr><\/tbody><\/table><\/figure>\n\n\n\n<p><strong><u class=\"\">&nbsp;<\/u><\/strong><\/p>\n\n\n\n<p><strong>D\u00e9roulement de la campagne :<\/strong><\/p>\n\n\n\n<p><strong>1.&nbsp;&nbsp;D\u00e9p\u00f4t des PRD<\/strong><\/p>\n\n\n\n<p>Tous les HDR membres de l&rsquo;EDITE, dont les laboratoires ont pour tutelle Sorbonne Universit\u00e9 ou l&rsquo;Universit\u00e9 de Paris Cit\u00e9, sont invit\u00e9s \u00e0&nbsp;d\u00e9poser des propositions de projet de recherche doctorale de th\u00e8se (PRD) sur ADUM&nbsp;&nbsp;du 2 mars au 1 avril au soir (23h59).<\/p>\n\n\n\n<p>Chaque proposition doit relever d&rsquo;une et d&rsquo;une seule th\u00e9matique. Lors du d\u00e9p\u00f4t du PRD, il est donc imp\u00e9ratif de l\u2019affecter \u00e0&nbsp;l\u2019une des quatre th\u00e9matiques suivantes&nbsp;:<\/p>\n\n\n\n<p>\u00a0\u00a0\u00a0\u00a0\u00a0\u00a0\u00a0\u00a0\u00a0\u00a0\u00a0 &#8211; \u00c9lectronique, Image et Signal<br>\u00a0\u00a0\u00a0\u00a0\u00a0\u00a0\u00a0\u00a0\u00a0\u00a0\u00a0 &#8211; Communication, R\u00e9seau et Syst\u00e8me<br>\u00a0\u00a0\u00a0\u00a0\u00a0\u00a0\u00a0\u00a0\u00a0\u00a0\u00a0 &#8211; IA-BD<br>\u00a0\u00a0\u00a0\u00a0\u00a0\u00a0\u00a0\u00a0\u00a0\u00a0\u00a0 &#8211; RO, Algo, Calcul et Programmation<br><br>Pour plus d&rsquo;information cliquez <a href=\"https:\/\/edite-de-paris.fr\/index.php\/proposition-dun-projet-de-recherche-doctoral-prd\/\" data-type=\"page\" data-id=\"4338\">ici<\/a>.<\/p>\n\n\n\n<p id=\"cond\"><strong>2.&nbsp;Conditions d&rsquo;\u00e9ligibilit\u00e9: <\/strong><\/p>\n\n\n\n<p>Dans la suite du document, le terme&nbsp;FSU&nbsp;d\u00e9signe tout financement&nbsp;Sorbonne Universit\u00e9&nbsp;li\u00e9 aux programmes&nbsp;<em>Programmes doctoraux interdisciplinaires<\/em> et aux programmes&nbsp;<em>Instituts et Initiatives<\/em>.<\/p>\n\n\n\n<ul class=\"wp-block-list\">\n<li>Pour les&nbsp;contrats doctoraux EDITE, la condition d\u2019\u00e9ligibilit\u00e9 est d\u2019\u00eatre affili\u00e9 \u00e0 l\u2019\u00e9cole doctorale et d\u2019appartenir \u00e0 un laboratoire dont la tutelle est&nbsp;Sorbonne Universit\u00e9&nbsp;ou&nbsp;l\u2019Universit\u00e9 de Paris Cit\u00e9.<br>En cas de doute, vous pouvez contacter la direction de l\u2019EDITE&nbsp; (<a href=\"mailto:direction@edite-de-paris.fr\">direction@edite-de-paris.fr<\/a>).<\/li>\n\n\n\n<li>La ou le porteur du PRD doit \u00eatre HDR ou \u00e9quivalent.<\/li>\n\n\n\n<li>Les porteurs ne pourront soumettre au total que deux PRDs, EDITE et FSU confondus, , selon les combinaisons suivantes : 2 PRD EDITE, ou 2 PRD FSU, ou 1 PRD EDITE et 1 PRD FSU.<\/li>\n\n\n\n<li>Un d\u00e9posant de PRD (porteur ou co-encadrant) ne pourra b\u00e9n\u00e9ficier que&nbsp;d\u2019un seul financement institutionnel SU (EDITE ou FSU) par an.<br>En cons\u00e9quence, si un d\u00e9posant obtient un financement FSU pour les programmes en cours et poss\u00e8de un PRD d\u00e9pos\u00e9 dans la campagne EDITE, ce PRD sera retir\u00e9 de la suite du concours EDITE.<\/li>\n\n\n\n<li>Pour l&rsquo;EDITE, toute personne ayant obtenu un financement EDITE l&rsquo;ann\u00e9e pr\u00e9c\u00e9dente ne pourra \u00eatre ni porteur ni co-encadrant pour la campagne EDITE en cours.<\/li>\n\n\n\n<li>Concernant les programmes FSU cette contrainte n&rsquo;existe pas (absence d&rsquo;effet m\u00e9moire).<\/li>\n\n\n\n<li>Un directeur de th\u00e8se dont le&nbsp;taux d\u2019encadrement est inf\u00e9rieur ou \u00e9gal \u00e0 200 %&nbsp;\u00e0 la date du d\u00e9p\u00f4t peut soumettre un PRD seul. Si son taux est de&nbsp;250 %, il ne peut soumettre un PRD qu\u2019avec une&nbsp;co-direction ou un co-encadrement.<br>Il est rappel\u00e9 que, si le projet est retenu, le&nbsp;taux d\u2019encadrement maximal autoris\u00e9 est de 300 %.<\/li>\n\n\n\n<li>Le conseil de l\u2019EDITE a vot\u00e9 en 2020 une limitation du nombre d\u2019encadrements pour les&nbsp;non-HDR. Cette limite est fix\u00e9e \u00e0&nbsp;trois encadrements&nbsp;avant l\u2019obtention de l\u2019HDR. Toute candidature devra respecter cette r\u00e8gle.<\/li>\n\n\n\n<li>Pour l\u2019EDITE, le&nbsp;taux d\u2019encadrement prend en compte les HDR et les non-HDR de mani\u00e8re \u00e9quivalente.<\/li>\n\n\n\n<li>Pour les financements&nbsp;FSU, le taux d\u2019encadrement ne prend en compte&nbsp;que les HDR.<\/li>\n<\/ul>\n\n\n\n<p>NB : Vous pouvez v\u00e9rifier votre taux d\u2019encadrement sur votre fiche ADUM.<\/p>\n\n\n\n<p><strong>3.&nbsp;&nbsp;&nbsp;Validation des sujets<\/strong><\/p>\n\n\n\n<p>Les PRD devront recevoir successivement la validation :<\/p>\n\n\n\n<p>\u00b7&nbsp;du Directeur de l\u2019Unit\u00e9, au plus tard le&nbsp;7 avril au soir (23h59) ;<\/p>\n\n\n\n<p>\u00b7&nbsp;de la Direction de l\u2019EDITE, au plus tard le&nbsp;8 avril au soir (23h59).<\/p>\n\n\n\n<p><strong>4.&nbsp;&nbsp;Candidatures<\/strong><\/p>\n\n\n\n<p>La phase de candidature d\u00e9butera le&nbsp;10 avril 2026. Les candidatures sont&nbsp;limit\u00e9es \u00e0 deux par candidat, toutes th\u00e9matiques confondues. Les candidats devront candidater via ADUM en se connectant <a href=\"https:\/\/adum.fr\/candidature\/\">ici<\/a>.<\/p>\n\n\n\n<p><span style=\"caret-color: rgb(0, 0, 0); color: rgb(0, 0, 0); font-size: revert; white-space: normal;\">Si le ou la candidate dispose d\u00e9j\u00e0 d\u2019un compte ADUM, il ou elle devra cr\u00e9er&nbsp;<\/span>un nouvel espace de candidature<span style=\"caret-color: rgb(0, 0, 0); color: rgb(0, 0, 0); font-size: revert; white-space: normal;\">&nbsp;\u00e0 l\u2019aide d\u2019une&nbsp;<\/span>adresse email diff\u00e9rente<span style=\"caret-color: rgb(0, 0, 0); color: rgb(0, 0, 0); font-size: revert; white-space: normal;\">.<\/span><\/p>\n\n\n\n<p><strong>5.&nbsp;&nbsp;Classement des candidatures par les proposants<\/strong><\/p>\n\n\n\n<p>A partir du&nbsp;4 mai et jusqu&rsquo;au 11 mai \u00e0 23h59, les proposants auront \u00e0&nbsp; indiquer les candidatures qu&rsquo;ils retiennent (c&rsquo;est-\u00e0-dire les candidats qu&rsquo;ils sont pr\u00eats \u00e0&nbsp; accepter) ainsi qu&rsquo;\u00e0&nbsp; classer ces candidatures. Les proposants ne peuvent retenir que 3 candidatures tout au plus quel que soit le nombre de PRD qu&rsquo;ils aient propos\u00e9s. Les proposants ont \u00e0&nbsp; v\u00e9rifier l&rsquo;ad\u00e9quation des candidats \u00e0&nbsp; leur PRD, \u00e0&nbsp; auditionner ces candidats et \u00e0&nbsp; facultativement accompagner le classement de lettres de recommandation \u00e0 envoyer \u00e0 l&rsquo;adresse <a href=\"mailto:direction@edite-de-paris.fr\">direction@edite-de-paris.fr<\/a>.<\/p>\n\n\n\n<p><strong>6.&nbsp;&nbsp;&nbsp;Commissions th\u00e9matiques<\/strong><\/p>\n\n\n\n<p>\u00c0 partir du&nbsp;12 mai, les candidatures retenues seront examin\u00e9es par les&nbsp;commissions th\u00e9matiques, qui analyseront les dossiers afin d\u2019effectuer une s\u00e9lection des candidats \u00e0 auditionner. Cette phase s\u2019ach\u00e8vera le&nbsp;21 mai.<\/p>\n\n\n\n<p><strong>7.&nbsp;&nbsp;&nbsp;<\/strong>&nbsp;<strong>Auditions<\/strong><\/p>\n\n\n\n<p>\u00c0 partir du&nbsp;29 mai, les commissions th\u00e9matiques auditionneront les candidats pr\u00e9s\u00e9lectionn\u00e9s et \u00e9tabliront un classement \u00e0 destination du&nbsp;jury d\u2019attribution des contrats doctoraux. Les convocations aux auditions seront envoy\u00e9es par les commissions th\u00e9matiques&nbsp;au plus tard sept jours avant la date de l\u2019audition.<br>Les modalit\u00e9s des auditions (dur\u00e9e de la pr\u00e9sentation, temps de questions, documents requis) seront pr\u00e9cis\u00e9es dans la convocation. Cette phase s\u2019ach\u00e8vera le&nbsp;10 juin.<\/p>\n\n\n\n<p><strong>8.&nbsp;&nbsp;&nbsp;<\/strong>&nbsp;<strong>Jury<\/strong><\/p>\n\n\n\n<p>Le&nbsp;jury final&nbsp;se tiendra le&nbsp;15 juin 2026 \u00e0 9h30.<\/p>\n\n\n\n<p><\/p>\n","protected":false},"excerpt":{"rendered":"<p>Avertissement : Les coll\u00e8gues HDR concern\u00e9s sont pri\u00e9s de lire attentivement, ci-dessous, les conditions d\u2019\u00e9ligibilit\u00e9 La campagne pour l&rsquo;attribution des contrats doctoraux&nbsp;2026&nbsp;de l&rsquo;EDITE suivra le calendrier suivant&nbsp;: Calendrier de la campagne D\u00e9p\u00f4t des PRD par les membres HDR de l\u2019EDITE Du 2 mars au 1er avril au soir (23h59) Validation par les Directeurs d\u2019Unit\u00e9s (DU) [&hellip;]<\/p>\n","protected":false},"author":1,"featured_media":0,"parent":0,"menu_order":0,"comment_status":"closed","ping_status":"closed","template":"","meta":{"footnotes":""},"class_list":["post-4232","page","type-page","status-publish","hentry"],"_links":{"self":[{"href":"https:\/\/edite-de-paris.fr\/index.php\/wp-json\/wp\/v2\/pages\/4232","targetHints":{"allow":["GET"]}}],"collection":[{"href":"https:\/\/edite-de-paris.fr\/index.php\/wp-json\/wp\/v2\/pages"}],"about":[{"href":"https:\/\/edite-de-paris.fr\/index.php\/wp-json\/wp\/v2\/types\/page"}],"author":[{"embeddable":true,"href":"https:\/\/edite-de-paris.fr\/index.php\/wp-json\/wp\/v2\/users\/1"}],"replies":[{"embeddable":true,"href":"https:\/\/edite-de-paris.fr\/index.php\/wp-json\/wp\/v2\/comments?post=4232"}],"version-history":[{"count":32,"href":"https:\/\/edite-de-paris.fr\/index.php\/wp-json\/wp\/v2\/pages\/4232\/revisions"}],"predecessor-version":[{"id":4354,"href":"https:\/\/edite-de-paris.fr\/index.php\/wp-json\/wp\/v2\/pages\/4232\/revisions\/4354"}],"wp:attachment":[{"href":"https:\/\/edite-de-paris.fr\/index.php\/wp-json\/wp\/v2\/media?parent=4232"}],"curies":[{"name":"wp","href":"https:\/\/api.w.org\/{rel}","templated":true}]}}