{"id":4238,"date":"2026-04-08T21:59:26","date_gmt":"2026-04-08T19:59:26","guid":{"rendered":"https:\/\/edite-de-paris.fr\/?page_id=4238"},"modified":"2026-04-08T22:00:39","modified_gmt":"2026-04-08T20:00:39","slug":"commissions-thematiques-2026","status":"publish","type":"page","link":"https:\/\/edite-de-paris.fr\/index.php\/commissions-thematiques-2026\/","title":{"rendered":"Commissions th\u00e9matiques"},"content":{"rendered":"\n<p class=\"has-medium-font-size\" id=\"block-4b78cec2-85be-407b-a994-b0a54b2bae38\"><strong>Commission th\u00e9matique \u00ab\u00a0IA-BD\u00a0\u00bb<\/strong><\/p>\n\n\n\n<p id=\"block-4b78cec2-85be-407b-a994-b0a54b2bae38\"><br>Pr\u00e9sident : Nicolas Obin (STMS)<\/p>\n\n\n\n<p id=\"block-4b78cec2-85be-407b-a994-b0a54b2bae38\"><br>-Nicolas BREDECHE (ISIR)<br>-Camille KURTZ (LIPADE)<br>-Isabelle BLOCH (LIP6)<\/p>\n\n\n\n<p class=\"has-medium-font-size\" id=\"block-93bea5de-13fb-489e-a795-f92aa446ac29\"><strong>Commission th\u00e9matique \u00ab\u00a0RO-Algo-calcul-prog\u00a0\u00bb<\/strong><\/p>\n\n\n\n<p id=\"block-93bea5de-13fb-489e-a795-f92aa446ac29\"><br>Pr\u00e9sident : Pascal Poizat (LIP6)<\/p>\n\n\n\n<p id=\"block-93bea5de-13fb-489e-a795-f92aa446ac29\">-Thibaut LUST (LIP6)<br>-Fr\u00e9d\u00e9ric MAGNIEZ (IRIF)<br>-Charlotte TRUCHET (IRCAM\/STMS)<br>-Ghiles ZIAT (EPITA\/LRE)<\/p>\n\n\n\n<p class=\"has-medium-font-size\" id=\"block-1d779d86-a5e3-4423-b7b2-10de7b39f03e\"><strong>Commission th\u00e9matique \u00ab\u00a0Electronique, Image et Signal\u00a0\u00bb<\/strong><\/p>\n\n\n\n<p id=\"block-1d779d86-a5e3-4423-b7b2-10de7b39f03e\"><br>Pr\u00e9sident : Ga\u00ebl Mah\u00e9 (LIPADE)<\/p>\n\n\n\n<p>-Clara Br\u00e9mond (LIB)<br>-Muriel Darces (GEEPS)<br>-Nan Ding (LISITE)<br>-Haralampos Stratigopoulos (LIP6)<\/p>\n\n\n\n<p class=\"has-medium-font-size\" id=\"block-af5047cf-1bf3-42b6-a65a-26b9301b5fb2\"><strong>Commission th\u00e9matique \u00ab\u00a0Communications, R\u00e9seaux et Syst\u00e8mes\u00a0\u00bb<\/strong><\/p>\n\n\n\n<p id=\"block-af5047cf-1bf3-42b6-a65a-26b9301b5fb2\"><br>Pr\u00e9sidente : Maria Potop-Butacaru (LIP6)<\/p>\n\n\n\n<p>-Nour El Madhoun (ISEP)<br>-Lionel Tabourier (LIP6)<br>-Tali Sznajder (en d\u00e9l\u00e9gation IRIF)<br>-Alessio Pagliari (LIP6)<\/p>\n\n\n\n<p><\/p>\n","protected":false},"excerpt":{"rendered":"<p>Commission th\u00e9matique \u00ab\u00a0IA-BD\u00a0\u00bb Pr\u00e9sident : Nicolas Obin (STMS) -Nicolas BREDECHE (ISIR)-Camille KURTZ (LIPADE)-Isabelle BLOCH (LIP6) Commission th\u00e9matique \u00ab\u00a0RO-Algo-calcul-prog\u00a0\u00bb Pr\u00e9sident : Pascal Poizat (LIP6) -Thibaut LUST (LIP6)-Fr\u00e9d\u00e9ric MAGNIEZ (IRIF)-Charlotte TRUCHET (IRCAM\/STMS)-Ghiles ZIAT (EPITA\/LRE) Commission th\u00e9matique \u00ab\u00a0Electronique, Image et Signal\u00a0\u00bb Pr\u00e9sident : Ga\u00ebl Mah\u00e9 (LIPADE) -Clara Br\u00e9mond (LIB)-Muriel Darces (GEEPS)-Nan Ding (LISITE)-Haralampos Stratigopoulos (LIP6) Commission th\u00e9matique \u00ab\u00a0Communications, [&hellip;]<\/p>\n","protected":false},"author":1,"featured_media":0,"parent":0,"menu_order":0,"comment_status":"closed","ping_status":"closed","template":"","meta":{"footnotes":""},"class_list":["post-4238","page","type-page","status-publish","hentry"],"_links":{"self":[{"href":"https:\/\/edite-de-paris.fr\/index.php\/wp-json\/wp\/v2\/pages\/4238","targetHints":{"allow":["GET"]}}],"collection":[{"href":"https:\/\/edite-de-paris.fr\/index.php\/wp-json\/wp\/v2\/pages"}],"about":[{"href":"https:\/\/edite-de-paris.fr\/index.php\/wp-json\/wp\/v2\/types\/page"}],"author":[{"embeddable":true,"href":"https:\/\/edite-de-paris.fr\/index.php\/wp-json\/wp\/v2\/users\/1"}],"replies":[{"embeddable":true,"href":"https:\/\/edite-de-paris.fr\/index.php\/wp-json\/wp\/v2\/comments?post=4238"}],"version-history":[{"count":11,"href":"https:\/\/edite-de-paris.fr\/index.php\/wp-json\/wp\/v2\/pages\/4238\/revisions"}],"predecessor-version":[{"id":4393,"href":"https:\/\/edite-de-paris.fr\/index.php\/wp-json\/wp\/v2\/pages\/4238\/revisions\/4393"}],"wp:attachment":[{"href":"https:\/\/edite-de-paris.fr\/index.php\/wp-json\/wp\/v2\/media?parent=4238"}],"curies":[{"name":"wp","href":"https:\/\/api.w.org\/{rel}","templated":true}]}}