{"id":779,"date":"2020-06-29T08:34:42","date_gmt":"2020-06-29T08:34:42","guid":{"rendered":"https:\/\/www.edite-de-paris.fr\/?page_id=779"},"modified":"2026-01-19T15:05:44","modified_gmt":"2026-01-19T14:05:44","slug":"cifre","status":"publish","type":"page","link":"https:\/\/edite-de-paris.fr\/index.php\/cifre\/","title":{"rendered":"Accord pr\u00e9alable d\u2019engagement CIFRE"},"content":{"rendered":"\n<h3 class=\"wp-block-heading\">CIFRE \u2013 Accord pr\u00e9alable d\u2019engagement&nbsp;<\/h3>\n\n\n\n<p>Afin d\u2019obtenir une lettre d\u2019engagement de l\u2019\u00e9cole doctorale pour un projet de th\u00e8se CIFRE, il convient d\u2019adresser un courriel \u00e0 votre <a href=\"https:\/\/edite-de-paris.fr\/index.php\/secretariat\/\">gestionnaire<\/a> EDITE, en indiquant clairement dans le corps du texte les informations suivantes :<\/p>\n\n\n\n<ul class=\"wp-block-list\">\n<li>Nom du candidat :<\/li>\n\n\n\n<li>Titre de la th\u00e8se. :<\/li>\n\n\n\n<li>Nom et qualit\u00e9 du directeur de th\u00e8se :<\/li>\n\n\n\n<li>Nom du laboratoire du&nbsp;directeur de th\u00e8se :<\/li>\n\n\n\n<li>Nom&nbsp;et qualit\u00e9&nbsp;du co-encadrant, le cas \u00e9ch\u00e9ant :<\/li>\n\n\n\n<li>Nom&nbsp;du laboratoire du&nbsp;co-encadrant, le cas \u00e9ch\u00e9ant :<\/li>\n\n\n\n<li>Nom de l&rsquo;entreprise :<\/li>\n\n\n\n<li>Nom et qualit\u00e9 de l&rsquo;encadrant cot\u00e9 entreprise :<\/li>\n<\/ul>\n\n\n\n<p>Ces informations devront \u00eatre accompagn\u00e9es des pi\u00e8ces suivantes&nbsp;:&nbsp;<br>&nbsp;&nbsp;&nbsp;&nbsp;&nbsp;&nbsp;&nbsp;&nbsp;\u2013 sujet de th\u00e8se,<br>&nbsp;&nbsp;&nbsp;&nbsp;&nbsp;&nbsp;&nbsp;&nbsp;\u2013 lettre de recommandation du futur directeur de th\u00e8se,<br>&nbsp;&nbsp;&nbsp;&nbsp;&nbsp;&nbsp;&nbsp;&nbsp;\u2013 cv et lettre de motivation du candidat,<br>&nbsp;&nbsp;&nbsp;&nbsp;&nbsp;&nbsp;&nbsp;&nbsp;\u2013 derniers r\u00e9sultats scolaires du candidat.&nbsp;<\/p>\n\n\n\n<p>Un retour par mail vous sera adress\u00e9.<\/p>\n","protected":false},"excerpt":{"rendered":"<p>CIFRE \u2013 Accord pr\u00e9alable d\u2019engagement&nbsp; Afin d\u2019obtenir une lettre d\u2019engagement de l\u2019\u00e9cole doctorale pour un projet de th\u00e8se CIFRE, il convient d\u2019adresser un courriel \u00e0 votre gestionnaire EDITE, en indiquant clairement dans le corps du texte les informations suivantes : Ces informations devront \u00eatre accompagn\u00e9es des pi\u00e8ces suivantes&nbsp;:&nbsp;&nbsp;&nbsp;&nbsp;&nbsp;&nbsp;&nbsp;&nbsp;&nbsp;\u2013 sujet de th\u00e8se,&nbsp;&nbsp;&nbsp;&nbsp;&nbsp;&nbsp;&nbsp;&nbsp;\u2013 lettre de recommandation du [&hellip;]<\/p>\n","protected":false},"author":1,"featured_media":0,"parent":0,"menu_order":0,"comment_status":"closed","ping_status":"closed","template":"","meta":{"footnotes":""},"class_list":["post-779","page","type-page","status-publish","hentry"],"_links":{"self":[{"href":"https:\/\/edite-de-paris.fr\/index.php\/wp-json\/wp\/v2\/pages\/779","targetHints":{"allow":["GET"]}}],"collection":[{"href":"https:\/\/edite-de-paris.fr\/index.php\/wp-json\/wp\/v2\/pages"}],"about":[{"href":"https:\/\/edite-de-paris.fr\/index.php\/wp-json\/wp\/v2\/types\/page"}],"author":[{"embeddable":true,"href":"https:\/\/edite-de-paris.fr\/index.php\/wp-json\/wp\/v2\/users\/1"}],"replies":[{"embeddable":true,"href":"https:\/\/edite-de-paris.fr\/index.php\/wp-json\/wp\/v2\/comments?post=779"}],"version-history":[{"count":2,"href":"https:\/\/edite-de-paris.fr\/index.php\/wp-json\/wp\/v2\/pages\/779\/revisions"}],"predecessor-version":[{"id":4119,"href":"https:\/\/edite-de-paris.fr\/index.php\/wp-json\/wp\/v2\/pages\/779\/revisions\/4119"}],"wp:attachment":[{"href":"https:\/\/edite-de-paris.fr\/index.php\/wp-json\/wp\/v2\/media?parent=779"}],"curies":[{"name":"wp","href":"https:\/\/api.w.org\/{rel}","templated":true}]}}