{"id":782,"date":"2020-06-29T08:52:01","date_gmt":"2020-06-29T08:52:01","guid":{"rendered":"https:\/\/www.edite-de-paris.fr\/?page_id=782"},"modified":"2026-01-27T15:20:05","modified_gmt":"2026-01-27T14:20:05","slug":"cesure","status":"publish","type":"page","link":"https:\/\/edite-de-paris.fr\/index.php\/cesure\/","title":{"rendered":"C\u00e9sure (non obligatoire)"},"content":{"rendered":"\n<p style=\"color:#FF0000\" ;=\"\"><strong>D\u00e9marche non obligatoire et attribu\u00e9e \u00e0 titre exceptionnel.<\/strong><\/p>\n\n\n\n<p><em>Cf extrait de l\u2019article 14 de l\u2019arr\u00eat\u00e9 du 25 mai 2016&nbsp;:<br><\/em><br>\u00ab&nbsp;\u2026.. A titre exceptionnel, sur demande motiv\u00e9e du doctorant, une p\u00e9riode de c\u00e9sure ins\u00e9cable d&rsquo;une dur\u00e9e maximale d&rsquo;une ann\u00e9e peut intervenir une seule fois, par d\u00e9cision du chef d&rsquo;\u00e9tablissement o\u00f9 est inscrit le doctorant, apr\u00e8s accord de l&#8217;employeur, le cas \u00e9ch\u00e9ant, et avis du directeur de th\u00e8se et du directeur de l&rsquo;\u00e9cole doctorale. Durant cette p\u00e9riode, le doctorant suspend temporairement sa formation et son travail de recherche, mais peut demeurer inscrit, s&rsquo;il le souhaite, au sein de son \u00e9tablissement. Cette p\u00e9riode n&rsquo;est pas comptabilis\u00e9e dans la dur\u00e9e de la th\u00e8se. L&rsquo;\u00e9tablissement garantit au doctorant qui suspend sa scolarit\u00e9 son inscription au sein de la formation doctorale \u00e0 la fin de la p\u00e9riode de c\u00e9sure.&nbsp;\u00bb<\/p>\n\n\n\n<h3 class=\"wp-block-heading\"><strong>Motifs de c\u00e9sure<\/strong><\/h3>\n\n\n\n<p>&nbsp;Les principaux motifs de c\u00e9sure sont les suivants:<\/p>\n\n\n\n<ul class=\"wp-block-list\">\n<li>Une inscription dans une autre formation&nbsp;;<\/li>\n\n\n\n<li>Une exp\u00e9rience en milieu professionnel en France ou \u00e0 l&rsquo;\u00e9tranger&nbsp;;<\/li>\n\n\n\n<li>Un engagement de service civique en France ou \u00e0 l&rsquo;\u00e9tranger&nbsp;;&nbsp;<\/li>\n\n\n\n<li>Un projet de cr\u00e9ation d&rsquo;activit\u00e9 en qualit\u00e9 d&rsquo;\u00e9tudiant-entrepreneur&nbsp;;<\/li>\n<\/ul>\n\n\n\n<h3 class=\"wp-block-heading\">Demande de c\u00e9sure<\/h3>\n\n\n\n<p><strong>Calendrier 2025\/2026 :<\/strong><\/p>\n\n\n\n<figure class=\"wp-block-image size-large\"><img loading=\"lazy\" decoding=\"async\" width=\"1024\" height=\"575\" src=\"https:\/\/edite-de-paris.fr\/wp-content\/uploads\/2026\/01\/calendrier-1024x575.png\" alt=\"\" class=\"wp-image-4281\" srcset=\"https:\/\/edite-de-paris.fr\/wp-content\/uploads\/2026\/01\/calendrier-1024x575.png 1024w, https:\/\/edite-de-paris.fr\/wp-content\/uploads\/2026\/01\/calendrier-300x168.png 300w, https:\/\/edite-de-paris.fr\/wp-content\/uploads\/2026\/01\/calendrier-768x431.png 768w, https:\/\/edite-de-paris.fr\/wp-content\/uploads\/2026\/01\/calendrier-624x350.png 624w, https:\/\/edite-de-paris.fr\/wp-content\/uploads\/2026\/01\/calendrier.png 1176w\" sizes=\"auto, (max-width: 1024px) 100vw, 1024px\" \/><\/figure>\n\n\n\n<p><strong>Rappels sur la c\u00e9sure :<\/strong><\/p>\n\n\n\n<ul class=\"wp-block-list\">\n<li>Sur demande motiv\u00e9e, une p\u00e9riode de c\u00e9sure ins\u00e9cable d\u2019une dur\u00e9e maximale d\u2019une ann\u00e9e peut intervenir une seule fois.<\/li>\n\n\n\n<li>La c\u00e9sure doit entrer dans le cadre d\u2019un projet professionnel, d\u2019\u00e9tudes ou personnel du doctorant ou de la doctorante&nbsp;<\/li>\n\n\n\n<li>Pendant la c\u00e9sure, le doctorant ou la doctorante suspend totalement son travail de recherche<\/li>\n\n\n\n<li>La c\u00e9sure prend effet en d\u00e9but de semestre<\/li>\n\n\n\n<li>Elle doit avoir lieu avant le second semestre de la 3<sup>e<\/sup>&nbsp;ann\u00e9e de th\u00e8se<\/li>\n\n\n\n<li>Si le doctorant ou la doctorante b\u00e9n\u00e9ficie d\u2019un financement d\u00e9di\u00e9 \u00e0 la pr\u00e9paration du doctorat, la c\u00e9sure n\u00e9cessite l\u2019accord de l\u2019organisme financeur et de l\u2019employeur<\/li>\n<\/ul>\n\n\n\n<div class=\"wp-block-file\"><a id=\"wp-block-file--media-7ff5645d-470c-41f1-b5ba-8b2070744f2e\" href=\"https:\/\/edite-de-paris.fr\/wp-content\/uploads\/2026\/01\/2-Campagne-Cesure-25-26-SU-1.pdf\">Information C\u00e9sure 25 26<\/a><a href=\"https:\/\/edite-de-paris.fr\/wp-content\/uploads\/2026\/01\/2-Campagne-Cesure-25-26-SU-1.pdf\" class=\"wp-block-file__button wp-element-button\" download aria-describedby=\"wp-block-file--media-7ff5645d-470c-41f1-b5ba-8b2070744f2e\">T\u00e9l\u00e9charger<\/a><\/div>\n\n\n\n<div class=\"wp-block-file\"><a id=\"wp-block-file--media-793f5fad-0765-44fd-b133-c3b4a37123e2\" href=\"https:\/\/edite-de-paris.fr\/wp-content\/uploads\/2026\/01\/3-Formulaire-demande-cesure-2025-2026-1.pdf\">Formulaire demande c\u00e9sure 2025-2026<\/a><a href=\"https:\/\/edite-de-paris.fr\/wp-content\/uploads\/2026\/01\/3-Formulaire-demande-cesure-2025-2026-1.pdf\" class=\"wp-block-file__button wp-element-button\" download aria-describedby=\"wp-block-file--media-793f5fad-0765-44fd-b133-c3b4a37123e2\">T\u00e9l\u00e9charger<\/a><\/div>\n\n\n\n<p><\/p>\n","protected":false},"excerpt":{"rendered":"<p>D\u00e9marche non obligatoire et attribu\u00e9e \u00e0 titre exceptionnel. Cf extrait de l\u2019article 14 de l\u2019arr\u00eat\u00e9 du 25 mai 2016&nbsp;:\u00ab&nbsp;\u2026.. A titre exceptionnel, sur demande motiv\u00e9e du doctorant, une p\u00e9riode de c\u00e9sure ins\u00e9cable d&rsquo;une dur\u00e9e maximale d&rsquo;une ann\u00e9e peut intervenir une seule fois, par d\u00e9cision du chef d&rsquo;\u00e9tablissement o\u00f9 est inscrit le doctorant, apr\u00e8s accord de [&hellip;]<\/p>\n","protected":false},"author":1,"featured_media":0,"parent":0,"menu_order":0,"comment_status":"closed","ping_status":"closed","template":"","meta":{"footnotes":""},"class_list":["post-782","page","type-page","status-publish","hentry"],"_links":{"self":[{"href":"https:\/\/edite-de-paris.fr\/index.php\/wp-json\/wp\/v2\/pages\/782","targetHints":{"allow":["GET"]}}],"collection":[{"href":"https:\/\/edite-de-paris.fr\/index.php\/wp-json\/wp\/v2\/pages"}],"about":[{"href":"https:\/\/edite-de-paris.fr\/index.php\/wp-json\/wp\/v2\/types\/page"}],"author":[{"embeddable":true,"href":"https:\/\/edite-de-paris.fr\/index.php\/wp-json\/wp\/v2\/users\/1"}],"replies":[{"embeddable":true,"href":"https:\/\/edite-de-paris.fr\/index.php\/wp-json\/wp\/v2\/comments?post=782"}],"version-history":[{"count":5,"href":"https:\/\/edite-de-paris.fr\/index.php\/wp-json\/wp\/v2\/pages\/782\/revisions"}],"predecessor-version":[{"id":4282,"href":"https:\/\/edite-de-paris.fr\/index.php\/wp-json\/wp\/v2\/pages\/782\/revisions\/4282"}],"wp:attachment":[{"href":"https:\/\/edite-de-paris.fr\/index.php\/wp-json\/wp\/v2\/media?parent=782"}],"curies":[{"name":"wp","href":"https:\/\/api.w.org\/{rel}","templated":true}]}}