{"id":810,"date":"2020-08-28T14:42:55","date_gmt":"2020-08-28T14:42:55","guid":{"rendered":"https:\/\/www.edite-de-paris.fr\/?page_id=810"},"modified":"2026-01-27T17:27:30","modified_gmt":"2026-01-27T16:27:30","slug":"premiere-inscription-universite-de-paris","status":"publish","type":"page","link":"https:\/\/edite-de-paris.fr\/index.php\/premiere-inscription-universite-de-paris\/","title":{"rendered":"Inscription en 1\u00e8re ann\u00e9e de doctorat &#8211; Universit\u00e9 Paris Cit\u00e9"},"content":{"rendered":"\n<p><\/p>\n\n\n\n<p><\/p>\n\n\n\n<h4 class=\"wp-block-heading has-text-align-center\"><strong>Dates d&rsquo;inscription en 1\u00e8re ann\u00e9e de doctorat &#8211; Ann\u00e9e universitaire 2025-2026 <\/strong>:<\/h4>\n\n\n\n<h4 class=\"wp-block-heading has-text-align-center has-text-color\" style=\"color:#0368a2\"><strong>jusqu&rsquo;au 15\/12\/202&nbsp;<\/strong><\/h4>\n\n\n\n<p><\/p>\n\n\n\n<p class=\"has-text-align-center\">&#8212;&#8212;&#8212;&#8212;&#8212;&#8212;&#8212;&#8212;&#8212;&#8212;&#8212;&#8212;&#8212;&#8212;&#8212;&#8212;&#8212;&#8212;&#8212;&#8212;&#8212;&#8212;&#8212;&#8212;&#8212;&#8212;&#8212;&#8211;<\/p>\n\n\n\n<p><\/p>\n\n\n\n<h4 class=\"wp-block-heading has-text-align-center\"><strong>Plateforme d&rsquo;inscription :<\/strong><\/h4>\n\n\n\n<h4 class=\"wp-block-heading has-text-align-center has-vivid-cyan-blue-color has-text-color\"><a href=\"https:\/\/ecandidat.app.u-paris.fr\/doctorants\/#!accueilView\">https:\/\/ecandidat.app.u-paris.fr\/doctorants\/<\/a><\/h4>\n\n\n\n<p><\/p>\n\n\n\n<p><strong>Votre inscription administrative \u00e0 l\u2019Universit\u00e9 Paris Cit\u00e9 en qualit\u00e9 de doctorant de l\u2019ED 130 est subordonn\u00e9e \u00e0 l\u2019accord pr\u00e9alable de la Direction de l\u2019ED130<\/strong> <strong>et valid\u00e9e ensuite par le bureau des inscriptions de l&rsquo;Universit\u00e9  Paris Cit\u00e9, apr\u00e8s obtention de la signature du VP Recherche<\/strong>.<strong> Seuls les dossiers complets seront trait\u00e9s. <\/strong><\/p>\n\n\n<div class=\"wp-block-image\">\n<figure class=\"aligncenter is-resized\"><img decoding=\"async\" src=\"https:\/\/edite-de-paris.fr\/wp-content\/uploads\/2019\/11\/ligne-1.png\" alt=\"\" class=\"wp-image-184\" style=\"width:256px;height:10px\"\/><\/figure>\n<\/div>\n\n\n<h3 class=\"wp-block-heading has-text-color\" style=\"color:#1374ac\"><strong>1.&nbsp;&nbsp;Nous contacter <\/strong><br><\/h3>\n\n\n\n<p>Il convient d&rsquo; adresser votre demande \u00e0 la gestionnaire de l&rsquo;EDITE (<a href=\"mailto:kelian.maison@sorbonne-universite.fr\">kelian.maison@sorbonne-universite.fr<\/a>) mentionnant : <\/p>\n\n\n\n<ul class=\"wp-block-list\">\n<li>Votre nom\/pr\u00e9nom<\/li>\n\n\n\n<li>Le nom\/ pr\u00e9nom\/laboratoire  de votre Directeur de th\u00e8se <\/li>\n\n\n\n<li>D\u00e9claration du&nbsp;<strong>PRD<\/strong>&nbsp;sur ADUM (\u00e0 demander \u00e0 votre directeur.e de th\u00e8se)<\/li>\n\n\n\n<li>la nature et montant du financement associ\u00e9 \u00e0 votre doctorat<\/li>\n<\/ul>\n\n\n\n<p><\/p>\n\n\n\n<h3 class=\"wp-block-heading has-text-color\" style=\"color:#2c85b8\">2. <strong>Constitution du dossier sur -e-candidat <\/strong><\/h3>\n\n\n\n<p>Les doctorants invit\u00e9s \u00e0 s\u2019inscrire devront t\u00e9l\u00e9verser, <strong>sur l&rsquo;application<\/strong> <strong>e-candidat<\/strong>,   les pi\u00e8ces justificatives suivantes, au minima, d\u00fbment <strong>compl\u00e9t\u00e9es et sign\u00e9es par le directeur\/directrice de th\u00e8se et la direction du laboratoire<\/strong> : <\/p>\n\n\n\n<ul class=\"wp-block-list\">\n<li>&nbsp;<strong>CV<\/strong><\/li>\n<\/ul>\n\n\n\n<ul class=\"wp-block-list\">\n<li><strong>Copie de la pi\u00e8ce d\u2019identit\u00e9<\/strong><\/li>\n<\/ul>\n\n\n\n<ul class=\"wp-block-list\">\n<li><strong>Titre de s\u00e9jour (si concern\u00e9)<\/strong><\/li>\n<\/ul>\n\n\n\n<ul class=\"wp-block-list\">\n<li><strong>Fiche d\u2019autorisation d\u2019inscription sign\u00e9e <\/strong><\/li>\n<\/ul>\n\n\n\n<ul class=\"wp-block-list\">\n<li>&nbsp;<strong>Photo d\u2019identit\u00e9<\/strong> (format passeport) <\/li>\n<\/ul>\n\n\n\n<ul class=\"wp-block-list\">\n<li>&nbsp;<strong>Le titre d\u2019acc\u00e8s en doctorat<\/strong> (g\u00e9n\u00e9ralement, le dipl\u00f4me de Master ou attestation de r\u00e9ussite). Seuls les dipl\u00f4mes  ou attestation de r\u00e9ussite sont accept\u00e9es. Les attestations provisoires ou relev\u00e9s de notes sont refus\u00e9s.<\/li>\n<\/ul>\n\n\n\n<ul class=\"wp-block-list\">\n<li>La d\u00e9claration du <strong>PRD<\/strong> sur ADUM (\u00e0 demander \u00e0 votre directeur.e de th\u00e8se)<\/li>\n<\/ul>\n\n\n\n<ul class=\"wp-block-list\">\n<li><strong>La convention de formation remplie et sign\u00e9e<\/strong>. Y mentionner notamment l&rsquo;intitul\u00e9 exact de la formation\/sp\u00e9cialit\u00e9 \u00e0 laquelle vous candidater, parmi les suivantes : <\/li>\n<\/ul>\n\n\n<div class=\"wp-block-image\">\n<figure class=\"aligncenter size-large\"><img decoding=\"async\" src=\"https:\/\/edite-de-paris.fr\/wp-content\/uploads\/2021\/07\/Capture-decran-2021-07-08-a-11.11.47.png\" alt=\"\" class=\"wp-image-1691\"\/><\/figure>\n<\/div>\n\n\n<p>UPCit\u00e925-26_CONVENTION-Formation<\/p>\n\n\n\n<div class=\"wp-block-buttons is-layout-flex wp-block-buttons-is-layout-flex\">\n<div class=\"wp-block-button\"><a class=\"wp-block-button__link wp-element-button\" href=\"https:\/\/edite-de-paris.fr\/wp-content\/uploads\/2026\/01\/UPCite25-26_CONVENTION-Formation-1.pdf\">T\u00e9l\u00e9charger <\/a><\/div>\n<\/div>\n\n\n\n<p>UPCit\u00e925-26_CONVENTION-Formation NOTICE <\/p>\n\n\n\n<div class=\"wp-block-buttons is-layout-flex wp-block-buttons-is-layout-flex\">\n<div class=\"wp-block-button\"><a class=\"wp-block-button__link wp-element-button\" href=\"https:\/\/edite-de-paris.fr\/wp-content\/uploads\/2026\/01\/UPCite25-26_Convention-formation-Notice-1.pdf\">T\u00e9l\u00e9charger<\/a><\/div>\n<\/div>\n\n\n\n<p class=\"has-white-color has-text-color\">&#8230;<\/p>\n\n\n\n<ul class=\"wp-block-list\">\n<li>&nbsp;<strong>La charte du doctorat <\/strong> sign\u00e9e <\/li>\n<\/ul>\n\n\n\n<ul class=\"wp-block-list\">\n<li><strong>Le justificatif de financement de la th\u00e8se<\/strong> indiquant la date de d\u00e9but et de fin de contrat, ainsi que le montant de votre r\u00e9mun\u00e9ration. <\/li>\n<\/ul>\n\n\n\n<ul class=\"wp-block-list\">\n<li>&nbsp;<strong>Formulaire d\u2019inscription p\u00e9dagogique<\/strong> (qui prend la forme d\u2019un formulaire LimeSurvey, disponible sur E-candidat dans la partie \u00ab&nbsp;formulaire compl\u00e9mentaire&nbsp;\u00bb)<\/li>\n<\/ul>\n\n\n\n<p><\/p>\n\n\n\n<p><\/p>\n\n\n\n<p><em><strong>Seule la convention de formation doit \u00eatre t\u00e9l\u00e9charg\u00e9e de ce site. Les autres documents requis sont g\u00e9n\u00e9r\u00e9s par e-candidat<\/strong>. L&rsquo;ensemble de ces pi\u00e8ces devront \u00eatre t\u00e9l\u00e9vers\u00e9es sur e-candidat une fois compl\u00e9t\u00e9es et sign\u00e9es par la direction de th\u00e8se et la direction de laboratoire sur l&rsquo;application e-candidat. L&rsquo;EDITE validera ensuite le dossier sur cette m\u00eame application.  <\/em><\/p>\n\n\n\n<p><\/p>\n\n\n\n<p><\/p>\n\n\n\n<p><\/p>\n\n\n\n<h3 class=\"wp-block-heading has-text-align-left has-text-color\" style=\"color:#1584b4\">3.  <strong>Pi\u00e8ces compl\u00e9mentaire<\/strong>s requises par l&rsquo;\u00e9cole doctorale en parall\u00e8le de la constitution du dossier sur e-candidat <\/h3>\n\n\n\n<p>Apr\u00e8s les d\u00e9p\u00f4ts des pi\u00e8ces sus-list\u00e9es sur e-candidat (2.), Il convient d&rsquo;adresser par mail \u00e0 la gestionnaire de l&rsquo;EDITE (kelian.maison@sorbonne-universite.fr) les documents compl\u00e9mentaires suivants : <\/p>\n\n\n\n<ul class=\"wp-block-list\">\n<li>Plan de th\u00e8se <\/li>\n\n\n\n<li>Lettre de recommandation du Directeur de th\u00e8se <\/li>\n\n\n\n<li>Lettre de motivation du doctorant <\/li>\n\n\n\n<li>Contrat de travail ou attestation de financement pour les 36 mois du doctorat<\/li>\n\n\n\n<li>Initier le PIF (A consulter : <a href=\"https:\/\/edite-de-paris.fr\/index.php\/plan-individuel-de-formation\/\">ici<\/a>)<\/li>\n<\/ul>\n\n\n\n<p class=\"has-text-align-left\"><em>Ces pi\u00e8ces compl\u00e9mentaires sollicit\u00e9es par l\u2019Ecole doctorale ne seront pas d\u00e9pos\u00e9es sur l\u2019application e-candidat.<\/em><\/p>\n\n\n\n<p class=\"has-text-align-left\"><strong>Seuls les dossiers complets (pi\u00e8ces et d\u00e9marches incluses) seront soumis \u00e0 la validation de la Direction de l&rsquo;\u00e9cole doctorale ED 130<\/strong><\/p>\n\n\n\n<p><\/p>\n\n\n\n<p><\/p>\n\n\n\n<h3 class=\"wp-block-heading has-text-color\" style=\"color:#1c749a\">4.  Finalisation d&rsquo;inscription sur e-candidat et paiement des droits de scolarit\u00e9 <\/h3>\n\n\n\n<p>Apr\u00e8s validation de votre dossier sur e-candidat par l&rsquo;EDITE, votre dossier sera \u00e9tudi\u00e9 par le service des inscriptions du coll\u00e8ge des \u00e9coles doctorales de l&rsquo;Universit\u00e9 Paris Cit\u00e9. Un mail d&rsquo;autorisation vous sera adress\u00e9 par ce service vous indiquant les \u00e9tapes d&rsquo;inscription en ligne devant \u00eatre finalis\u00e9es ( paiement de la CVEC, des droits de scolarit\u00e9 .. etc). <strong>Les applications g\u00e9n\u00e9rant des messages automatiques, pensez \u00e0 regarder r\u00e9guli\u00e8rement dans votre boite SPAMS. <\/strong><\/p>\n\n\n\n<p>L\u2019inscription administrative est enti\u00e8rement d\u00e9mat\u00e9rialis\u00e9e (d\u00e9marches et paiement en ligne).&nbsp;L\u2019inscription est effective d\u00e8s que le doctorant a pay\u00e9 les droits de scolarit\u00e9 pour l\u2019ann\u00e9e en cours&nbsp;(=&nbsp;possibilit\u00e9 d\u2019acc\u00e8s \u00e0 l\u2019ENT, t\u00e9l\u00e9charger un certificat de scolarit\u00e9 ou une quittance, etc. , apr\u00e8s activation du compte UPCit\u00e9).<\/p>\n\n\n\n<p>La carte d\u2019\u00e9tudiant et ses annexes seront&nbsp;\u00e9dit\u00e9es uniquement si&nbsp;l\u2019inscription&nbsp;est finalis\u00e9e (= pi\u00e8ces PJWeb valid\u00e9es).&nbsp;Les doctorants sont tenus de mettre \u00e0 jour leur adresse postale&nbsp;lors de leur (r\u00e9)inscription en ligne,&nbsp;et, en cas de changement d\u2019adresse en cours d\u2019ann\u00e9e,&nbsp;\u00e0 la modifier en ligne&nbsp;en utilisant l\u2019application&nbsp;<em>MonDossierWeb<\/em>.<\/p>\n\n\n\n<p class=\"has-white-color has-text-color\">&#8230;<\/p>\n\n\n\n<p class=\"has-white-color has-text-color\">&#8230;<\/p>\n\n\n\n<p><strong>LIENS UTILES : <\/strong><\/p>\n\n\n\n<p>Le doctorat \u00e0 l&rsquo;Universit\u00e9 Paris Cit\u00e9 (inscriptions\/r\u00e9inscriptions) :<a href=\" https:\/\/u-paris.fr\/doctorat\/sinscrire-et-se-reinscrire\/\"> https:\/\/u-paris.fr\/doctorat\/sinscrire-et-se-reinscrire\/<\/a><\/p>\n\n\n\n<p>Doctorat \u00e0 l&rsquo;Universit\u00e9 Paris Cit\u00e9 &#8211; FAQ : <a href=\"https:\/\/u-paris.fr\/doctorat\/faq\">https:\/\/u-paris.fr\/doctorat\/faq<\/a>\/<\/p>\n\n\n\n<p>Compte ENT \u00e9tudiant&nbsp;:&nbsp;<a href=\"https:\/\/mondossierweb.app.u-paris.fr\/\">https:\/\/mondossierweb.app.u-paris.fr<\/a><\/p>\n\n\n\n<p>Lien d\u2019activation du compte ENT&nbsp;:&nbsp;<a href=\"https:\/\/u-paris.fr\/activation-de-votre-compte-universite-de-paris\/\">https:\/\/u-paris.fr\/activation-de-votre-compte-universite-de-paris\/<\/a><\/p>\n\n\n\n<p>Dipl\u00f4mes \u00e9trangers &#8211; faire reconna\u00eetre son dipl\u00f4me en France : <a href=\"https:\/\/www.france-education-international.fr\/hub\/reconnaissance-de-diplomes\">https:\/\/www.france-education-international.fr\/hub\/reconnaissance-de-diplomes<\/a><\/p>\n\n\n\n<p><strong>VISA\/TITRE DE SEJOUR :<\/strong> <\/p>\n\n\n\n<p><strong>Voici les diff\u00e9rentes proc\u00e9dures \u00e0 effectuer par les doctorants \u00e9trangers (Hors UE), selon leur situation&nbsp;:<\/strong><\/p>\n\n\n\n<p>\u25aa&nbsp;<strong><u>Demande de visa&nbsp;:<\/u><\/strong><\/p>\n\n\n\n<p>Concerne les doctorants qui ne sont pas encore sur le territoire fran\u00e7ais, la demande doit \u00eatre effectu\u00e9e aupr\u00e8s du consulat de France&nbsp;de leur lieu de r\u00e9sidence. Cette d\u00e9marche doit s\u2019effectuer&nbsp;au moins 2 mois avant le d\u00e9part pour la France.<\/p>\n\n\n\n<p><strong>Les doctorants trouveront les informations correspondantes \u00e0 leur situation sur le site officiel&nbsp;<\/strong><a href=\"https:\/\/france-visas.gouv.fr\/\"><strong>France-Visas<\/strong><\/a><strong>.<\/strong><\/p>\n\n\n\n<p><strong>\u25aa&nbsp;<u>Demande de titre de s\u00e9jour (ou renouvellement)<\/u>&nbsp;pour les \u00e9tudiants d\u00e9j\u00e0 en France :<\/strong><\/p>\n\n\n\n<p>La demande de titre de s\u00e9jour scientifique-chercheur se fait int\u00e9gralement en ligne depuis la&nbsp;<a href=\"https:\/\/administration-etrangers-en-france.interieur.gouv.fr\/particuliers\/#\/\">plateforme<\/a>&nbsp;du minist\u00e8re de l\u2019Int\u00e9rieur&nbsp;:&nbsp;<a href=\"https:\/\/www.service-public.fr\/particuliers\/vosdroits\/R57629\">Demander un titre de s\u00e9jour \u00e9tudiant (D\u00e9marche en ligne)<\/a>.<\/p>\n\n\n\n<p>Les demandes de convention d\u2019accueil des&nbsp;doctorants contractuels inscrits en D1 dont l\u2019employeur est Universit\u00e9 Paris Cit\u00e9 seront remont\u00e9es \u00e0 la vie de campus par l\u2019\u00e9quipe financement via le tableau des contrats doctoraux transmis par l\u2019Ecole Doctorale.<\/p>\n\n\n\n<h5 class=\"wp-block-heading\">Pour les autres doctorants b\u00e9n\u00e9ficiant d\u2019un contrat de recherche ou doctoral hors Universit\u00e9 Paris cit\u00e9,&nbsp;ces derniers doivent contacter le&nbsp;D\u00e9partement Vie&nbsp;\u00e9tudiante par&nbsp;mail&nbsp;:&nbsp;<a href=\"mailto:titre.sejour@u-paris.fr\">titre.sejour@u-paris.fr<\/a>,&nbsp;pr\u00e9ciser leur situation et fournir une copie de leur contrat ou de leur promesse d\u2019embauche.<\/h5>\n\n\n\n<p>Les demandes de Convention d\u2019accueil&nbsp;permettent&nbsp;au chercheur d\u2019obtenir :<\/p>\n\n\n\n<p><strong><em>\u25cf<\/em><\/strong><strong><em>Un visa mention Passeport Talent Chercheur&nbsp;<\/em><\/strong><em>aupr\u00e8s du consulat de France de son pays de r\u00e9sidence, si le chercheur n\u2019est pas encore en France (ou&nbsp;un visa mention Scientifique-chercheur&nbsp;pour les ressortissants alg\u00e9riens).<\/em><em><\/em><\/p>\n\n\n\n<p><strong><em>\u25cfUne carte de s\u00e9jour Passeport Talent Chercheur<\/em><\/strong><em>&nbsp;ou un&nbsp;<strong>Certificat de R\u00e9sidence<\/strong>&nbsp;pour Alg\u00e9riens mention Scientifique chercheur&nbsp;aupr\u00e8s de la Pr\u00e9fecture de son lieu de domicile, \u00e0 son arriv\u00e9e en France lorsque son visa le pr\u00e9voit, ou lors d\u2019une demande de renouvellement ou de changement de statut s\u2019il\/si elle est d\u00e9j\u00e0 en France.<\/em><\/p>\n\n\n\n<h5 class=\"wp-block-heading\">Vous trouverez plus d\u2019informations concernant les conventions d\u2019accueil sur&nbsp;<a href=\"https:\/\/u-paris.fr\/demande-ou-renouvellement-du-titre-de-sejour-des-etudiants-etrangers\/\">le site du CED<\/a>.<\/h5>\n\n\n\n<p><strong><u>*Pour information&nbsp;:<\/u><\/strong><\/p>\n\n\n\n<p>Les doctorants titulaires d\u2019une bourse&nbsp;(exemple&nbsp;: CSC)&nbsp;ne peuvent pas obtenir de convention d\u2019accueil, ils doivent faire une demande de visa \u00e9tudiant<em>, ils peuvent se rapprocher du D\u00e9partement Vie \u00e9tudiante au mail :&nbsp;<a href=\"mailto:titre.sejour@u-paris.f\">titre.sejour@u-paris.f<\/a>r, pour \u00eatre accompagn\u00e9 dans leur d\u00e9marche.<\/em><\/p>\n","protected":false},"excerpt":{"rendered":"<p>Dates d&rsquo;inscription en 1\u00e8re ann\u00e9e de doctorat &#8211; Ann\u00e9e universitaire 2025-2026 : jusqu&rsquo;au 15\/12\/202&nbsp; &#8212;&#8212;&#8212;&#8212;&#8212;&#8212;&#8212;&#8212;&#8212;&#8212;&#8212;&#8212;&#8212;&#8212;&#8212;&#8212;&#8212;&#8212;&#8212;&#8212;&#8212;&#8212;&#8212;&#8212;&#8212;&#8212;&#8212;&#8211; Plateforme d&rsquo;inscription : https:\/\/ecandidat.app.u-paris.fr\/doctorants\/ Votre inscription administrative \u00e0 l\u2019Universit\u00e9 Paris Cit\u00e9 en qualit\u00e9 de doctorant de l\u2019ED 130 est subordonn\u00e9e \u00e0 l\u2019accord pr\u00e9alable de la Direction de l\u2019ED130 et valid\u00e9e ensuite par le bureau des inscriptions de l&rsquo;Universit\u00e9 Paris Cit\u00e9, [&hellip;]<\/p>\n","protected":false},"author":1,"featured_media":0,"parent":0,"menu_order":0,"comment_status":"closed","ping_status":"closed","template":"","meta":{"footnotes":""},"class_list":["post-810","page","type-page","status-publish","hentry"],"_links":{"self":[{"href":"https:\/\/edite-de-paris.fr\/index.php\/wp-json\/wp\/v2\/pages\/810","targetHints":{"allow":["GET"]}}],"collection":[{"href":"https:\/\/edite-de-paris.fr\/index.php\/wp-json\/wp\/v2\/pages"}],"about":[{"href":"https:\/\/edite-de-paris.fr\/index.php\/wp-json\/wp\/v2\/types\/page"}],"author":[{"embeddable":true,"href":"https:\/\/edite-de-paris.fr\/index.php\/wp-json\/wp\/v2\/users\/1"}],"replies":[{"embeddable":true,"href":"https:\/\/edite-de-paris.fr\/index.php\/wp-json\/wp\/v2\/comments?post=810"}],"version-history":[{"count":14,"href":"https:\/\/edite-de-paris.fr\/index.php\/wp-json\/wp\/v2\/pages\/810\/revisions"}],"predecessor-version":[{"id":4294,"href":"https:\/\/edite-de-paris.fr\/index.php\/wp-json\/wp\/v2\/pages\/810\/revisions\/4294"}],"wp:attachment":[{"href":"https:\/\/edite-de-paris.fr\/index.php\/wp-json\/wp\/v2\/media?parent=810"}],"curies":[{"name":"wp","href":"https:\/\/api.w.org\/{rel}","templated":true}]}}