{"id":827,"date":"2020-09-03T13:42:35","date_gmt":"2020-09-03T13:42:35","guid":{"rendered":"https:\/\/www.edite-de-paris.fr\/?page_id=827"},"modified":"2026-01-27T17:31:50","modified_gmt":"2026-01-27T16:31:50","slug":"reinscriptions-universite-de-paris","status":"publish","type":"page","link":"https:\/\/edite-de-paris.fr\/index.php\/reinscriptions-universite-de-paris\/","title":{"rendered":"R\u00e9inscriptions &#8211; Universit\u00e9 Paris Cit\u00e9"},"content":{"rendered":"\n<p><\/p>\n\n\n\n<h3 class=\"wp-block-heading\">R\u00e9inscriptions en 2\u00e8me et 3\u00e8me ann\u00e9e : <\/h3>\n\n\n\n<p class=\"has-white-color has-text-color\">&#8230;<\/p>\n\n\n\n<h4 class=\"wp-block-heading has-text-align-center has-vivid-red-color has-text-color\">jusqu&rsquo;au 15\/12\/2025 (midi)<\/h4>\n\n\n\n<h4 class=\"wp-block-heading has-text-color\" style=\"color:#1586b6\">MODALITES DE RE-INSCRIPTIONS <\/h4>\n\n\n\n<p>Vous recevrez un mail du bureau des inscriptions de l&rsquo;Universit\u00e9 Paris Cit\u00e9 vous dirigeant vers l&rsquo;application de r\u00e9inscriptions IAREINS. <strong>Aucune d\u00e9marche ne doit\/peut \u00eatre entreprise avant la r\u00e9ception de ce mail<\/strong>. <\/p>\n\n\n\n<p><strong>Important<\/strong>&nbsp;: Les applications li\u00e9es \u00e0 l\u2019inscription en doctorat g\u00e9n\u00e8rent des&nbsp;<strong>e-mails automatiques<\/strong>. Par cons\u00e9quent vous avez l\u2019enti\u00e8re responsabilit\u00e9, soit de consulter r\u00e9guli\u00e8rement la messagerie de votre adresse @u-paris.fr (et\/ou l\u2019adresse que vous avez communiqu\u00e9e \u00e0 l\u2019administration pour votre dossier administratif), soit de rediriger celle-ci vers votre messagerie personnelle. Pensez \u00e9galement \u00e0&nbsp;<strong>v\u00e9rifier la bo\u00eete spams<\/strong><\/p>\n\n\n\n<p>En outre, pour \u00e9viter tout probl\u00e8me avec les applications en ligne, votre compte UPCit\u00e9 doit \u00eatre actif (pour&nbsp;<a href=\"https:\/\/u-paris.fr\/doctorat\/doctorat-ent-certificat-carte-etudiant\/\">activer le compte UPCit\u00e9 : voir notre page<\/a>)<\/p>\n\n\n\n<p>Pour toutes informations compl\u00e9mentaires : <a href=\"https:\/\/u-paris.fr\/doctorat\/reinscription-2eme-3eme-annee\/\">https:\/\/u-paris.fr\/doctorat\/reinscription-2eme-3eme-annee\/<\/a><\/p>\n\n\n\n<p>Pour se connecter , vous devez renseigner&nbsp;votre num\u00e9ro \u00e9tudiant et votre  date de naissance.<\/p>\n\n\n\n<p><em>Attention, suite \u00e0 la fusion, certains num\u00e9ros \u00e9tudiants ont \u00e9t\u00e9 modifi\u00e9s engendrant, \u00e9ventuellement, des difficult\u00e9s de connexion. La r\u00e8gle des num\u00e9ros \u00e9tudiants est la suivante&nbsp;:<\/em><\/p>\n\n\n\n<ul class=\"wp-block-list\">\n<li><em>Pour ceux s\u2019\u00e9tant inscrits la 1<sup>\u00e8re<\/sup>&nbsp;fois en 2019-2020 \u00e0 L&rsquo;universit\u00e9 Paris Descartes ou Paris Diderot, leur num\u00e9ro commencera par 219. <\/em><\/li>\n\n\n\n<li><em>Pour ceux s\u2019\u00e9tant inscrits avant 2019, leur num\u00e9ro change, le 1<sup>er<\/sup>&nbsp;chiffre est remplac\u00e9 par un 5 ou 7 en fonction de leur \u00e9tablissement \u00ab&nbsp;d\u2019origine&nbsp;\u00bb&nbsp;: 5 pour Paris Descartes et 7 pour Paris Diderot.&nbsp;<\/em><br><\/li>\n<\/ul>\n\n\n\n<p><\/p>\n\n\n\n<h3 class=\"wp-block-heading\">R\u00e9inscription d\u00e9rogatoire en 4\u00e8me ann\u00e9e  :<\/h3>\n\n\n\n<p><\/p>\n\n\n\n<p><\/p>\n\n\n\n<h5 class=\"wp-block-heading has-text-align-center has-vivid-red-color has-text-color\">Les dossiers de demande de d\u00e9rogation doivent imp\u00e9rativement \u00eatre transmis \u00e0 l&rsquo;\u00e9cole doctorale le 15\/12\/2025 au plus tard.<\/h5>\n\n\n\n<h4 class=\"wp-block-heading has-text-color\" style=\"color:#1586b6\">MODALITES DE RE-INSCRIPTIONS <\/h4>\n\n\n\n<p>Il convient de suivre la proc\u00e9dure telle qu&rsquo;indiqu\u00e9e sur le site du CED&nbsp;<a href=\"https:\/\/u-paris.fr\/doctorat\/reinscription-en-4eme-annee-plus\/\" target=\"_blank\" rel=\"noreferrer noopener\">https:\/\/u-paris.fr\/doctorat\/reinscription-en-4eme-annee-plus\/ps:\/\/doctorat.u-paris.fr\/<\/a><\/p>\n\n\n\n<p>Le formulaire de demande de d\u00e9rogation doit \u00eatre transmis\/d\u00e9pos\u00e9 \u00e0 l&rsquo;ED accompagn\u00e9 de : <\/p>\n\n\n\n<ul class=\"wp-block-list\">\n<li>d&rsquo;une lettre de motivation <\/li>\n\n\n\n<li>d&rsquo;un justificatif de financement (contrat initial et avenant pour cette 4\u00e8me ann\u00e9e) <\/li>\n\n\n\n<li>plan de th\u00e8se<\/li>\n\n\n\n<li>rapports de comit\u00e9 de suivi sign\u00e9 par les membres du comit\u00e9 et d\u00e9pos\u00e9 sur myEDB <\/li>\n\n\n\n<li>proposition de jury et date pr\u00e9visionnelle de soutenance<\/li>\n\n\n\n<li>Sommaire du manuscrit <\/li>\n<\/ul>\n\n\n\n<p><\/p>\n\n\n\n<p>Seuls les dossiers complets seront \u00e9tudi\u00e9s par la Direction de l&rsquo;EDITE.  <\/p>\n\n\n\n<p>Les demandes de d\u00e9rogations valid\u00e9es par la Direction de l&rsquo;EDITE seront adress\u00e9es directement par l&rsquo;\u00e9cole doctorale \u00e0 l\u2019<a href=\"mailto:inscription.doctorat.drive@u-paris.fr\">Equipe Inscriptions du CED<\/a><strong>\u00a0.\u00a0<\/strong>Au-del\u00e0, le.la doctorant.e sera consid\u00e9r\u00e9.e comme \u00e9tant en abandon de th\u00e8se. <strong><br>\u00a0<br>Rappel : Les doctorants r\u00e9guli\u00e8rement inscrits soutenant leur th\u00e8se avant le 31 d\u00e9cembre n\u2019ont pas besoin de se r\u00e9inscrire.<\/strong><\/p>\n\n\n\n<p>Lors des inscriptions via IAR\u00e9ins et pour toutes demandes, veuillez contacter le centre de contact par mail via le formulaire ci-apr\u00e8s : Formulaire de contact&nbsp;:&nbsp;<a rel=\"noreferrer noopener\" href=\"https:\/\/fr.u-paris.fr\/node\/9415\" target=\"_blank\">https:\/\/fr.u-paris.fr\/node\/9415<\/a><\/p>\n","protected":false},"excerpt":{"rendered":"<p>R\u00e9inscriptions en 2\u00e8me et 3\u00e8me ann\u00e9e : &#8230; jusqu&rsquo;au 15\/12\/2025 (midi) MODALITES DE RE-INSCRIPTIONS Vous recevrez un mail du bureau des inscriptions de l&rsquo;Universit\u00e9 Paris Cit\u00e9 vous dirigeant vers l&rsquo;application de r\u00e9inscriptions IAREINS. Aucune d\u00e9marche ne doit\/peut \u00eatre entreprise avant la r\u00e9ception de ce mail. Important&nbsp;: Les applications li\u00e9es \u00e0 l\u2019inscription en doctorat g\u00e9n\u00e8rent des&nbsp;e-mails [&hellip;]<\/p>\n","protected":false},"author":1,"featured_media":0,"parent":0,"menu_order":0,"comment_status":"closed","ping_status":"closed","template":"","meta":{"footnotes":""},"class_list":["post-827","page","type-page","status-publish","hentry"],"_links":{"self":[{"href":"https:\/\/edite-de-paris.fr\/index.php\/wp-json\/wp\/v2\/pages\/827","targetHints":{"allow":["GET"]}}],"collection":[{"href":"https:\/\/edite-de-paris.fr\/index.php\/wp-json\/wp\/v2\/pages"}],"about":[{"href":"https:\/\/edite-de-paris.fr\/index.php\/wp-json\/wp\/v2\/types\/page"}],"author":[{"embeddable":true,"href":"https:\/\/edite-de-paris.fr\/index.php\/wp-json\/wp\/v2\/users\/1"}],"replies":[{"embeddable":true,"href":"https:\/\/edite-de-paris.fr\/index.php\/wp-json\/wp\/v2\/comments?post=827"}],"version-history":[{"count":4,"href":"https:\/\/edite-de-paris.fr\/index.php\/wp-json\/wp\/v2\/pages\/827\/revisions"}],"predecessor-version":[{"id":4298,"href":"https:\/\/edite-de-paris.fr\/index.php\/wp-json\/wp\/v2\/pages\/827\/revisions\/4298"}],"wp:attachment":[{"href":"https:\/\/edite-de-paris.fr\/index.php\/wp-json\/wp\/v2\/media?parent=827"}],"curies":[{"name":"wp","href":"https:\/\/api.w.org\/{rel}","templated":true}]}}