{"id":90,"date":"2019-10-21T10:53:47","date_gmt":"2019-10-21T10:53:47","guid":{"rendered":"https:\/\/www.edite-de-paris.fr\/?page_id=90"},"modified":"2026-01-19T17:48:12","modified_gmt":"2026-01-19T16:48:12","slug":"partenaires","status":"publish","type":"page","link":"https:\/\/edite-de-paris.fr\/index.php\/partenaires\/","title":{"rendered":"Laboratoires membres de l&rsquo;EDITE"},"content":{"rendered":"\n<ul class=\"wp-block-list\">\n<li><a href=\"#eurecom\">EURECOM<\/a><\/li>\n\n\n\n<li><a href=\"#L2E\">GeePs<\/a><\/li>\n\n\n\n<li><a href=\"#ICM\">ICM<\/a><\/li>\n\n\n\n<li><a href=\"#INRIA\">INRIA Paris Centre<\/a>. Equipes: ALMANACH,DELYS,DYOGENE, KOPERNIC,MAMBA,MIMOVE,POLSYS, SECRET,WISPER<\/li>\n\n\n\n<li><a href=\"#ISIR\">ISIR<\/a><\/li>\n\n\n\n<li><a href=\"#IPAL\">IPAL<\/a><\/li>\n\n\n\n<li><a href=\"#LCQB\">LCQB<\/a><\/li>\n\n\n\n<li><a href=\"#LIB\">LIB<\/a><\/li>\n\n\n\n<li><a href=\"#LIP6\">LIP6<\/a><\/li>\n\n\n\n<li><a href=\"#LIPADE\">LIPADE<\/a><\/li>\n\n\n\n<li><a href=\"#LISITE\">LISITE<\/a><\/li>\n\n\n\n<li><a href=\"#LPEM\">LPEM<\/a><\/li>\n\n\n\n<li><a href=\"#LRDE\">LRE<\/a><\/li>\n\n\n\n<li><a href=\"#STMS\">STMS<\/a><\/li>\n\n\n\n<li><a href=\"#UMNISCO\">UMNISCO<\/a><\/li>\n<\/ul>\n\n\n\n<p id=\"eurecom\"><strong>EURECOM : Ecole d&rsquo;Ing\u00e9nieur et centre de recherche en sciences du num\u00e9rique<\/strong><\/p>\n\n\n\n<p>A Leading Teaching and Research in the fields of Information and Communication Technologies (ICT), EURECOM is a Graduate school and Research Centre in digital sciences located in the Sophia Antipolis technology park (French Riviera), a major European place for telecommunications activities.<\/p>\n\n\n\n<p>It was founded in 1991 in a consortium form [GIE] that allowed EURECOM to build a large network of renowned academic and industrial partners. The Institut Mines Telecom is a founding member of EURECOM consortium. EURECOM research teams are made up of international experts, recruited at the highest level, whose work is regularly honored and has earned international recognition.<\/p>\n\n\n\n<p><a href=\"https:\/\/www.eurecom.fr\/fr\/eurecom\/presentation\">En savoir plus<\/a><\/p>\n\n\n\n<h4 class=\"wp-block-heading\" id=\"L2E\">Geeps : Laboratoire de G\u00e9nie Electronique et Electronique de Paris<\/h4>\n\n\n\n<p>The laboratory is a joint unit of CNRS, CentraleSupelec, Paris-Saclay University and Sorbonne University. Created in 2015, it is the result of the merger of the LGEP (Laboratoire de G\u00e9nie Electrique de Paris, the original mixed unit) with part of the ex-Sup\u00e9lec host team and the L2E (Laboratoire d&rsquo;Electronique et d&rsquo;Electromagn\u00e9tisme) host team from Sorbonne University. It is located on the CentraleSup\u00e9lec campus of Paris-Saclay University in Gif-sur-Yvette and on the Pierre and Marie Curie campus of Sorbonne University in Paris.<\/p>\n\n\n\n<p>The research work carried out within the unit combines a triple approach: theory &#8211; numerical modelling &#8211; characterisation and experimental validation. They are divided into 3 poles that allow activities to be carried out on a continuum that extends from materials to systems, whether electronic or energy conversion. Two cross-disciplinary centres of expertise provide support. The first capitalises on the work related to the laboratory&rsquo;s historical competence in the numerical modelling of electromagnetic systems with an orientation towards multiphysical, coupled problems. The second brings together the laboratory&rsquo;s numerous experimental platforms with the primary objective of pooling skills in instrumentation and sharing know-how and resources.<\/p>\n\n\n\n<p><a href=\"https:\/\/www.geeps.centralesupelec.fr\">En savoir plus &#8230;<\/a><\/p>\n\n\n\n<h4 class=\"wp-block-heading\" id=\"ICM\">ICM : Institut du Cerveau et de la Moelle \u00e9pini\u00e8re<\/h4>\n\n\n\n<p>Paris Brain Institute is a leading scientific and medical research center dedicated to the study of the brain and the discovery of new treatments for diseases of the nervous system.<\/p>\n\n\n\n<p><a href=\"https:\/\/institutducerveau.org\">En savoir plus<\/a><\/p>\n\n\n\n<h4 class=\"wp-block-heading\" id=\"INRIA\">INRIA: Institut National de recherche en informatique et en automatique<\/h4>\n\n\n\n<p>Through research and innovation in digital, the dynamic and internationally-renowned Inria Paris centre is helping us to establish ourselves as a scientific and technological leader. Constantly in dialogue with our partners, universities and businesses, and operating within open and diverse ecosystems, our research activities are centred around scientific excellence and impact.<\/p>\n\n\n\n<p>The Inria Paris centre is fully committed to the development of Paris\u2019s three world-class research and innovation universities: Paris Sciences et Lettres (PSL), Sorbonne University (SU) and Paris Cit\u00e9 University.<\/p>\n\n\n\n<p><a href=\"https:\/\/www.inria.fr\/centre\/paris\">En savoir plus<\/a><\/p>\n\n\n\n<h4 class=\"wp-block-heading\" id=\"ISIR\">ISIR : <strong>Institut des Syst\u00e8mes Intelligents et de Robotique<\/strong><\/h4>\n\n\n\n<p>The advent of artificial intelligences and robots is inducing profound transformations in our societies. Isir researchers help to anticipate them by working on the autonomy of machines and their ability to interact with human beings.<\/p>\n\n\n\n<p>Gathered in multidisciplinary teams, they create drones, micro-tweezers, bionic prostheses, social robots, surgical arms and all kinds of intelligent and interactive systems, physical, virtual or mixed reality. Their applications address major societal challenges: health, industry of the future, transport, personal services.<\/p>\n\n\n\n<p><a href=\"http:\/\/www.isir.upmc.fr\/\">En savoir plus<\/a><\/p>\n\n\n\n<p><strong>LCBQ : Laboratory of Computational and Quantitative Biology<\/strong><\/p>\n\n\n\n<p>The Laboratory of Computational and Quantitative Biology (LCQB), is an interdisciplinary laboratory working at the interface between biology and quantitative sciences. It is built to promote a balanced interaction of theoretical and experimental approaches in biology and to foster the definition of new experimental questions, data analysis and modeling of biological phenomena. Our projects address questions on biological structures and processes through the gathering of experimental measures, the in silico generation of new biological data that remain inaccessible to experiments today (modeling of biological systems), the development of statistical methods for data analysis, and the conception of original algorithms aimed to predictions. The lab is supported by the CNRS and Sorbonne Universit\u00e9.<\/p>\n\n\n\n<p><a href=\"http:\/\/www.lcqb.upmc.fr\">En savoir plus&#8230;<\/a><\/p>\n\n\n\n<h4 class=\"wp-block-heading\" id=\"L2E\"><\/h4>\n\n\n\n<h4 class=\"wp-block-heading\" id=\"LRDE\">LRE : Laboratoire de Recherche de l&rsquo;EPITA<\/h4>\n\n\n\n<p>Le LRE est constitu\u00e9 d&rsquo;une quinzaine de permanents r\u00e9partis dans deux<br>\u00e9quipes : \u00ab\u00a0traitement d&rsquo;images\u00a0\u00bb et \u00ab\u00a0automates et v\u00e9rification\u00a0\u00bb, avec<br>un th\u00e8me transverse \u00ab\u00a0performance et g\u00e9n\u00e9ricit\u00e9\u00a0\u00bb. &nbsp;Pour la premi\u00e8re<br>\u00e9quipe, les domaines d&rsquo;expertise sont la morphologie math\u00e9matique, le<br>traitement d&rsquo;images de documents et d&rsquo;images m\u00e9dicales (en particulier<br>avec de l&rsquo;apprentissage profond), ainsi que le g\u00e9nie logiciel. &nbsp;Pour<br>la seconde \u00e9quipe, les sujets tournent autour de l\u2019utilisation<br>d\u2019\u03c9-automates en v\u00e9rification formelle, dont la r\u00e9duction de la taille<br>de l\u2019espace d\u2019\u00e9tats, et l&rsquo;optimisation d&rsquo;algorithmes. &nbsp;Deux<br>plates-formes, en logiciel libre, sont d\u00e9velopp\u00e9es et maintenues au<br>sein des deux \u00e9quipes.<\/p>\n\n\n\n<p>En savoir plus<a href=\"https:\/\/www.lre.epita.fr\">&nbsp;https:\/\/www.lre.epita.fr<\/a><\/p>\n\n\n\n<h4 class=\"wp-block-heading\" id=\"LIB\">LIB : &nbsp;Laboratoire&nbsp;d&rsquo;Imagerie Biom\u00e9dicale&nbsp; <\/h4>\n\n\n\n<p>The Biomedical Imaging Laboratory (LIB) develops novel biomedical imaging methods and technology to improve diagnostic and therapeutic strategies.&nbsp;<\/p>\n\n\n\n<p>In a multidisciplinary environment, closely linked with preclinical and clinical imaging platforms, our engineers, academic and clinical researchers work at the interface between biomedical engineering, the modelling of complex systems and expert medical knowledge of the pathophysiological mechanisms we target to ensure the transfer of fundamental research toward improved clinical management.<\/p>\n\n\n\n<p><a href=\"https:\/\/www.lib.upmc.fr\">En savoir plus &#8230;<\/a><\/p>\n\n\n\n<h4 class=\"wp-block-heading\" id=\"LIP6\">LIP6 : Laboratoire de recherche en informatique<\/h4>\n\n\n\n<p>LIP6, a joint research unit (UMR 7606) of Sorbonne University (SU) and the National Centre for Scientific Research (CNRS), is a computer science research laboratory with an averaging 450 members, including over 170 permanent researchers. Its research activities are carried out by eighteen teams across four transversal research axes:<\/p>\n\n\n\n<p>-Artificial intelligence and data science<br>-Architecture, Systems, and Network<br>-Safety, security and reliability<br>-Theory and mathematics of computing<\/p>\n\n\n\n<p>From electronics to AI, quantum information, IT security, computer algebra and systems\/networks, our lab covers nearly all areas of computer science. Precisely, it is dedicated to modeling and solving fundamental, application-driven problems, as well as implementing and validating solutions through academic and industrial partnerships.<\/p>\n\n\n\n<p><a href=\"https:\/\/www.lip6.fr\">En savoir plus&#8230;.<\/a><\/p>\n\n\n\n<h4 class=\"wp-block-heading\" id=\"LISITE\">LISITE : Laboratoire d\u2019Informatique, Signal,&nbsp; Image, T\u00e9l\u00e9communication et \u00c9lectronique<\/h4>\n\n\n\n<p>Research at Isep is organized around the LISITE Computer Science, Signal and Image, Electronics and Telecommunications Laboratory.<\/p>\n\n\n\n<p>This includes some 50 researchers, teacher-researchers, doctoral and post-doctoral students. It also includes researchers who have been habilitated to direct research (HDR) and professors recognized by the FESIC.<\/p>\n\n\n\n<p>LISITE is made up of the DaSSIP group, which brings together skills in image, signal, data and computer processing, and the ECoS group, which brings together skills in electronics and communication systems.<\/p>\n\n\n\n<p>These two groups interact within the framework of multi-disciplinary and collaborative projects in 4 areas of research: Digital for environmental health ; Massive and heterogeneous data processing in distributed systems; Integrated circuits, embedded systems and connected objects; Cybersecurity and data protection.<\/p>\n\n\n\n<p><a href=\"https:\/\/www.isep.fr\/la-recherche\/\">En savoir plus &#8230;<\/a><\/p>\n\n\n\n<h4 class=\"wp-block-heading\" id=\"LIPADE\">LIPADE : <strong>Laboratoire d\u2019Informatique Paris Descartes<\/strong><\/h4>\n\n\n\n<p>The computer science department, Laboratory of Informatics Paris Descartes (LIPADE) belongs to the Faculty of Mathematics and Computer Science. With its more than 60 members, LIPADE forms a vibrant and international research environment. It is carrying out theoretical and applied research in the areas of intelligent agents and multi-agent systems, machine learning, computer vision and image processing, networks, databases and data analytics. Its members are actively participating in European and French research projects, as well as in collaborations with the industry.<\/p>\n\n\n\n<p><a href=\"http:\/\/lipade.mi.parisdescartes.fr\/\">En savoir plus &#8230;.<\/a><\/p>\n\n\n\n<h4 class=\"wp-block-heading\" id=\"LPEM\">LPEM : Laboratoire de Physique et d&rsquo;Etude des Mat\u00e9riaux<\/h4>\n\n\n\n<p>The Laboratory of Physics and Material studies (LPEM) is a joint research unit (UMR 8213) at ESPCI, CNRS and UPMC. His main research topics are:<br>\u2013 Nanophysics, Nanostructures and Nanomaterials,<br>\u2013 Strongly correlated and low dimensionality electronic systems,<br>\u2013 Technical instrumentalles.<\/p>\n\n\n\n<p><a href=\"https:\/\/www.lpem.espci.fr\/\">En savoir plus &#8230;<\/a><\/p>\n\n\n\n<h4 class=\"wp-block-heading\" id=\"STMS\">STMS: Sciences et technologies de la musique et du son <\/h4>\n\n\n\n<p>The laboratory STMS is a joint research unit which brings together staff from the CNRS, Sorbonne University, the French Ministry of Culture, and IRCAM. Our work focuses on a vast but clearly identified field: music and organized sound in a unique context where contemporary creation meets scientific and technological research. The laboratory participates in the renewal of musical expression through the contributions of computer science, acoustics, signal processing, cognitive sciences, and musicology. Conversely, specific problems posed by contemporary creation give rise to original scientific advances, be they theoretical, methodological, or practical, the scope of which goes far beyond the musical field.<\/p>\n\n\n\n<p><a href=\"https:\/\/www.stms-lab.fr\/\">En savoir plus<\/a><\/p>\n\n\n\n<h4 class=\"wp-block-heading\" id=\"UMNISCO\">UMNISCO : Unit\u00e9 Mixte Internationale de Mod\u00e9lisation Math\u00e9matique et Informatique des Syst\u00e8mes Complexes<\/h4>\n\n\n\n<p>L&rsquo;Unit\u00e9 de Mod\u00e9lisation Math\u00e9matique et Informatique des Syst\u00e8mes Complexes (UMMISCO) est une Unit\u00e9 Mixte Internationale plac\u00e9e sous la tutelle de 7 organismes universitaires en France, au Maroc, au S\u00e9n\u00e9gal, au Cameroun et au Vietnam. Historiquement, elle est issue d\u2019une collaboration entre l\u2019UR IRD Geodes, cr\u00e9\u00e9e en 2000, et le LMDP (Maroc). Ces \u00e9changes se sont \u00e9largis par la cr\u00e9ation en 2003 du r\u00e9seau MAT impliquant l\u2019Universit\u00e9 de Yaound\u00e9 I (Cameroun) et l&rsquo;Universit\u00e9 Cheikh Anta Diop (UCAD, S\u00e9n\u00e9gal). L\u2019Universit\u00e9 Gaston BERGER (UGB, S\u00e9n\u00e9gal) et l\u2019Institut Francophone d\u2019Informatique (Vietnam) ont rejoint l\u2019unit\u00e9 en 2009, avant l\u2019Universit\u00e9 des Sciences et Technologies de Hano\u00ef (USTH, Vietnam) en 2014. UMMISCO affichait en janvier 2018 un effectif de 76 membres. Faisant le constat que beaucoup de questions li\u00e9es au d\u00e9veloppement durable n\u00e9cessitent d\u2019int\u00e9grer de multiples savoirs, points de vue et \u00e9chelles d\u2019observation sur le monde r\u00e9el, et que les dynamiques globales des syst\u00e8mes concern\u00e9s sont le fruit d\u2019interactions complexes entre leurs composantes abiotiques, biologiques, \u00e9cologiques et sociales, les th\u00e9matiques scientifiques d\u2019UMMISCO sont d\u00e9di\u00e9es \u00e0 la conception d\u2019approches et d\u2019outils de mod\u00e9lisation math\u00e9matique et informatique qui permettent de mieux appr\u00e9hender et comprendre les dynamiques \u00e9mergentes des \u00ab\u00a0syst\u00e8mes complexes\u00a0\u00bb, de dessiner leurs sc\u00e9narios d\u2019\u00e9volution les plus probables, et d&rsquo;alimenter, in fine, la prise de d\u00e9cision en mati\u00e8re de d\u00e9veloppement durable.<\/p>\n\n\n\n<p><a href=\"https:\/\/www.ummisco.fr\/?page_id=521\">En savoir plus &#8230;<\/a><\/p>\n","protected":false},"excerpt":{"rendered":"<p>EURECOM : Ecole d&rsquo;Ing\u00e9nieur et centre de recherche en sciences du num\u00e9rique A Leading Teaching and Research in the fields of Information and Communication Technologies (ICT), EURECOM is a Graduate school and Research Centre in digital sciences located in the Sophia Antipolis technology park (French Riviera), a major European place for telecommunications activities. It was [&hellip;]<\/p>\n","protected":false},"author":1,"featured_media":0,"parent":0,"menu_order":0,"comment_status":"closed","ping_status":"closed","template":"","meta":{"footnotes":""},"class_list":["post-90","page","type-page","status-publish","hentry"],"_links":{"self":[{"href":"https:\/\/edite-de-paris.fr\/index.php\/wp-json\/wp\/v2\/pages\/90","targetHints":{"allow":["GET"]}}],"collection":[{"href":"https:\/\/edite-de-paris.fr\/index.php\/wp-json\/wp\/v2\/pages"}],"about":[{"href":"https:\/\/edite-de-paris.fr\/index.php\/wp-json\/wp\/v2\/types\/page"}],"author":[{"embeddable":true,"href":"https:\/\/edite-de-paris.fr\/index.php\/wp-json\/wp\/v2\/users\/1"}],"replies":[{"embeddable":true,"href":"https:\/\/edite-de-paris.fr\/index.php\/wp-json\/wp\/v2\/comments?post=90"}],"version-history":[{"count":25,"href":"https:\/\/edite-de-paris.fr\/index.php\/wp-json\/wp\/v2\/pages\/90\/revisions"}],"predecessor-version":[{"id":4159,"href":"https:\/\/edite-de-paris.fr\/index.php\/wp-json\/wp\/v2\/pages\/90\/revisions\/4159"}],"wp:attachment":[{"href":"https:\/\/edite-de-paris.fr\/index.php\/wp-json\/wp\/v2\/media?parent=90"}],"curies":[{"name":"wp","href":"https:\/\/api.w.org\/{rel}","templated":true}]}}