{"id":94,"date":"2019-10-21T11:10:44","date_gmt":"2019-10-21T11:10:44","guid":{"rendered":"https:\/\/www.edite-de-paris.fr\/?page_id=94"},"modified":"2026-01-17T13:01:49","modified_gmt":"2026-01-17T12:01:49","slug":"secretariat","status":"publish","type":"page","link":"https:\/\/edite-de-paris.fr\/index.php\/secretariat\/","title":{"rendered":"Contacts"},"content":{"rendered":"\n<p><strong>Pour tout sujet concernant le Plan Individuel de Formation (PIF) \u00a0:<\/strong>\u00a0<a href=\"mailto:formation@edite-de-paris.fr\" target=\"_blank\" rel=\"noreferrer noopener\"><em>formation@edite-de-paris.fr<\/em><\/a><\/p>\n\n\n\n<p><strong>Pour tout sujet concernant le <strong>Comit\u00e9 de Suivi Individuel<\/strong> (CSI) \u00a0:<\/strong>\u00a0<a href=\"mailto:csi@edite-de-paris.fr\" target=\"_blank\" rel=\"noreferrer noopener\"><em>csi@edite-de-paris.fr<\/em><\/a><\/p>\n\n\n\n<h4 class=\"wp-block-heading\">Pour les laboratoires LIP6, ISIR, GeePs, CQSB, LIB, L2E, IDV, IMPMC :<\/h4>\n\n\n\n<ul class=\"wp-block-list\">\n<li><strong>Gestionnaire<\/strong> : Mme Samiha TABA-Kennouche<\/li>\n\n\n\n<li><strong><strong>email<\/strong><\/strong>&nbsp;:&nbsp;<a href=\"mailto:samiha.taba@sorbonne-universite.fr\"><\/a><em><a href=\"mailto:accueil1@edite-de-paris.fr\" target=\"_blank\" rel=\"noreferrer noopener\">accueil1@edite-de-paris.fr<\/a><\/em><\/li>\n\n\n\n<li><strong>T\u00e9l\u00e9phone<\/strong>&nbsp;: 01 44 27 53 93<\/li>\n\n\n\n<li><strong>Bureau<\/strong> : Campus Jussieu Tour 24-25<\/li>\n\n\n\n<li><strong>Accueil <\/strong>: mardi, mercredi de 10h \u00e0 12h et de 14h \u00e0 15h15<\/li>\n\n\n\n<li><strong>T\u00e9l\u00e9travail<\/strong> : Lundi, Jeudi, Vendredi <\/li>\n\n\n\n<li><strong>Adresse postale<\/strong> :   Sorbonne Universit\u00e9<br>\u00c9cole doctorale EDITE (ED130)<br>Campus Pierre et Marie Curie<br>Tour 24-25 bureau 213<br>Case courrier 168<br>4, place Jussieu<br>75252 Paris Cedex 05<br>France<\/li>\n<\/ul>\n\n\n\n<h4 class=\"wp-block-heading\">Pour les laboratoires LIPADE, G5, Centre Borelli, LPEM, ICM, IPAL, UMMISCO, INRIA Paris,  LISITE, LRE, MIRCen, EURECOM, STMS, INSERM, Institut Curie, LPNHE :<\/h4>\n\n\n\n<ul class=\"wp-block-list\">\n<li><strong>Gestionnaire<\/strong>s : M Kelian Maison<\/li>\n\n\n\n<li><strong><strong>email<\/strong><\/strong>&nbsp;:&nbsp;<em><a href=\"mailto:accueil2@edite-de-paris.fr\" target=\"_blank\" rel=\"noreferrer noopener\">accueil2@edite-de-paris.fr<\/a><\/em><\/li>\n\n\n\n<li><strong>T\u00e9l\u00e9phone<\/strong>&nbsp;: 01 44 27 81 00<\/li>\n\n\n\n<li><strong>Bureau<\/strong> : Campus Jussieu Tour 24-25<\/li>\n\n\n\n<li><strong>Accueil <\/strong>: Lundi, Mercredi, Jeudi de 10h \u00e0 12h et de 14h \u00e0 16h<\/li>\n\n\n\n<li><strong>T\u00e9l\u00e9travail<\/strong> : Mardi et Vendredi <\/li>\n\n\n\n<li><strong>Adresse postale<\/strong> :   Sorbonne Universit\u00e9<br>\u00c9cole doctorale EDITE (ED130)<br>Campus Pierre et Marie Curie<br>Tour 24-25 bureau 210<br>Case courrier 168<br>4, place Jussieu<br>75252 Paris Cedex 05<br>France<\/li>\n<\/ul>\n\n\n\n<h2 class=\"wp-block-heading\">Contacts \u00e9tablissements :<\/h2>\n\n\n\n<h4 class=\"wp-block-heading\">Universit\u00e9 de Paris<\/h4>\n\n\n\n<ul class=\"wp-block-list\">\n<li><strong>Gestionnaire<\/strong>: Madame Aur\u00e9lie PICQUET-RICHARD <\/li>\n\n\n\n<li><strong>Courriel<\/strong>&nbsp;:&nbsp;aurelie.richard@parisdescartes.fr<\/li>\n\n\n\n<li><strong>T\u00e9l\u00e9phone<\/strong>: 01 76 53 02 41<\/li>\n\n\n\n<li><strong>Adresse postale<\/strong>:   Secr\u00e9tariat du Laboratoire d&rsquo;Informatique Paris Descartes<br>(LIPADE)<br>UFR Math\u00e9matiques et Informatique<br>Bureau 700-0 (7\u00e8me \u00e9tage)<br>45, rue des Saints-P\u00e8res<br>75006 Paris<\/li>\n<\/ul>\n\n\n\n<h4 class=\"wp-block-heading\">INRIA Paris centre<\/h4>\n\n\n\n<ul class=\"wp-block-list\">\n<li><strong>Gestionnaire<\/strong>:  Mme  Bertrand-Kalkofen C\u00e9cile <\/li>\n\n\n\n<li><strong>Courriel<\/strong>&nbsp;: Cecile.Bertrand-Kalkofen@inria.fr<\/li>\n\n\n\n<li><strong>T\u00e9l\u00e9phone<\/strong>: 01 39 63 55 03<\/li>\n\n\n\n<li><strong>Adresse postale<\/strong>: Centre de recherche INRIA de Paris<br>2 Rue Simone IFF<br>75012 Paris<\/li>\n<\/ul>\n\n\n\n<h4 class=\"wp-block-heading\">IRCAM<\/h4>\n\n\n\n<ul class=\"wp-block-list\">\n<li><strong>Gestionnaire<\/strong>: Mme Viktoriya USCUMLIC<\/li>\n\n\n\n<li><strong>Courriel<\/strong>&nbsp;:victoria.uscumlic@ircam.fr<\/li>\n\n\n\n<li><strong>T\u00e9l\u00e9phone<\/strong>: 01 44 78 42 53 <\/li>\n\n\n\n<li><strong>Adresse postale<\/strong>: Direction p\u00e9dagogique<br>1, place Igor Stravinski<br>75004 Paris<\/li>\n<\/ul>\n\n\n\n<h4 class=\"wp-block-heading\">ISEP<\/h4>\n\n\n\n<ul class=\"wp-block-list\">\n<li><strong>Gestionnaire<\/strong>: Mme Martine BRUNELLE<\/li>\n\n\n\n<li><strong>Courriel<\/strong><a href=\"mailto:bahareh.ghanadzadeh-yazdi@isep.fr\"> <\/a>: <a href=\"mailto:martine.brunelle@isep.fr\">martine.brunelle@isep.fr<\/a><\/li>\n\n\n\n<li><strong>T\u00e9l\u00e9phone<\/strong>: 01 49 54 52 03 &#8211; 01 49 54 52 84<\/li>\n\n\n\n<li><strong>Adresse postale<\/strong>: ISEP<br>28 Rue Notre Dame des Champs<br>75006 Paris<\/li>\n<\/ul>\n\n\n\n<h4 class=\"wp-block-heading\">EURECOM <\/h4>\n\n\n\n<ul class=\"wp-block-list\">\n<li><strong>Gestionnaire<\/strong>: Mme Sophie SALMON<\/li>\n\n\n\n<li><strong>Courriel<\/strong>&nbsp;:  admin.doctorants@eurecom.fr; <\/li>\n\n\n\n<li><strong>T\u00e9l\u00e9phone<\/strong>:  04 93 00 81 16<\/li>\n\n\n\n<li><strong>Adresse postale<\/strong>:   Campus SophiaTech&nbsp;&#8211; 450 route des Chappes &#8211;&nbsp; 06410 Biot Sophia Antipolis \/  CS&nbsp;<a href=\"callto:50193 - 06904\">50193 &#8211; 06904<\/a>&nbsp;SOPHIA ANTIPOLIS CEDEX <\/li>\n<\/ul>\n\n\n\n<p><\/p>\n\n\n\n<p><\/p>\n","protected":false},"excerpt":{"rendered":"<p>Pour tout sujet concernant le Plan Individuel de Formation (PIF) \u00a0:\u00a0formation@edite-de-paris.fr Pour tout sujet concernant le Comit\u00e9 de Suivi Individuel (CSI) \u00a0:\u00a0csi@edite-de-paris.fr Pour les laboratoires LIP6, ISIR, GeePs, CQSB, LIB, L2E, IDV, IMPMC : Pour les laboratoires LIPADE, G5, Centre Borelli, LPEM, ICM, IPAL, UMMISCO, INRIA Paris, LISITE, LRE, MIRCen, EURECOM, STMS, INSERM, Institut Curie, [&hellip;]<\/p>\n","protected":false},"author":1,"featured_media":0,"parent":0,"menu_order":0,"comment_status":"closed","ping_status":"closed","template":"","meta":{"footnotes":""},"class_list":["post-94","page","type-page","status-publish","hentry"],"_links":{"self":[{"href":"https:\/\/edite-de-paris.fr\/index.php\/wp-json\/wp\/v2\/pages\/94","targetHints":{"allow":["GET"]}}],"collection":[{"href":"https:\/\/edite-de-paris.fr\/index.php\/wp-json\/wp\/v2\/pages"}],"about":[{"href":"https:\/\/edite-de-paris.fr\/index.php\/wp-json\/wp\/v2\/types\/page"}],"author":[{"embeddable":true,"href":"https:\/\/edite-de-paris.fr\/index.php\/wp-json\/wp\/v2\/users\/1"}],"replies":[{"embeddable":true,"href":"https:\/\/edite-de-paris.fr\/index.php\/wp-json\/wp\/v2\/comments?post=94"}],"version-history":[{"count":7,"href":"https:\/\/edite-de-paris.fr\/index.php\/wp-json\/wp\/v2\/pages\/94\/revisions"}],"predecessor-version":[{"id":4040,"href":"https:\/\/edite-de-paris.fr\/index.php\/wp-json\/wp\/v2\/pages\/94\/revisions\/4040"}],"wp:attachment":[{"href":"https:\/\/edite-de-paris.fr\/index.php\/wp-json\/wp\/v2\/media?parent=94"}],"curies":[{"name":"wp","href":"https:\/\/api.w.org\/{rel}","templated":true}]}}